{"id":903,"date":"2021-09-08T11:33:16","date_gmt":"2021-09-08T08:33:16","guid":{"rendered":"http:\/\/sport.joelahtme.ee\/?page_id=903"},"modified":"2021-09-08T11:33:16","modified_gmt":"2021-09-08T08:33:16","slug":"loo-kultuurikeskuse-saalid","status":"publish","type":"page","link":"https:\/\/sport.joelahtme.ee\/?page_id=903","title":{"rendered":"Loo Kultuurikeskuse saalid"},"content":{"rendered":"<p><a href=\"http:\/\/sport.joelahtme.ee\/wp-content\/uploads\/2021\/09\/loosaal1.jpg\"><img loading=\"lazy\" decoding=\"async\" class=\"aligncenter size-full wp-image-899\" src=\"http:\/\/sport.joelahtme.ee\/wp-content\/uploads\/2021\/09\/loosaal1.jpg\" alt=\"\" width=\"700\" height=\"469\" srcset=\"https:\/\/sport.joelahtme.ee\/wp-content\/uploads\/2021\/09\/loosaal1.jpg 700w, https:\/\/sport.joelahtme.ee\/wp-content\/uploads\/2021\/09\/loosaal1-300x201.jpg 300w, https:\/\/sport.joelahtme.ee\/wp-content\/uploads\/2021\/09\/loosaal1-600x402.jpg 600w, https:\/\/sport.joelahtme.ee\/wp-content\/uploads\/2021\/09\/loosaal1-400x268.jpg 400w\" sizes=\"auto, (max-width: 700px) 100vw, 700px\" \/><\/a><\/p>\n<p>Loo Kultuurikeskuse A-saal<\/p>\n<p>Aadress: Kuusiku tee 1a, Loo alevik, J\u00f5el\u00e4htme vald, Harjumaa 74201<\/p>\n<p>Telefon: 6080557<\/p>\n<p>E-mail: <a href=\"mailto:lookultuurikeskus@joelahtmekultuur.ee\">lookultuurikeskus@joelahtmekultuur.ee<\/a><\/p>\n<p><a href=\"http:\/\/sport.joelahtme.ee\/wp-content\/uploads\/2021\/09\/Loo-Kultuurikeskus-vaike-saal.jpg\"><img loading=\"lazy\" decoding=\"async\" class=\"aligncenter size-full wp-image-898\" src=\"http:\/\/sport.joelahtme.ee\/wp-content\/uploads\/2021\/09\/Loo-Kultuurikeskus-vaike-saal.jpg\" alt=\"\" width=\"960\" height=\"630\" srcset=\"https:\/\/sport.joelahtme.ee\/wp-content\/uploads\/2021\/09\/Loo-Kultuurikeskus-vaike-saal.jpg 960w, https:\/\/sport.joelahtme.ee\/wp-content\/uploads\/2021\/09\/Loo-Kultuurikeskus-vaike-saal-300x197.jpg 300w, https:\/\/sport.joelahtme.ee\/wp-content\/uploads\/2021\/09\/Loo-Kultuurikeskus-vaike-saal-768x504.jpg 768w, https:\/\/sport.joelahtme.ee\/wp-content\/uploads\/2021\/09\/Loo-Kultuurikeskus-vaike-saal-825x541.jpg 825w, https:\/\/sport.joelahtme.ee\/wp-content\/uploads\/2021\/09\/Loo-Kultuurikeskus-vaike-saal-600x394.jpg 600w, https:\/\/sport.joelahtme.ee\/wp-content\/uploads\/2021\/09\/Loo-Kultuurikeskus-vaike-saal-400x263.jpg 400w\" sizes=\"auto, (max-width: 960px) 100vw, 960px\" \/><\/a><\/p>\n<p>Loo Kultuurikeskuse v\u00e4ike saal<\/p>\n<p>Aadress: Saha tee 11, Loo alevik, J\u00f5el\u00e4htme vald, Harjumaa 74201<\/p>\n<p>Telefon: 6080557<\/p>\n<p>E-mail: <a href=\"mailto:lookultuurikeskus@joelahtmekultuur.ee\">lookultuurikeskus@joelahtmekultuur.ee<\/a><\/p>\n","protected":false},"excerpt":{"rendered":"<p>Loo Kultuurikeskuse A-saal Aadress: Kuusiku tee 1a, Loo alevik, J\u00f5el\u00e4htme vald, Harjumaa 74201 Telefon: 6080557 E-mail: lookultuurikeskus@joelahtmekultuur.ee Loo Kultuurikeskuse v\u00e4ike saal Aadress: Saha tee 11, Loo alevik, J\u00f5el\u00e4htme vald, Harjumaa&hellip;<a href=\"https:\/\/sport.joelahtme.ee\/?page_id=903\" class=\"more-link\"><span class=\"more-button\">Vaata&#8230;<span class=\"screen-reader-text\">Loo Kultuurikeskuse saalid<\/span><\/span><\/a><\/p>\n","protected":false},"author":1,"featured_media":0,"parent":11,"menu_order":0,"comment_status":"closed","ping_status":"closed","template":"","meta":{"footnotes":""},"class_list":["post-903","page","type-page","status-publish","hentry"],"_links":{"self":[{"href":"https:\/\/sport.joelahtme.ee\/index.php?rest_route=\/wp\/v2\/pages\/903","targetHints":{"allow":["GET"]}}],"collection":[{"href":"https:\/\/sport.joelahtme.ee\/index.php?rest_route=\/wp\/v2\/pages"}],"about":[{"href":"https:\/\/sport.joelahtme.ee\/index.php?rest_route=\/wp\/v2\/types\/page"}],"author":[{"embeddable":true,"href":"https:\/\/sport.joelahtme.ee\/index.php?rest_route=\/wp\/v2\/users\/1"}],"replies":[{"embeddable":true,"href":"https:\/\/sport.joelahtme.ee\/index.php?rest_route=%2Fwp%2Fv2%2Fcomments&post=903"}],"version-history":[{"count":1,"href":"https:\/\/sport.joelahtme.ee\/index.php?rest_route=\/wp\/v2\/pages\/903\/revisions"}],"predecessor-version":[{"id":904,"href":"https:\/\/sport.joelahtme.ee\/index.php?rest_route=\/wp\/v2\/pages\/903\/revisions\/904"}],"up":[{"embeddable":true,"href":"https:\/\/sport.joelahtme.ee\/index.php?rest_route=\/wp\/v2\/pages\/11"}],"wp:attachment":[{"href":"https:\/\/sport.joelahtme.ee\/index.php?rest_route=%2Fwp%2Fv2%2Fmedia&parent=903"}],"curies":[{"name":"wp","href":"https:\/\/api.w.org\/{rel}","templated":true}]}}