{"id":890,"date":"2021-09-02T16:03:18","date_gmt":"2021-09-02T13:03:18","guid":{"rendered":"http:\/\/sport.joelahtme.ee\/?page_id=890"},"modified":"2021-09-08T11:30:41","modified_gmt":"2021-09-08T08:30:41","slug":"neeme-lasteaed-mudila-saal","status":"publish","type":"page","link":"https:\/\/sport.joelahtme.ee\/?page_id=890","title":{"rendered":"Lasteaed Neeme Mudila saal"},"content":{"rendered":"<p><a href=\"http:\/\/sport.joelahtme.ee\/wp-content\/uploads\/2021\/09\/Neeme_Mudila_Lasteaed.jpg\"><img loading=\"lazy\" decoding=\"async\" class=\"aligncenter size-large wp-image-900\" src=\"http:\/\/sport.joelahtme.ee\/wp-content\/uploads\/2021\/09\/Neeme_Mudila_Lasteaed-1024x768.jpg\" alt=\"\" width=\"1024\" height=\"768\" srcset=\"https:\/\/sport.joelahtme.ee\/wp-content\/uploads\/2021\/09\/Neeme_Mudila_Lasteaed-1024x768.jpg 1024w, https:\/\/sport.joelahtme.ee\/wp-content\/uploads\/2021\/09\/Neeme_Mudila_Lasteaed-300x225.jpg 300w, https:\/\/sport.joelahtme.ee\/wp-content\/uploads\/2021\/09\/Neeme_Mudila_Lasteaed-768x576.jpg 768w, https:\/\/sport.joelahtme.ee\/wp-content\/uploads\/2021\/09\/Neeme_Mudila_Lasteaed-825x620.jpg 825w, https:\/\/sport.joelahtme.ee\/wp-content\/uploads\/2021\/09\/Neeme_Mudila_Lasteaed-600x450.jpg 600w, https:\/\/sport.joelahtme.ee\/wp-content\/uploads\/2021\/09\/Neeme_Mudila_Lasteaed-400x300.jpg 400w, https:\/\/sport.joelahtme.ee\/wp-content\/uploads\/2021\/09\/Neeme_Mudila_Lasteaed.jpg 1200w\" sizes=\"auto, (max-width: 1024px) 100vw, 1024px\" \/><\/a><\/p>\n<p>Lasteaed Neeme Mudila saal<\/p>\n<p>Aadress: M\u00e4nnim\u00e4e tee 10, Neeme k\u00fcla, J\u00f5el\u00e4htme vald, Harjumaa 74226<\/p>\n<p>Telefon: 6083747<\/p>\n<p>E-mail: <a href=\"mailto:pille.ellip@gmail.com\">pille.ellip@gmail.com<\/a><\/p>\n","protected":false},"excerpt":{"rendered":"<p>Lasteaed Neeme Mudila saal Aadress: M\u00e4nnim\u00e4e tee 10, Neeme k\u00fcla, J\u00f5el\u00e4htme vald, Harjumaa 74226 Telefon: 6083747 E-mail: pille.ellip@gmail.com<\/p>\n","protected":false},"author":1,"featured_media":0,"parent":11,"menu_order":0,"comment_status":"closed","ping_status":"closed","template":"","meta":{"footnotes":""},"class_list":["post-890","page","type-page","status-publish","hentry"],"_links":{"self":[{"href":"https:\/\/sport.joelahtme.ee\/index.php?rest_route=\/wp\/v2\/pages\/890","targetHints":{"allow":["GET"]}}],"collection":[{"href":"https:\/\/sport.joelahtme.ee\/index.php?rest_route=\/wp\/v2\/pages"}],"about":[{"href":"https:\/\/sport.joelahtme.ee\/index.php?rest_route=\/wp\/v2\/types\/page"}],"author":[{"embeddable":true,"href":"https:\/\/sport.joelahtme.ee\/index.php?rest_route=\/wp\/v2\/users\/1"}],"replies":[{"embeddable":true,"href":"https:\/\/sport.joelahtme.ee\/index.php?rest_route=%2Fwp%2Fv2%2Fcomments&post=890"}],"version-history":[{"count":2,"href":"https:\/\/sport.joelahtme.ee\/index.php?rest_route=\/wp\/v2\/pages\/890\/revisions"}],"predecessor-version":[{"id":902,"href":"https:\/\/sport.joelahtme.ee\/index.php?rest_route=\/wp\/v2\/pages\/890\/revisions\/902"}],"up":[{"embeddable":true,"href":"https:\/\/sport.joelahtme.ee\/index.php?rest_route=\/wp\/v2\/pages\/11"}],"wp:attachment":[{"href":"https:\/\/sport.joelahtme.ee\/index.php?rest_route=%2Fwp%2Fv2%2Fmedia&parent=890"}],"curies":[{"name":"wp","href":"https:\/\/api.w.org\/{rel}","templated":true}]}}