{"id":888,"date":"2021-09-02T16:02:53","date_gmt":"2021-09-02T13:02:53","guid":{"rendered":"http:\/\/sport.joelahtme.ee\/?page_id=888"},"modified":"2021-11-12T10:01:22","modified_gmt":"2021-11-12T08:01:22","slug":"kostivere-lasteaia-saal","status":"publish","type":"page","link":"https:\/\/sport.joelahtme.ee\/?page_id=888","title":{"rendered":"Kostivere Lasteaia saal"},"content":{"rendered":"<p><a href=\"http:\/\/sport.joelahtme.ee\/wp-content\/uploads\/2021\/09\/Kostivere-Lasteaed.jpg\"><img loading=\"lazy\" decoding=\"async\" class=\"aligncenter size-full wp-image-897\" src=\"http:\/\/sport.joelahtme.ee\/wp-content\/uploads\/2021\/09\/Kostivere-Lasteaed.jpg\" alt=\"\" width=\"640\" height=\"427\" srcset=\"https:\/\/sport.joelahtme.ee\/wp-content\/uploads\/2021\/09\/Kostivere-Lasteaed.jpg 640w, https:\/\/sport.joelahtme.ee\/wp-content\/uploads\/2021\/09\/Kostivere-Lasteaed-300x200.jpg 300w, https:\/\/sport.joelahtme.ee\/wp-content\/uploads\/2021\/09\/Kostivere-Lasteaed-600x400.jpg 600w, https:\/\/sport.joelahtme.ee\/wp-content\/uploads\/2021\/09\/Kostivere-Lasteaed-400x267.jpg 400w\" sizes=\"auto, (max-width: 640px) 100vw, 640px\" \/><\/a><\/p>\n<p>Kostivere Lasteaia saal<\/p>\n<p>Aadress: Aruk\u00fcla tee 1, Kostivere alevik, J\u00f5el\u00e4htme vald, Harjumaa 74204<\/p>\n<p>Telefon: 6081 540; 53326325<\/p>\n<p>E-mail:\u00a0 <a href=\"mailto:lasteaed@kostilaps.ee\">lasteaed@kostilaps.ee<\/a><\/p>\n<p>Kostivere Lasteaia saal on t\u00f6\u00f6p\u00e4eviti kella 19.00ni lasteaia laste kasutuses. P\u00e4rast 19.00 ja n\u00e4dalavahetustel on v\u00f5imalik saali rentida treeninguteks ja \u00fcritusteks vastavalt\u00a0 J\u00f5el\u00e4htme Vallavalitsuse 03. aprilli 2014 korraldusele nr 203 \u201eJ\u00f5el\u00e4htme valla lasteaedade ruumide kasutamise hinnakirja kinnitamine\u201d.<\/p>\n<p>Toimuvad treeningud:<\/p>\n<p>Neljap\u00e4ev: 19.30- 20.30 Tantsur\u00e4nnak<\/p>\n<p>Puhap\u00e4ev 10.00- 11.00 Yogilates<\/p>\n","protected":false},"excerpt":{"rendered":"<p>Kostivere Lasteaia saal Aadress: Aruk\u00fcla tee 1, Kostivere alevik, J\u00f5el\u00e4htme vald, Harjumaa 74204 Telefon: 6081 540; 53326325 E-mail:\u00a0 lasteaed@kostilaps.ee Kostivere Lasteaia saal on t\u00f6\u00f6p\u00e4eviti kella 19.00ni lasteaia laste kasutuses. P\u00e4rast&hellip;<a href=\"https:\/\/sport.joelahtme.ee\/?page_id=888\" class=\"more-link\"><span class=\"more-button\">Vaata&#8230;<span class=\"screen-reader-text\">Kostivere Lasteaia saal<\/span><\/span><\/a><\/p>\n","protected":false},"author":1,"featured_media":0,"parent":11,"menu_order":0,"comment_status":"closed","ping_status":"closed","template":"","meta":{"footnotes":""},"class_list":["post-888","page","type-page","status-publish","hentry"],"_links":{"self":[{"href":"https:\/\/sport.joelahtme.ee\/index.php?rest_route=\/wp\/v2\/pages\/888","targetHints":{"allow":["GET"]}}],"collection":[{"href":"https:\/\/sport.joelahtme.ee\/index.php?rest_route=\/wp\/v2\/pages"}],"about":[{"href":"https:\/\/sport.joelahtme.ee\/index.php?rest_route=\/wp\/v2\/types\/page"}],"author":[{"embeddable":true,"href":"https:\/\/sport.joelahtme.ee\/index.php?rest_route=\/wp\/v2\/users\/1"}],"replies":[{"embeddable":true,"href":"https:\/\/sport.joelahtme.ee\/index.php?rest_route=%2Fwp%2Fv2%2Fcomments&post=888"}],"version-history":[{"count":4,"href":"https:\/\/sport.joelahtme.ee\/index.php?rest_route=\/wp\/v2\/pages\/888\/revisions"}],"predecessor-version":[{"id":928,"href":"https:\/\/sport.joelahtme.ee\/index.php?rest_route=\/wp\/v2\/pages\/888\/revisions\/928"}],"up":[{"embeddable":true,"href":"https:\/\/sport.joelahtme.ee\/index.php?rest_route=\/wp\/v2\/pages\/11"}],"wp:attachment":[{"href":"https:\/\/sport.joelahtme.ee\/index.php?rest_route=%2Fwp%2Fv2%2Fmedia&parent=888"}],"curies":[{"name":"wp","href":"https:\/\/api.w.org\/{rel}","templated":true}]}}