{"id":84,"date":"2021-04-08T13:53:17","date_gmt":"2021-04-08T13:53:17","guid":{"rendered":"http:\/\/sport.joelahtme.ee\/?page_id=84"},"modified":"2021-06-08T11:22:16","modified_gmt":"2021-06-08T08:22:16","slug":"loo-kooli-staadion","status":"publish","type":"page","link":"https:\/\/sport.joelahtme.ee\/?page_id=84","title":{"rendered":"Loo ujula"},"content":{"rendered":"<p>Ujulas on kaks basseini, 25 meetrine kolme rajaga suur bassein ja v\u00e4ike lastebassein (3x5m).<\/p>\n<p><strong>Aadress:<\/strong> Spordi tee 5, Loo alevik, J\u00f5el\u00e4htme vald, Harjumaa, 74201<br \/>\n<strong>Telefon:<\/strong> +372 60 80 671<br \/>\n<strong>E-mail:\u00a0<\/strong><a href=\"mailto:rskloo@hot.ee\">rskloo@hot.ee<\/a>, juhataja J\u00fcri Paavel<br \/>\n<strong>Koduleht:<\/strong> <a href=\"https:\/\/spordiklubiloo.wordpress.com\/ujula\/\" target=\"_blank\" rel=\"noopener\">https:\/\/spordiklubiloo.wordpress.com\/ujula\/<\/a><\/p>\n<p>&nbsp;<br \/>\n<div class=\"r34ics-ajax-container loading\" id=\"r69e333d800632d0\" data-view=\"week\" data-view-is-list-style=\"0\" data-view-is-list-long=\"0\" data-args=\"d833f798b31d9fd8445286909640c0030d0d31ce\" data-js-args=\"{&quot;debug&quot;:null}\">&nbsp;<\/div> <\/p>\n","protected":false},"excerpt":{"rendered":"<p>Ujulas on kaks basseini, 25 meetrine kolme rajaga suur bassein ja v\u00e4ike lastebassein (3x5m). Aadress: Spordi tee 5, Loo alevik, J\u00f5el\u00e4htme vald, Harjumaa, 74201 Telefon: +372 60 80 671 E-mail:\u00a0rskloo@hot.ee,&hellip;<a href=\"https:\/\/sport.joelahtme.ee\/?page_id=84\" class=\"more-link\"><span class=\"more-button\">Vaata&#8230;<span class=\"screen-reader-text\">Loo ujula<\/span><\/span><\/a><\/p>\n","protected":false},"author":1,"featured_media":307,"parent":11,"menu_order":0,"comment_status":"closed","ping_status":"closed","template":"","meta":{"footnotes":""},"class_list":["post-84","page","type-page","status-publish","has-post-thumbnail","hentry"],"_links":{"self":[{"href":"https:\/\/sport.joelahtme.ee\/index.php?rest_route=\/wp\/v2\/pages\/84","targetHints":{"allow":["GET"]}}],"collection":[{"href":"https:\/\/sport.joelahtme.ee\/index.php?rest_route=\/wp\/v2\/pages"}],"about":[{"href":"https:\/\/sport.joelahtme.ee\/index.php?rest_route=\/wp\/v2\/types\/page"}],"author":[{"embeddable":true,"href":"https:\/\/sport.joelahtme.ee\/index.php?rest_route=\/wp\/v2\/users\/1"}],"replies":[{"embeddable":true,"href":"https:\/\/sport.joelahtme.ee\/index.php?rest_route=%2Fwp%2Fv2%2Fcomments&post=84"}],"version-history":[{"count":12,"href":"https:\/\/sport.joelahtme.ee\/index.php?rest_route=\/wp\/v2\/pages\/84\/revisions"}],"predecessor-version":[{"id":748,"href":"https:\/\/sport.joelahtme.ee\/index.php?rest_route=\/wp\/v2\/pages\/84\/revisions\/748"}],"up":[{"embeddable":true,"href":"https:\/\/sport.joelahtme.ee\/index.php?rest_route=\/wp\/v2\/pages\/11"}],"wp:featuredmedia":[{"embeddable":true,"href":"https:\/\/sport.joelahtme.ee\/index.php?rest_route=\/wp\/v2\/media\/307"}],"wp:attachment":[{"href":"https:\/\/sport.joelahtme.ee\/index.php?rest_route=%2Fwp%2Fv2%2Fmedia&parent=84"}],"curies":[{"name":"wp","href":"https:\/\/api.w.org\/{rel}","templated":true}]}}