{"id":82,"date":"2021-04-08T13:52:56","date_gmt":"2021-04-08T13:52:56","guid":{"rendered":"http:\/\/sport.joelahtme.ee\/?page_id=82"},"modified":"2024-03-14T13:54:25","modified_gmt":"2024-03-14T11:54:25","slug":"kostivere-kooli-staadion","status":"publish","type":"page","link":"https:\/\/sport.joelahtme.ee\/?page_id=82","title":{"rendered":"Kostivere kooli spordisaal"},"content":{"rendered":"<p>Spordisaalis on v\u00f5imalik m\u00e4ngida korvpalli, v\u00f5rkpalli, k\u00e4sipalli, toimuvad aeroobika ja r\u00fchmatreeningud.<\/p>\n<p><strong>Aadress: <\/strong><a href=\"https:\/\/www.google.com\/maps\/place\/Kostivere+Kool\/@59.4253819,25.0909564,17z\/data=!3m1!4b1!4m5!3m4!1s0x4692efafecf854d7:0x3f24123691ed4de5!8m2!3d59.4253819!4d25.0931451\">Aruk\u00fcla tee 3, Kostivere alevik, J\u00f5el\u00e4htme vald, Harju maakond, 74204<\/a><br \/>\n<strong>Telefon: <\/strong>+372 522 5094 (kell 16.00\u201320.00)<br \/>\n<strong>E-mail:<\/strong>\u00a0<a href=\"mailto:administrator@kostivere.edu.ee\">administraator@kostivere.edu.ee<\/a><\/p>\n<div class=\"r34ics-ajax-container loading\" data-args=\"f9b6b3a5c196e9ca07a3ba772194fb0fdd55125c\" data-js-args=\"{&quot;debug&quot;:null}\" data-r34icsym=\"202605\" data-r34icsymd=\"20260517\" data-view-is-list-long=\"0\" data-view-is-list-style=\"0\" data-view=\"week\" id=\"r6a09c604a494e2b\">&nbsp;<\/div>\n","protected":false},"excerpt":{"rendered":"<p>Spordisaalis on v\u00f5imalik m\u00e4ngida korvpalli, v\u00f5rkpalli, k\u00e4sipalli, toimuvad aeroobika ja r\u00fchmatreeningud. Aadress: Aruk\u00fcla tee 3, Kostivere alevik, J\u00f5el\u00e4htme vald, Harju maakond, 74204 Telefon: +372 522 5094 (kell 16.00\u201320.00) E-mail:\u00a0administraator@kostivere.edu.ee<\/p>\n","protected":false},"author":1,"featured_media":427,"parent":11,"menu_order":0,"comment_status":"closed","ping_status":"closed","template":"","meta":{"footnotes":""},"class_list":["post-82","page","type-page","status-publish","has-post-thumbnail","hentry"],"_links":{"self":[{"href":"https:\/\/sport.joelahtme.ee\/index.php?rest_route=\/wp\/v2\/pages\/82","targetHints":{"allow":["GET"]}}],"collection":[{"href":"https:\/\/sport.joelahtme.ee\/index.php?rest_route=\/wp\/v2\/pages"}],"about":[{"href":"https:\/\/sport.joelahtme.ee\/index.php?rest_route=\/wp\/v2\/types\/page"}],"author":[{"embeddable":true,"href":"https:\/\/sport.joelahtme.ee\/index.php?rest_route=\/wp\/v2\/users\/1"}],"replies":[{"embeddable":true,"href":"https:\/\/sport.joelahtme.ee\/index.php?rest_route=%2Fwp%2Fv2%2Fcomments&post=82"}],"version-history":[{"count":14,"href":"https:\/\/sport.joelahtme.ee\/index.php?rest_route=\/wp\/v2\/pages\/82\/revisions"}],"predecessor-version":[{"id":1213,"href":"https:\/\/sport.joelahtme.ee\/index.php?rest_route=\/wp\/v2\/pages\/82\/revisions\/1213"}],"up":[{"embeddable":true,"href":"https:\/\/sport.joelahtme.ee\/index.php?rest_route=\/wp\/v2\/pages\/11"}],"wp:featuredmedia":[{"embeddable":true,"href":"https:\/\/sport.joelahtme.ee\/index.php?rest_route=\/wp\/v2\/media\/427"}],"wp:attachment":[{"href":"https:\/\/sport.joelahtme.ee\/index.php?rest_route=%2Fwp%2Fv2%2Fmedia&parent=82"}],"curies":[{"name":"wp","href":"https:\/\/api.w.org\/{rel}","templated":true}]}}