{"id":817,"date":"2021-06-08T16:39:41","date_gmt":"2021-06-08T13:39:41","guid":{"rendered":"http:\/\/sport.joelahtme.ee\/?page_id=817"},"modified":"2022-09-26T10:29:26","modified_gmt":"2022-09-26T07:29:26","slug":"uuskula-jalgpallivaljak","status":"publish","type":"page","link":"https:\/\/sport.joelahtme.ee\/?page_id=817","title":{"rendered":"Uusk\u00fcla jalgpalliv\u00e4ljak"},"content":{"rendered":"<p>Kunstmurukattega ning joonitud jalgpalliv\u00e4ljak, m\u00f5\u00f5dud 22&#215;40 m. V\u00e4ravad koos v\u00f5rguga.<\/p>\n<p>Uusk\u00fcla k\u00fclaplatsil metsa \u00e4\u00e4res<\/p>\n<p>Aadress: Maardu tee 102, Uusk\u00fcla, J\u00f5el\u00e4htme vald<\/p>\n<p>Kontakt: T\u00f5nis Tuuder (Uusk\u00fcla k\u00fclavanem)<\/p>\n<p>Telefon: 516 1357<\/p>\n<p>E-mail: tonis.tuuder@estanc.ee<\/p>\n<p>&nbsp;<\/p>\n<p><a href=\"http:\/\/sport.joelahtme.ee\/wp-content\/uploads\/2022\/09\/2021.06.29-UUskula-kulaplats-3-rev1jalgpall.jpg\"><img loading=\"lazy\" decoding=\"async\" class=\"alignnone size-medium wp-image-1056\" src=\"http:\/\/sport.joelahtme.ee\/wp-content\/uploads\/2022\/09\/2021.06.29-UUskula-kulaplats-3-rev1jalgpall-300x234.jpg\" alt=\"\" width=\"300\" height=\"234\" srcset=\"https:\/\/sport.joelahtme.ee\/wp-content\/uploads\/2022\/09\/2021.06.29-UUskula-kulaplats-3-rev1jalgpall-300x234.jpg 300w, https:\/\/sport.joelahtme.ee\/wp-content\/uploads\/2022\/09\/2021.06.29-UUskula-kulaplats-3-rev1jalgpall-1024x798.jpg 1024w, https:\/\/sport.joelahtme.ee\/wp-content\/uploads\/2022\/09\/2021.06.29-UUskula-kulaplats-3-rev1jalgpall-768x599.jpg 768w, https:\/\/sport.joelahtme.ee\/wp-content\/uploads\/2022\/09\/2021.06.29-UUskula-kulaplats-3-rev1jalgpall-1536x1197.jpg 1536w, https:\/\/sport.joelahtme.ee\/wp-content\/uploads\/2022\/09\/2021.06.29-UUskula-kulaplats-3-rev1jalgpall-796x620.jpg 796w, https:\/\/sport.joelahtme.ee\/wp-content\/uploads\/2022\/09\/2021.06.29-UUskula-kulaplats-3-rev1jalgpall-1283x1000.jpg 1283w, https:\/\/sport.joelahtme.ee\/wp-content\/uploads\/2022\/09\/2021.06.29-UUskula-kulaplats-3-rev1jalgpall-600x468.jpg 600w, https:\/\/sport.joelahtme.ee\/wp-content\/uploads\/2022\/09\/2021.06.29-UUskula-kulaplats-3-rev1jalgpall-400x312.jpg 400w, https:\/\/sport.joelahtme.ee\/wp-content\/uploads\/2022\/09\/2021.06.29-UUskula-kulaplats-3-rev1jalgpall.jpg 1600w\" sizes=\"auto, (max-width: 300px) 100vw, 300px\" \/><\/a><\/p>\n<p><em>Foto: T\u00f5nis Tuuder<\/em><\/p>\n","protected":false},"excerpt":{"rendered":"<p>Kunstmurukattega ning joonitud jalgpalliv\u00e4ljak, m\u00f5\u00f5dud 22&#215;40 m. V\u00e4ravad koos v\u00f5rguga. Uusk\u00fcla k\u00fclaplatsil metsa \u00e4\u00e4res Aadress: Maardu tee 102, Uusk\u00fcla, J\u00f5el\u00e4htme vald Kontakt: T\u00f5nis Tuuder (Uusk\u00fcla k\u00fclavanem) Telefon: 516 1357 E-mail:&hellip;<a href=\"https:\/\/sport.joelahtme.ee\/?page_id=817\" class=\"more-link\"><span class=\"more-button\">Vaata&#8230;<span class=\"screen-reader-text\">Uusk\u00fcla jalgpalliv\u00e4ljak<\/span><\/span><\/a><\/p>\n","protected":false},"author":1,"featured_media":0,"parent":11,"menu_order":0,"comment_status":"closed","ping_status":"closed","template":"","meta":{"footnotes":""},"class_list":["post-817","page","type-page","status-publish","hentry"],"_links":{"self":[{"href":"https:\/\/sport.joelahtme.ee\/index.php?rest_route=\/wp\/v2\/pages\/817","targetHints":{"allow":["GET"]}}],"collection":[{"href":"https:\/\/sport.joelahtme.ee\/index.php?rest_route=\/wp\/v2\/pages"}],"about":[{"href":"https:\/\/sport.joelahtme.ee\/index.php?rest_route=\/wp\/v2\/types\/page"}],"author":[{"embeddable":true,"href":"https:\/\/sport.joelahtme.ee\/index.php?rest_route=\/wp\/v2\/users\/1"}],"replies":[{"embeddable":true,"href":"https:\/\/sport.joelahtme.ee\/index.php?rest_route=%2Fwp%2Fv2%2Fcomments&post=817"}],"version-history":[{"count":4,"href":"https:\/\/sport.joelahtme.ee\/index.php?rest_route=\/wp\/v2\/pages\/817\/revisions"}],"predecessor-version":[{"id":1059,"href":"https:\/\/sport.joelahtme.ee\/index.php?rest_route=\/wp\/v2\/pages\/817\/revisions\/1059"}],"up":[{"embeddable":true,"href":"https:\/\/sport.joelahtme.ee\/index.php?rest_route=\/wp\/v2\/pages\/11"}],"wp:attachment":[{"href":"https:\/\/sport.joelahtme.ee\/index.php?rest_route=%2Fwp%2Fv2%2Fmedia&parent=817"}],"curies":[{"name":"wp","href":"https:\/\/api.w.org\/{rel}","templated":true}]}}