{"id":815,"date":"2021-06-08T16:39:24","date_gmt":"2021-06-08T13:39:24","guid":{"rendered":"http:\/\/sport.joelahtme.ee\/?page_id=815"},"modified":"2022-09-26T10:28:20","modified_gmt":"2022-09-26T07:28:20","slug":"uuskula-kulaplats","status":"publish","type":"page","link":"https:\/\/sport.joelahtme.ee\/?page_id=815","title":{"rendered":"Uusk\u00fcla k\u00fclaplats"},"content":{"rendered":"<p>Aadress: Maardu tee 102, Uusk\u00fcla, J\u00f5el\u00e4htme vald<\/p>\n<p>Kontakt: T\u00f5nis Tuuder (Uusk\u00fcla k\u00fclavanem)<\/p>\n<p>Telefon: 516 1357<\/p>\n<p>E-mail: tonis.tuuder@estanc.ee<\/p>\n<ul>\n<li>lastele ronimisv\u00f5rk 6 m k\u00f5rgune<\/li>\n<li>k\u00fclakiik<\/li>\n<li>rannavolleplats<\/li>\n<li>lauatennise v\u00e4lilaud<\/li>\n<li>neli discgolfi korvi<\/li>\n<li>korvpallir\u00f5ngas<\/li>\n<li>viis v\u00e4lij\u00f5usaali treeningseadet (l\u00f5uat\u00f5mbekang, k\u00f5hulihastepink, k\u00e4tetreeningseade, jalgade treeningpink, multitreeningeade)<\/li>\n<\/ul>\n<p><a href=\"http:\/\/sport.joelahtme.ee\/wp-content\/uploads\/2022\/09\/2021.06.22-Uuskula-kulaplats-4-pinks-rev1.jpg\"><img loading=\"lazy\" decoding=\"async\" class=\"alignnone size-medium wp-image-1051\" src=\"http:\/\/sport.joelahtme.ee\/wp-content\/uploads\/2022\/09\/2021.06.22-Uuskula-kulaplats-4-pinks-rev1-300x200.jpg\" alt=\"\" width=\"300\" height=\"200\" srcset=\"https:\/\/sport.joelahtme.ee\/wp-content\/uploads\/2022\/09\/2021.06.22-Uuskula-kulaplats-4-pinks-rev1-300x200.jpg 300w, https:\/\/sport.joelahtme.ee\/wp-content\/uploads\/2022\/09\/2021.06.22-Uuskula-kulaplats-4-pinks-rev1-1024x683.jpg 1024w, https:\/\/sport.joelahtme.ee\/wp-content\/uploads\/2022\/09\/2021.06.22-Uuskula-kulaplats-4-pinks-rev1-768x512.jpg 768w, https:\/\/sport.joelahtme.ee\/wp-content\/uploads\/2022\/09\/2021.06.22-Uuskula-kulaplats-4-pinks-rev1-1536x1024.jpg 1536w, https:\/\/sport.joelahtme.ee\/wp-content\/uploads\/2022\/09\/2021.06.22-Uuskula-kulaplats-4-pinks-rev1-825x550.jpg 825w, https:\/\/sport.joelahtme.ee\/wp-content\/uploads\/2022\/09\/2021.06.22-Uuskula-kulaplats-4-pinks-rev1-1500x1000.jpg 1500w, https:\/\/sport.joelahtme.ee\/wp-content\/uploads\/2022\/09\/2021.06.22-Uuskula-kulaplats-4-pinks-rev1-600x400.jpg 600w, https:\/\/sport.joelahtme.ee\/wp-content\/uploads\/2022\/09\/2021.06.22-Uuskula-kulaplats-4-pinks-rev1-400x267.jpg 400w, https:\/\/sport.joelahtme.ee\/wp-content\/uploads\/2022\/09\/2021.06.22-Uuskula-kulaplats-4-pinks-rev1.jpg 1600w\" sizes=\"auto, (max-width: 300px) 100vw, 300px\" \/><\/a> <a href=\"http:\/\/sport.joelahtme.ee\/wp-content\/uploads\/2022\/09\/2021.06.22-Uuskula-kulaplats-5vali-joukas.jpg\"><img loading=\"lazy\" decoding=\"async\" class=\"alignnone size-medium wp-image-1052\" src=\"http:\/\/sport.joelahtme.ee\/wp-content\/uploads\/2022\/09\/2021.06.22-Uuskula-kulaplats-5vali-joukas-300x200.jpg\" alt=\"\" width=\"300\" height=\"200\" srcset=\"https:\/\/sport.joelahtme.ee\/wp-content\/uploads\/2022\/09\/2021.06.22-Uuskula-kulaplats-5vali-joukas-300x200.jpg 300w, https:\/\/sport.joelahtme.ee\/wp-content\/uploads\/2022\/09\/2021.06.22-Uuskula-kulaplats-5vali-joukas-1024x683.jpg 1024w, https:\/\/sport.joelahtme.ee\/wp-content\/uploads\/2022\/09\/2021.06.22-Uuskula-kulaplats-5vali-joukas-768x512.jpg 768w, https:\/\/sport.joelahtme.ee\/wp-content\/uploads\/2022\/09\/2021.06.22-Uuskula-kulaplats-5vali-joukas-1536x1024.jpg 1536w, https:\/\/sport.joelahtme.ee\/wp-content\/uploads\/2022\/09\/2021.06.22-Uuskula-kulaplats-5vali-joukas-825x550.jpg 825w, https:\/\/sport.joelahtme.ee\/wp-content\/uploads\/2022\/09\/2021.06.22-Uuskula-kulaplats-5vali-joukas-1500x1000.jpg 1500w, https:\/\/sport.joelahtme.ee\/wp-content\/uploads\/2022\/09\/2021.06.22-Uuskula-kulaplats-5vali-joukas-600x400.jpg 600w, https:\/\/sport.joelahtme.ee\/wp-content\/uploads\/2022\/09\/2021.06.22-Uuskula-kulaplats-5vali-joukas-400x267.jpg 400w, https:\/\/sport.joelahtme.ee\/wp-content\/uploads\/2022\/09\/2021.06.22-Uuskula-kulaplats-5vali-joukas.jpg 1600w\" sizes=\"auto, (max-width: 300px) 100vw, 300px\" \/><\/a> <a href=\"http:\/\/sport.joelahtme.ee\/wp-content\/uploads\/2022\/09\/2021.06.22-Uuskula-kulaplats-6kiik.jpg\"><img loading=\"lazy\" decoding=\"async\" class=\"alignnone size-medium wp-image-1053\" src=\"http:\/\/sport.joelahtme.ee\/wp-content\/uploads\/2022\/09\/2021.06.22-Uuskula-kulaplats-6kiik-300x200.jpg\" alt=\"\" width=\"300\" height=\"200\" srcset=\"https:\/\/sport.joelahtme.ee\/wp-content\/uploads\/2022\/09\/2021.06.22-Uuskula-kulaplats-6kiik-300x200.jpg 300w, https:\/\/sport.joelahtme.ee\/wp-content\/uploads\/2022\/09\/2021.06.22-Uuskula-kulaplats-6kiik-1024x683.jpg 1024w, https:\/\/sport.joelahtme.ee\/wp-content\/uploads\/2022\/09\/2021.06.22-Uuskula-kulaplats-6kiik-768x512.jpg 768w, https:\/\/sport.joelahtme.ee\/wp-content\/uploads\/2022\/09\/2021.06.22-Uuskula-kulaplats-6kiik-1536x1024.jpg 1536w, https:\/\/sport.joelahtme.ee\/wp-content\/uploads\/2022\/09\/2021.06.22-Uuskula-kulaplats-6kiik-825x550.jpg 825w, https:\/\/sport.joelahtme.ee\/wp-content\/uploads\/2022\/09\/2021.06.22-Uuskula-kulaplats-6kiik-1500x1000.jpg 1500w, https:\/\/sport.joelahtme.ee\/wp-content\/uploads\/2022\/09\/2021.06.22-Uuskula-kulaplats-6kiik-600x400.jpg 600w, https:\/\/sport.joelahtme.ee\/wp-content\/uploads\/2022\/09\/2021.06.22-Uuskula-kulaplats-6kiik-400x267.jpg 400w, https:\/\/sport.joelahtme.ee\/wp-content\/uploads\/2022\/09\/2021.06.22-Uuskula-kulaplats-6kiik.jpg 1600w\" sizes=\"auto, (max-width: 300px) 100vw, 300px\" \/><\/a> <a href=\"http:\/\/sport.joelahtme.ee\/wp-content\/uploads\/2022\/09\/2021.06.22-Uuskula-kulaplats-7diskgolf.jpg\"><img loading=\"lazy\" decoding=\"async\" class=\"alignnone size-medium wp-image-1054\" src=\"http:\/\/sport.joelahtme.ee\/wp-content\/uploads\/2022\/09\/2021.06.22-Uuskula-kulaplats-7diskgolf-200x300.jpg\" alt=\"\" width=\"200\" height=\"300\" srcset=\"https:\/\/sport.joelahtme.ee\/wp-content\/uploads\/2022\/09\/2021.06.22-Uuskula-kulaplats-7diskgolf-200x300.jpg 200w, https:\/\/sport.joelahtme.ee\/wp-content\/uploads\/2022\/09\/2021.06.22-Uuskula-kulaplats-7diskgolf-683x1024.jpg 683w, https:\/\/sport.joelahtme.ee\/wp-content\/uploads\/2022\/09\/2021.06.22-Uuskula-kulaplats-7diskgolf-768x1152.jpg 768w, https:\/\/sport.joelahtme.ee\/wp-content\/uploads\/2022\/09\/2021.06.22-Uuskula-kulaplats-7diskgolf-1024x1536.jpg 1024w, https:\/\/sport.joelahtme.ee\/wp-content\/uploads\/2022\/09\/2021.06.22-Uuskula-kulaplats-7diskgolf-413x620.jpg 413w, https:\/\/sport.joelahtme.ee\/wp-content\/uploads\/2022\/09\/2021.06.22-Uuskula-kulaplats-7diskgolf-667x1000.jpg 667w, https:\/\/sport.joelahtme.ee\/wp-content\/uploads\/2022\/09\/2021.06.22-Uuskula-kulaplats-7diskgolf-433x650.jpg 433w, https:\/\/sport.joelahtme.ee\/wp-content\/uploads\/2022\/09\/2021.06.22-Uuskula-kulaplats-7diskgolf-300x450.jpg 300w, https:\/\/sport.joelahtme.ee\/wp-content\/uploads\/2022\/09\/2021.06.22-Uuskula-kulaplats-7diskgolf.jpg 1067w\" sizes=\"auto, (max-width: 200px) 100vw, 200px\" \/><\/a> <a href=\"http:\/\/sport.joelahtme.ee\/wp-content\/uploads\/2022\/09\/2021.06.22-Uuskula-kulaplats-vorkpall3-rev1.jpg\"><img loading=\"lazy\" decoding=\"async\" class=\"alignnone size-medium wp-image-1055\" src=\"http:\/\/sport.joelahtme.ee\/wp-content\/uploads\/2022\/09\/2021.06.22-Uuskula-kulaplats-vorkpall3-rev1-300x200.jpg\" alt=\"\" width=\"300\" height=\"200\" srcset=\"https:\/\/sport.joelahtme.ee\/wp-content\/uploads\/2022\/09\/2021.06.22-Uuskula-kulaplats-vorkpall3-rev1-300x200.jpg 300w, https:\/\/sport.joelahtme.ee\/wp-content\/uploads\/2022\/09\/2021.06.22-Uuskula-kulaplats-vorkpall3-rev1-1024x683.jpg 1024w, https:\/\/sport.joelahtme.ee\/wp-content\/uploads\/2022\/09\/2021.06.22-Uuskula-kulaplats-vorkpall3-rev1-768x512.jpg 768w, https:\/\/sport.joelahtme.ee\/wp-content\/uploads\/2022\/09\/2021.06.22-Uuskula-kulaplats-vorkpall3-rev1-1536x1024.jpg 1536w, https:\/\/sport.joelahtme.ee\/wp-content\/uploads\/2022\/09\/2021.06.22-Uuskula-kulaplats-vorkpall3-rev1-825x550.jpg 825w, https:\/\/sport.joelahtme.ee\/wp-content\/uploads\/2022\/09\/2021.06.22-Uuskula-kulaplats-vorkpall3-rev1-1500x1000.jpg 1500w, https:\/\/sport.joelahtme.ee\/wp-content\/uploads\/2022\/09\/2021.06.22-Uuskula-kulaplats-vorkpall3-rev1-600x400.jpg 600w, https:\/\/sport.joelahtme.ee\/wp-content\/uploads\/2022\/09\/2021.06.22-Uuskula-kulaplats-vorkpall3-rev1-400x267.jpg 400w, https:\/\/sport.joelahtme.ee\/wp-content\/uploads\/2022\/09\/2021.06.22-Uuskula-kulaplats-vorkpall3-rev1.jpg 1600w\" sizes=\"auto, (max-width: 300px) 100vw, 300px\" \/><\/a><\/p>\n<p><em>Fotod: T\u00f5nis Tuuder<\/em><\/p>\n","protected":false},"excerpt":{"rendered":"<p>Aadress: Maardu tee 102, Uusk\u00fcla, J\u00f5el\u00e4htme vald Kontakt: T\u00f5nis Tuuder (Uusk\u00fcla k\u00fclavanem) Telefon: 516 1357 E-mail: tonis.tuuder@estanc.ee lastele ronimisv\u00f5rk 6 m k\u00f5rgune k\u00fclakiik rannavolleplats lauatennise v\u00e4lilaud neli discgolfi korvi korvpallir\u00f5ngas&hellip;<a href=\"https:\/\/sport.joelahtme.ee\/?page_id=815\" class=\"more-link\"><span class=\"more-button\">Vaata&#8230;<span class=\"screen-reader-text\">Uusk\u00fcla k\u00fclaplats<\/span><\/span><\/a><\/p>\n","protected":false},"author":1,"featured_media":0,"parent":11,"menu_order":0,"comment_status":"closed","ping_status":"closed","template":"","meta":{"footnotes":""},"class_list":["post-815","page","type-page","status-publish","hentry"],"_links":{"self":[{"href":"https:\/\/sport.joelahtme.ee\/index.php?rest_route=\/wp\/v2\/pages\/815","targetHints":{"allow":["GET"]}}],"collection":[{"href":"https:\/\/sport.joelahtme.ee\/index.php?rest_route=\/wp\/v2\/pages"}],"about":[{"href":"https:\/\/sport.joelahtme.ee\/index.php?rest_route=\/wp\/v2\/types\/page"}],"author":[{"embeddable":true,"href":"https:\/\/sport.joelahtme.ee\/index.php?rest_route=\/wp\/v2\/users\/1"}],"replies":[{"embeddable":true,"href":"https:\/\/sport.joelahtme.ee\/index.php?rest_route=%2Fwp%2Fv2%2Fcomments&post=815"}],"version-history":[{"count":6,"href":"https:\/\/sport.joelahtme.ee\/index.php?rest_route=\/wp\/v2\/pages\/815\/revisions"}],"predecessor-version":[{"id":1058,"href":"https:\/\/sport.joelahtme.ee\/index.php?rest_route=\/wp\/v2\/pages\/815\/revisions\/1058"}],"up":[{"embeddable":true,"href":"https:\/\/sport.joelahtme.ee\/index.php?rest_route=\/wp\/v2\/pages\/11"}],"wp:attachment":[{"href":"https:\/\/sport.joelahtme.ee\/index.php?rest_route=%2Fwp%2Fv2%2Fmedia&parent=815"}],"curies":[{"name":"wp","href":"https:\/\/api.w.org\/{rel}","templated":true}]}}