{"id":80,"date":"2021-04-08T13:52:44","date_gmt":"2021-04-08T13:52:44","guid":{"rendered":"http:\/\/sport.joelahtme.ee\/?page_id=80"},"modified":"2021-06-09T09:05:30","modified_gmt":"2021-06-09T06:05:30","slug":"loo-spordihoone","status":"publish","type":"page","link":"https:\/\/sport.joelahtme.ee\/?page_id=80","title":{"rendered":"Loo spordikeskus"},"content":{"rendered":"<p><strong>Aadress:<\/strong> <a href=\"https:\/\/maps.google.com\/maps?z=16&amp;q=spordi%2Btee%2B5%2Bloo%2Balevik%2Bj%C3%B5el%C3%A4htme%2Bvald%2Bharjumaa%2B74201\" target=\"_blank\" rel=\"noopener noreferrer\">Spordi tee 5, Loo alevik, J\u00f5el\u00e4htme vald, Harjumaa, 74201<\/a><br \/>\n<strong>Telefon:<\/strong> +372 608 0671<br \/>\n<strong>E-mail:<\/strong> <a href=\"mailto:rskloo@hot.ee\">rskloo@hot.ee<\/a><br \/>\n<strong>Juhataja:<\/strong> J\u00fcri Paavel<br \/>\n<strong>Koduleht:<\/strong> <a href=\"https:\/\/spordiklubiloo.wordpress.com\/\" target=\"_blank\" rel=\"noopener\">https:\/\/spordiklubiloo.wordpress.com\/<\/a><a href=\"https:\/\/maps.google.com\/maps?z=16&amp;q=spordi%2Btee%2B5%2Bloo%2Balevik%2Bj%C3%B5el%C3%A4htme%2Bvald%2Bharjumaa%2B74201\" target=\"_blank\" rel=\"noopener noreferrer\"><br \/>\n<\/a><\/p>\n<p>Loo Spordihoone koos l\u00e4heduses paikneva terviseraja, tennisev\u00e4ljaku ja staadioniga moodustavad spordirajatiste kompleksi, kus elanikkonnale on loodud terve rida v\u00f5imalusi erinevate alade harrastamiseks. Paralleelselt on nii spordihoone kui ka staadion Loo Keskkooli spordibaasiks, kuid leiavad kasutamist ka teiste J\u00f5el\u00e4htme valla haridusasutuste poolt.<\/p>\n<p>Tunniplaanist ja laste treeningt\u00f6\u00f6st vaba aeg on tavak\u00fclastajate p\u00e4ralt.<\/p>\n<p><strong>Ujula ja spordisaal\u00a0 \u00a0 \u00a0 \u00a0 \u00a0 \u00a0 \u00a0 \u00a0 \u00a0 \u00a0 \u00a0 \u00a0 \u00a0 \u00a0 \u00a0 \u00a0 \u00a0Soome saun<\/strong><\/p>\n<p>E \u2013 R 08.00\u201322.00\u00a0 \u00a0 \u00a0 \u00a0 \u00a0 \u00a0 \u00a0 \u00a0 \u00a0 \u00a0 \u00a0 \u00a0 \u00a0 \u00a0 \u00a0 \u00a0 \u00a0 \u00a0E-R 16.30\u201322.00<\/p>\n<p>L 10.00\u201318.00\u00a0 \u00a0 \u00a0 \u00a0 \u00a0 \u00a0 \u00a0 \u00a0 \u00a0 \u00a0 \u00a0 \u00a0 \u00a0 \u00a0 \u00a0 \u00a0 \u00a0 \u00a0 \u00a0 \u00a0 \u00a0 L 10.00\u201318.00<\/p>\n<p>P 09.00\u201322.00\u00a0 \u00a0 \u00a0 \u00a0 \u00a0 \u00a0 \u00a0 \u00a0 \u00a0 \u00a0 \u00a0 \u00a0 \u00a0 \u00a0 \u00a0 \u00a0 \u00a0 \u00a0 \u00a0 \u00a0 \u00a0 P 09.00\u201322.00<\/p>\n<div class=\"r34ics-ajax-container loading\" data-args=\"cf9d32c957adb5814cf4f52e93c1365cf4eab803\" data-js-args=\"{&quot;debug&quot;:null}\" data-r34icsym=\"202605\" data-r34icsymd=\"20260517\" data-view-is-list-long=\"0\" data-view-is-list-style=\"0\" data-view=\"week\" id=\"r6a09c5ee14e7a20\">&nbsp;<\/div>\n","protected":false},"excerpt":{"rendered":"<p>Aadress: Spordi tee 5, Loo alevik, J\u00f5el\u00e4htme vald, Harjumaa, 74201 Telefon: +372 608 0671 E-mail: rskloo@hot.ee Juhataja: J\u00fcri Paavel Koduleht: https:\/\/spordiklubiloo.wordpress.com\/ Loo Spordihoone koos l\u00e4heduses paikneva terviseraja, tennisev\u00e4ljaku ja staadioniga&hellip;<a href=\"https:\/\/sport.joelahtme.ee\/?page_id=80\" class=\"more-link\"><span class=\"more-button\">Vaata&#8230;<span class=\"screen-reader-text\">Loo spordikeskus<\/span><\/span><\/a><\/p>\n","protected":false},"author":1,"featured_media":426,"parent":11,"menu_order":0,"comment_status":"closed","ping_status":"closed","template":"templates\/right-sidebar.php","meta":{"footnotes":""},"class_list":["post-80","page","type-page","status-publish","has-post-thumbnail","hentry"],"_links":{"self":[{"href":"https:\/\/sport.joelahtme.ee\/index.php?rest_route=\/wp\/v2\/pages\/80","targetHints":{"allow":["GET"]}}],"collection":[{"href":"https:\/\/sport.joelahtme.ee\/index.php?rest_route=\/wp\/v2\/pages"}],"about":[{"href":"https:\/\/sport.joelahtme.ee\/index.php?rest_route=\/wp\/v2\/types\/page"}],"author":[{"embeddable":true,"href":"https:\/\/sport.joelahtme.ee\/index.php?rest_route=\/wp\/v2\/users\/1"}],"replies":[{"embeddable":true,"href":"https:\/\/sport.joelahtme.ee\/index.php?rest_route=%2Fwp%2Fv2%2Fcomments&post=80"}],"version-history":[{"count":22,"href":"https:\/\/sport.joelahtme.ee\/index.php?rest_route=\/wp\/v2\/pages\/80\/revisions"}],"predecessor-version":[{"id":835,"href":"https:\/\/sport.joelahtme.ee\/index.php?rest_route=\/wp\/v2\/pages\/80\/revisions\/835"}],"up":[{"embeddable":true,"href":"https:\/\/sport.joelahtme.ee\/index.php?rest_route=\/wp\/v2\/pages\/11"}],"wp:featuredmedia":[{"embeddable":true,"href":"https:\/\/sport.joelahtme.ee\/index.php?rest_route=\/wp\/v2\/media\/426"}],"wp:attachment":[{"href":"https:\/\/sport.joelahtme.ee\/index.php?rest_route=%2Fwp%2Fv2%2Fmedia&parent=80"}],"curies":[{"name":"wp","href":"https:\/\/api.w.org\/{rel}","templated":true}]}}