{"id":570,"date":"2021-05-20T18:21:25","date_gmt":"2021-05-20T15:21:25","guid":{"rendered":"http:\/\/sport.joelahtme.ee\/?page_id=570"},"modified":"2023-08-08T11:12:02","modified_gmt":"2023-08-08T08:12:02","slug":"liipa-talu-discgolfirada","status":"publish","type":"page","link":"https:\/\/sport.joelahtme.ee\/?page_id=570","title":{"rendered":"Liipa talu discgolfirada"},"content":{"rendered":"<p>Discgolf on m\u00e4ng ja l\u00f5bus ajaviide, mille eesm\u00e4rgiks on lendava taldriku viskamine discgolfi korvi. M\u00e4ngu v\u00f5idab m\u00e4ngija, kes l\u00e4bib discgolfi raja v\u00f5imalikult v\u00e4heste visetega. Liipa Talu discgolfipark on 12 korviga harrastajas\u00f5bralik rada, mis sobib nii alustavale m\u00e4ngijale discgolfiga tutvumiseks kui ka edasij\u00f5udnud m\u00e4ngijale t\u00e4psuse treenimiseks ja l\u00e4henemiste harjutamiseks.<\/p>\n<p><strong>Aadress:<\/strong> Liipa Talu, Saha k\u00fcla, J\u00f5el\u00e4htme vald, Harjumaa<br \/>\n<strong>Kontakt:<\/strong> +372 5693 4661<br \/>\n<strong>E-mail:<\/strong> info@liipatalu.ee<br \/>\n<strong>Koduleht:<\/strong> <a href=\"https:\/\/liipatalu.ee\/discgolf\/\" target=\"_blank\" rel=\"noopener\">https:\/\/liipatalu.ee\/discgolf\/<\/a><\/p>\n","protected":false},"excerpt":{"rendered":"<p>Discgolf on m\u00e4ng ja l\u00f5bus ajaviide, mille eesm\u00e4rgiks on lendava taldriku viskamine discgolfi korvi. M\u00e4ngu v\u00f5idab m\u00e4ngija, kes l\u00e4bib discgolfi raja v\u00f5imalikult v\u00e4heste visetega. Liipa Talu discgolfipark on 12 korviga&hellip;<a href=\"https:\/\/sport.joelahtme.ee\/?page_id=570\" class=\"more-link\"><span class=\"more-button\">Vaata&#8230;<span class=\"screen-reader-text\">Liipa talu discgolfirada<\/span><\/span><\/a><\/p>\n","protected":false},"author":1,"featured_media":574,"parent":11,"menu_order":0,"comment_status":"closed","ping_status":"closed","template":"","meta":{"footnotes":""},"class_list":["post-570","page","type-page","status-publish","has-post-thumbnail","hentry"],"_links":{"self":[{"href":"https:\/\/sport.joelahtme.ee\/index.php?rest_route=\/wp\/v2\/pages\/570","targetHints":{"allow":["GET"]}}],"collection":[{"href":"https:\/\/sport.joelahtme.ee\/index.php?rest_route=\/wp\/v2\/pages"}],"about":[{"href":"https:\/\/sport.joelahtme.ee\/index.php?rest_route=\/wp\/v2\/types\/page"}],"author":[{"embeddable":true,"href":"https:\/\/sport.joelahtme.ee\/index.php?rest_route=\/wp\/v2\/users\/1"}],"replies":[{"embeddable":true,"href":"https:\/\/sport.joelahtme.ee\/index.php?rest_route=%2Fwp%2Fv2%2Fcomments&post=570"}],"version-history":[{"count":1,"href":"https:\/\/sport.joelahtme.ee\/index.php?rest_route=\/wp\/v2\/pages\/570\/revisions"}],"predecessor-version":[{"id":571,"href":"https:\/\/sport.joelahtme.ee\/index.php?rest_route=\/wp\/v2\/pages\/570\/revisions\/571"}],"up":[{"embeddable":true,"href":"https:\/\/sport.joelahtme.ee\/index.php?rest_route=\/wp\/v2\/pages\/11"}],"wp:featuredmedia":[{"embeddable":true,"href":"https:\/\/sport.joelahtme.ee\/index.php?rest_route=\/wp\/v2\/media\/574"}],"wp:attachment":[{"href":"https:\/\/sport.joelahtme.ee\/index.php?rest_route=%2Fwp%2Fv2%2Fmedia&parent=570"}],"curies":[{"name":"wp","href":"https:\/\/api.w.org\/{rel}","templated":true}]}}