{"id":538,"date":"2021-05-20T16:47:42","date_gmt":"2021-05-20T13:47:42","guid":{"rendered":"http:\/\/sport.joelahtme.ee\/?page_id=538"},"modified":"2021-06-08T16:14:29","modified_gmt":"2021-06-08T13:14:29","slug":"neeme-spordisaal","status":"publish","type":"page","link":"https:\/\/sport.joelahtme.ee\/?page_id=538","title":{"rendered":"Neeme rahvamaja saal"},"content":{"rendered":"<p><strong>Aadress:<\/strong> Neeme k\u00fcla, J\u00f5el\u00e4htme vald, Harjumaa 74226<br \/>\n<strong>Telefon:<\/strong> 5666 0055 (Sirje P\u00f5llu, Neeme rahvamaja kultuurijuht),<br \/>\n<strong>E-mail:<\/strong> <a href=\"mailto:sirje.pollu@joelahtmekultuur.ee\">sirje.pollu@joelahtmekultuur.ee<\/a><br \/>\n<strong>Koduleht:<\/strong> <a href=\"http:\/\/joelahtmekultuur.ee\/neemerahvamaja\/tutvustus\/ruumid\/\" target=\"_blank\" rel=\"noopener\">http:\/\/joelahtmekultuur.ee\/neemerahvamaja\/tutvustus\/ruumid\/<\/a><\/p>\n","protected":false},"excerpt":{"rendered":"<p>Aadress: Neeme k\u00fcla, J\u00f5el\u00e4htme vald, Harjumaa 74226 Telefon: 5666 0055 (Sirje P\u00f5llu, Neeme rahvamaja kultuurijuht), E-mail: sirje.pollu@joelahtmekultuur.ee Koduleht: http:\/\/joelahtmekultuur.ee\/neemerahvamaja\/tutvustus\/ruumid\/<\/p>\n","protected":false},"author":1,"featured_media":547,"parent":11,"menu_order":0,"comment_status":"closed","ping_status":"closed","template":"","meta":{"footnotes":""},"class_list":["post-538","page","type-page","status-publish","has-post-thumbnail","hentry"],"_links":{"self":[{"href":"https:\/\/sport.joelahtme.ee\/index.php?rest_route=\/wp\/v2\/pages\/538","targetHints":{"allow":["GET"]}}],"collection":[{"href":"https:\/\/sport.joelahtme.ee\/index.php?rest_route=\/wp\/v2\/pages"}],"about":[{"href":"https:\/\/sport.joelahtme.ee\/index.php?rest_route=\/wp\/v2\/types\/page"}],"author":[{"embeddable":true,"href":"https:\/\/sport.joelahtme.ee\/index.php?rest_route=\/wp\/v2\/users\/1"}],"replies":[{"embeddable":true,"href":"https:\/\/sport.joelahtme.ee\/index.php?rest_route=%2Fwp%2Fv2%2Fcomments&post=538"}],"version-history":[{"count":5,"href":"https:\/\/sport.joelahtme.ee\/index.php?rest_route=\/wp\/v2\/pages\/538\/revisions"}],"predecessor-version":[{"id":810,"href":"https:\/\/sport.joelahtme.ee\/index.php?rest_route=\/wp\/v2\/pages\/538\/revisions\/810"}],"up":[{"embeddable":true,"href":"https:\/\/sport.joelahtme.ee\/index.php?rest_route=\/wp\/v2\/pages\/11"}],"wp:featuredmedia":[{"embeddable":true,"href":"https:\/\/sport.joelahtme.ee\/index.php?rest_route=\/wp\/v2\/media\/547"}],"wp:attachment":[{"href":"https:\/\/sport.joelahtme.ee\/index.php?rest_route=%2Fwp%2Fv2%2Fmedia&parent=538"}],"curies":[{"name":"wp","href":"https:\/\/api.w.org\/{rel}","templated":true}]}}