{"id":200,"date":"2021-04-08T16:41:52","date_gmt":"2021-04-08T16:41:52","guid":{"rendered":"http:\/\/sport.joelahtme.ee\/?page_id=200"},"modified":"2021-05-20T18:06:33","modified_gmt":"2021-05-20T15:06:33","slug":"puhkealad","status":"publish","type":"page","link":"https:\/\/sport.joelahtme.ee\/?page_id=200","title":{"rendered":"Puhkealad"},"content":{"rendered":"<p>&nbsp;<\/p>\n<p><strong>LOO ALEVIKU UJUMISKOHT<\/strong><br \/>\n15 km Tallinaast Pirita j\u00f5e \u00e4\u00e4res. Olemas riietumise kabiin ja tualett.<\/p>\n<p>&nbsp;<\/p>\n<p><strong>KABERNEEME PUHKEALA<\/strong><br \/>\n40 km Tallinnast kaunis liivarand, ilusad m\u00e4nnimetsad. Olemas korralik parkla ja karj\u00e4\u00e4ri juures RMK puhkealad ja l\u00f5kkeplatsid.<\/p>\n<p>&nbsp;<\/p>\n<p><strong>PUNAKIVI RAND<\/strong><br \/>\n35 km Tallinnast kaunis liivarand. Olemas korralik parkla, riietumise kabiinid ja tualetid.<\/p>\n<p>&nbsp;<\/p>\n<p><strong>IRU SAUN<\/strong><br \/>\nIru saun asub Tallinna piiril, Pirita j\u00f5e kaldal looduskaunil j\u00f5eoru maastikukaitsealal. L\u00e4hedal asuvad matkarajad, tennisev\u00e4ljak ja laste m\u00e4nguplats<br \/>\n<strong>Koduleht:<\/strong> <a href=\"https:\/\/sites.google.com\/site\/irusaun\/\" target=\"_blank\" rel=\"noopener\">https:\/\/sites.google.com\/site\/irusaun\/<\/a><\/p>\n","protected":false},"excerpt":{"rendered":"<p>&nbsp; LOO ALEVIKU UJUMISKOHT 15 km Tallinaast Pirita j\u00f5e \u00e4\u00e4res. Olemas riietumise kabiin ja tualett. &nbsp; KABERNEEME PUHKEALA 40 km Tallinnast kaunis liivarand, ilusad m\u00e4nnimetsad. Olemas korralik parkla ja karj\u00e4\u00e4ri&hellip;<a href=\"https:\/\/sport.joelahtme.ee\/?page_id=200\" class=\"more-link\"><span class=\"more-button\">Vaata&#8230;<span class=\"screen-reader-text\">Puhkealad<\/span><\/span><\/a><\/p>\n","protected":false},"author":1,"featured_media":444,"parent":11,"menu_order":0,"comment_status":"closed","ping_status":"closed","template":"","meta":{"footnotes":""},"class_list":["post-200","page","type-page","status-publish","has-post-thumbnail","hentry"],"_links":{"self":[{"href":"https:\/\/sport.joelahtme.ee\/index.php?rest_route=\/wp\/v2\/pages\/200","targetHints":{"allow":["GET"]}}],"collection":[{"href":"https:\/\/sport.joelahtme.ee\/index.php?rest_route=\/wp\/v2\/pages"}],"about":[{"href":"https:\/\/sport.joelahtme.ee\/index.php?rest_route=\/wp\/v2\/types\/page"}],"author":[{"embeddable":true,"href":"https:\/\/sport.joelahtme.ee\/index.php?rest_route=\/wp\/v2\/users\/1"}],"replies":[{"embeddable":true,"href":"https:\/\/sport.joelahtme.ee\/index.php?rest_route=%2Fwp%2Fv2%2Fcomments&post=200"}],"version-history":[{"count":8,"href":"https:\/\/sport.joelahtme.ee\/index.php?rest_route=\/wp\/v2\/pages\/200\/revisions"}],"predecessor-version":[{"id":565,"href":"https:\/\/sport.joelahtme.ee\/index.php?rest_route=\/wp\/v2\/pages\/200\/revisions\/565"}],"up":[{"embeddable":true,"href":"https:\/\/sport.joelahtme.ee\/index.php?rest_route=\/wp\/v2\/pages\/11"}],"wp:featuredmedia":[{"embeddable":true,"href":"https:\/\/sport.joelahtme.ee\/index.php?rest_route=\/wp\/v2\/media\/444"}],"wp:attachment":[{"href":"https:\/\/sport.joelahtme.ee\/index.php?rest_route=%2Fwp%2Fv2%2Fmedia&parent=200"}],"curies":[{"name":"wp","href":"https:\/\/api.w.org\/{rel}","templated":true}]}}