{"id":2,"date":"2021-04-08T09:33:22","date_gmt":"2021-04-08T09:33:22","guid":{"rendered":"http:\/\/sport.joelahtme.ee\/?page_id=2"},"modified":"2024-03-14T16:32:37","modified_gmt":"2024-03-14T14:32:37","slug":"demoleht","status":"publish","type":"page","link":"https:\/\/sport.joelahtme.ee\/","title":{"rendered":"J\u00f5el\u00e4htme SPORT"},"content":{"rendered":"<h3><a href=\"http:\/\/sport.joelahtme.ee\/wp-content\/uploads\/2021\/05\/football.png\"><img loading=\"lazy\" decoding=\"async\" class=\"wp-image-648 alignright\" src=\"http:\/\/sport.joelahtme.ee\/wp-content\/uploads\/2021\/05\/football-282x300.png\" alt=\"\" width=\"200\" height=\"213\" srcset=\"https:\/\/sport.joelahtme.ee\/wp-content\/uploads\/2021\/05\/football-282x300.png 282w, https:\/\/sport.joelahtme.ee\/wp-content\/uploads\/2021\/05\/football-964x1024.png 964w, https:\/\/sport.joelahtme.ee\/wp-content\/uploads\/2021\/05\/football-768x816.png 768w, https:\/\/sport.joelahtme.ee\/wp-content\/uploads\/2021\/05\/football-584x620.png 584w, https:\/\/sport.joelahtme.ee\/wp-content\/uploads\/2021\/05\/football-941x1000.png 941w, https:\/\/sport.joelahtme.ee\/wp-content\/uploads\/2021\/05\/football-600x638.png 600w, https:\/\/sport.joelahtme.ee\/wp-content\/uploads\/2021\/05\/football-400x425.png 400w, https:\/\/sport.joelahtme.ee\/wp-content\/uploads\/2021\/05\/football.png 1200w\" sizes=\"auto, (max-width: 200px) 100vw, 200px\" \/><\/a><\/h3>\n<p><strong>TERE TULEMAST LEHELE <a href=\"http:\/\/sport.joelahtme.ee\">SPORT.JOELAHTME.EE<\/a>!<br \/>\nJ\u00f5el\u00e4htme vallas on erinevaid v\u00f5imalusi sportimiseks, p\u00f5nevaid trenne ning mitmek\u00fclgseid treeningpaiku. Selleks, et kogu spordiinfo kiirelt ja mugavalt \u00fchest kohast leida, on valminud kodulehek\u00fclg <a href=\"http:\/\/sport.joelahtme.ee\">sport.joelahtme.ee<\/a><\/strong><\/p>\n<hr \/>\n<ul>\n<li>Valides men\u00fc\u00fcst &#8220;<strong><a href=\"http:\/\/sport.joelahtme.ee\/?page_id=23\">Kalender<\/a><\/strong>&#8221; saad liikuda edasi erinevate treeningupaikade kalendrite juurde v\u00f5i vaadata k\u00f5iki treeninguid \u00fchises kalendris.<\/li>\n<li><strong><a href=\"http:\/\/sport.joelahtme.ee\/?page_id=11\">Treeningpaigad <\/a><\/strong>alt leiad k\u00f5igi J\u00f5el\u00e4htme valla treeningupaikade tutvustused<\/li>\n<li><a href=\"http:\/\/sport.joelahtme.ee\/?page_id=13\"><strong>Treeningud<\/strong><\/a> tutvustab vallas toimuvaid treeninguid<\/li>\n<li><strong><a href=\"http:\/\/sport.joelahtme.ee\/?page_id=621\">Spordiuudised<\/a><\/strong><\/li>\n<li>Spordis\u00fcndmused<\/li>\n<\/ul>\n<p>M\u00e4rks\u00f5nad: ratsutamine, motosport, golf, discgolf, tennis, jalgpall, korvpall, v\u00f5rkpall, jalgrattas\u00f5it, ujumine, v\u00e4lij\u00f5usaal, j\u00f5usaal<br \/>\nKui soovid jagada <a href=\"http:\/\/sport.joelahtme.ee\">sport.joelahtme.ee<\/a> lehel infot sportimisv\u00f5imaluste, treeningute ja \u00fcrituste kohta, saada palun info e-mailile <a href=\"mailto:sport@joelahtme.ee\">sport@joelahtme.ee<\/a><\/p>\n","protected":false},"excerpt":{"rendered":"<p>TERE TULEMAST LEHELE SPORT.JOELAHTME.EE! J\u00f5el\u00e4htme vallas on erinevaid v\u00f5imalusi sportimiseks, p\u00f5nevaid trenne ning mitmek\u00fclgseid treeningpaiku. Selleks, et kogu spordiinfo kiirelt ja mugavalt \u00fchest kohast leida, on valminud kodulehek\u00fclg sport.joelahtme.ee Valides&hellip;<a href=\"https:\/\/sport.joelahtme.ee\/\" class=\"more-link\"><span class=\"more-button\">Vaata&#8230;<span class=\"screen-reader-text\">J\u00f5el\u00e4htme SPORT<\/span><\/span><\/a><\/p>\n","protected":false},"author":1,"featured_media":0,"parent":0,"menu_order":0,"comment_status":"closed","ping_status":"closed","template":"templates\/right-sidebar.php","meta":{"footnotes":""},"class_list":["post-2","page","type-page","status-publish","hentry"],"_links":{"self":[{"href":"https:\/\/sport.joelahtme.ee\/index.php?rest_route=\/wp\/v2\/pages\/2","targetHints":{"allow":["GET"]}}],"collection":[{"href":"https:\/\/sport.joelahtme.ee\/index.php?rest_route=\/wp\/v2\/pages"}],"about":[{"href":"https:\/\/sport.joelahtme.ee\/index.php?rest_route=\/wp\/v2\/types\/page"}],"author":[{"embeddable":true,"href":"https:\/\/sport.joelahtme.ee\/index.php?rest_route=\/wp\/v2\/users\/1"}],"replies":[{"embeddable":true,"href":"https:\/\/sport.joelahtme.ee\/index.php?rest_route=%2Fwp%2Fv2%2Fcomments&post=2"}],"version-history":[{"count":72,"href":"https:\/\/sport.joelahtme.ee\/index.php?rest_route=\/wp\/v2\/pages\/2\/revisions"}],"predecessor-version":[{"id":1215,"href":"https:\/\/sport.joelahtme.ee\/index.php?rest_route=\/wp\/v2\/pages\/2\/revisions\/1215"}],"wp:attachment":[{"href":"https:\/\/sport.joelahtme.ee\/index.php?rest_route=%2Fwp%2Fv2%2Fmedia&parent=2"}],"curies":[{"name":"wp","href":"https:\/\/api.w.org\/{rel}","templated":true}]}}