{"id":198,"date":"2021-04-08T16:41:22","date_gmt":"2021-04-08T16:41:22","guid":{"rendered":"http:\/\/sport.joelahtme.ee\/?page_id=198"},"modified":"2021-11-29T14:45:51","modified_gmt":"2021-11-29T12:45:51","slug":"matkad-ja-ekskursioonid","status":"publish","type":"page","link":"https:\/\/sport.joelahtme.ee\/?page_id=198","title":{"rendered":"Matkad ja ekskursioonid"},"content":{"rendered":"<p>J\u00f5el\u00e4htme vallas pakuvad giidiga ekskursioone neli\u00a0<a href=\"https:\/\/www.visitharju.ee\/et\/atesteeritud-giidid-harjumaal\">Harjumaa giidi atesteeringuga giidi<\/a>: Kadri Prants, Tiia V\u00e4lk, Liis Truubon, Kersti Lepik.<\/p>\n<p><strong>KADRIGA KOOS O\u00dc<\/strong><\/p>\n<p><img loading=\"lazy\" decoding=\"async\" class=\"alignnone size-medium wp-image-963\" src=\"http:\/\/sport.joelahtme.ee\/wp-content\/uploads\/2021\/11\/joal24dets2020vaike-1-200x300.jpg\" alt=\"\" width=\"200\" height=\"300\" srcset=\"https:\/\/sport.joelahtme.ee\/wp-content\/uploads\/2021\/11\/joal24dets2020vaike-1-200x300.jpg 200w, https:\/\/sport.joelahtme.ee\/wp-content\/uploads\/2021\/11\/joal24dets2020vaike-1-683x1024.jpg 683w, https:\/\/sport.joelahtme.ee\/wp-content\/uploads\/2021\/11\/joal24dets2020vaike-1-413x620.jpg 413w, https:\/\/sport.joelahtme.ee\/wp-content\/uploads\/2021\/11\/joal24dets2020vaike-1-667x1000.jpg 667w, https:\/\/sport.joelahtme.ee\/wp-content\/uploads\/2021\/11\/joal24dets2020vaike-1-433x650.jpg 433w, https:\/\/sport.joelahtme.ee\/wp-content\/uploads\/2021\/11\/joal24dets2020vaike-1-300x450.jpg 300w, https:\/\/sport.joelahtme.ee\/wp-content\/uploads\/2021\/11\/joal24dets2020vaike-1.jpg 720w\" sizes=\"auto, (max-width: 200px) 100vw, 200px\" \/><\/p>\n<p>Matkajuhi ja atesteeritud Harjumaa giidi teenused peamiselt Ihasalu poolsaarel, aga ka mujal J\u00f5el\u00e4htme vallas. V\u00f5imalik tellida ka meisterdamise t\u00f6\u00f6tubasid \u00fcritustele.<\/p>\n<p>Keeled: eesti, inglise, vene, soome<\/p>\n<p><strong>Telefon:<\/strong> 5693 5275<br \/>\n<strong>E-mail:<\/strong> <a href=\"mailto:kadri.prants@gmail.com\">kadri.prants@gmail.com<\/a><br \/>\n<strong>Koduleht:<\/strong> <a href=\"https:\/\/kadrigakoos.prants.ee\/\">https:\/\/kadrigakoos.prants.ee\/<\/a><\/p>\n<p>&nbsp;<\/p>\n<p><strong>MT\u00dc REBALA KULTUURIRUUM- TIIA V\u00c4LK\u00a0<\/strong><\/p>\n<p><img loading=\"lazy\" decoding=\"async\" class=\"alignnone size-medium wp-image-954\" src=\"http:\/\/sport.joelahtme.ee\/wp-content\/uploads\/2021\/11\/Tiia-Valk-2021-sugis-1-225x300.jpg\" alt=\"\" width=\"225\" height=\"300\" srcset=\"https:\/\/sport.joelahtme.ee\/wp-content\/uploads\/2021\/11\/Tiia-Valk-2021-sugis-1-225x300.jpg 225w, https:\/\/sport.joelahtme.ee\/wp-content\/uploads\/2021\/11\/Tiia-Valk-2021-sugis-1-769x1024.jpg 769w, https:\/\/sport.joelahtme.ee\/wp-content\/uploads\/2021\/11\/Tiia-Valk-2021-sugis-1-768x1023.jpg 768w, https:\/\/sport.joelahtme.ee\/wp-content\/uploads\/2021\/11\/Tiia-Valk-2021-sugis-1-1153x1536.jpg 1153w, https:\/\/sport.joelahtme.ee\/wp-content\/uploads\/2021\/11\/Tiia-Valk-2021-sugis-1-465x620.jpg 465w, https:\/\/sport.joelahtme.ee\/wp-content\/uploads\/2021\/11\/Tiia-Valk-2021-sugis-1-750x1000.jpg 750w, https:\/\/sport.joelahtme.ee\/wp-content\/uploads\/2021\/11\/Tiia-Valk-2021-sugis-1-488x650.jpg 488w, https:\/\/sport.joelahtme.ee\/wp-content\/uploads\/2021\/11\/Tiia-Valk-2021-sugis-1-338x450.jpg 338w, https:\/\/sport.joelahtme.ee\/wp-content\/uploads\/2021\/11\/Tiia-Valk-2021-sugis-1.jpg 1528w\" sizes=\"auto, (max-width: 225px) 100vw, 225px\" \/><\/p>\n<p>&#8211; Harjumaa atesteeritud giid J\u00f5el\u00e4htme vallas ja Rebala muinsuskaitsealal<\/p>\n<p>&#8211; Eesti Giidide Liidu poolt v\u00e4ljastatud kutsetunnistusega\u00a0<a href=\"https:\/\/www.kutseregister.ee\/ctrl\/et\/Tunnistused\/vaata\/10853085\/2\">5. taseme loodusgiid<\/a>.<\/p>\n<ul>\n<li>Pakub kultuuri- ja loodusgiidi teenust gruppidele J\u00f5el\u00e4htme vallas ja Rebala muinsukaitsealal.<\/li>\n<li>Loodusseiklused ja kultuurielamused v\u00f5imalik siduda ka seltskonnale t\u00e4htp\u00e4evade sisustamiseks looduses.<\/li>\n<li>V\u00f5imalik tellida \u00fcritustele erinevaid t\u00f6\u00f6tubasid koos l\u00e4biviimisega.<\/li>\n<li>Korraldab erinevaid loodusmatku-retki koolidele-lasteaedadele.<\/li>\n<\/ul>\n<p>Keeled: eesti, vene, soome, inglise<\/p>\n<p><strong>Telefon:<\/strong> +372 56698710<br \/>\n<strong>E-mail:<\/strong> tnorbek@gmail.com<br \/>\n<strong>Koduleht:<\/strong> <strong><a href=\"https:\/\/www.facebook.com\/Rebala-kultuuriruum-1069973406375511\">MT\u00dc Rebala Kultuuriruum\u00a0<\/a><\/strong><\/p>\n<p>&nbsp;<\/p>\n<p><strong>LIIS TRUUBON<\/strong><\/p>\n<p>Atesteering: Harjumaa (P\u00f5hja-K\u00f5rvemaa, J\u00e4gala piirkond)<\/p>\n<p>Keeled: eesti, inglise<\/p>\n<p><strong>Telefon:<\/strong> +372 5221112<br \/>\n<strong>E-mail:<\/strong> liistruubon@gmail.com<br \/>\n<strong>Koduleht: <a href=\"https:\/\/retked.ee\/ettevote\/liis-truubon\/\">Liis Truubon \u2013 Retked.ee<\/a><\/strong><\/p>\n<p><strong>\u00a0<\/strong><\/p>\n<p><strong>KERSTI LEPIK<\/strong> \u2013 Aja lugu matkates<\/p>\n<p><img loading=\"lazy\" decoding=\"async\" class=\"alignnone size-medium wp-image-964\" src=\"http:\/\/sport.joelahtme.ee\/wp-content\/uploads\/2021\/11\/Sillal-300x225.jpg\" alt=\"\" width=\"300\" height=\"225\" srcset=\"https:\/\/sport.joelahtme.ee\/wp-content\/uploads\/2021\/11\/Sillal-300x225.jpg 300w, https:\/\/sport.joelahtme.ee\/wp-content\/uploads\/2021\/11\/Sillal-1024x768.jpg 1024w, https:\/\/sport.joelahtme.ee\/wp-content\/uploads\/2021\/11\/Sillal-768x576.jpg 768w, https:\/\/sport.joelahtme.ee\/wp-content\/uploads\/2021\/11\/Sillal-1536x1152.jpg 1536w, https:\/\/sport.joelahtme.ee\/wp-content\/uploads\/2021\/11\/Sillal-2048x1536.jpg 2048w, https:\/\/sport.joelahtme.ee\/wp-content\/uploads\/2021\/11\/Sillal-825x620.jpg 825w, https:\/\/sport.joelahtme.ee\/wp-content\/uploads\/2021\/11\/Sillal-1333x1000.jpg 1333w, https:\/\/sport.joelahtme.ee\/wp-content\/uploads\/2021\/11\/Sillal-600x450.jpg 600w, https:\/\/sport.joelahtme.ee\/wp-content\/uploads\/2021\/11\/Sillal-400x300.jpg 400w\" sizes=\"auto, (max-width: 300px) 100vw, 300px\" \/><\/p>\n<p>Pakub mitmekesist giidi ja matkajuhi teenust J\u00f5el\u00e4htme vallas.<\/p>\n<p>Korraldab jalgsi-, jalgratta-, auto- ja bussimatku erinevatele huvigruppidele.<\/p>\n<p>Seiklused looduses saab siduda ka nutiv\u00f5imalustega.<\/p>\n<p>Matkadega on v\u00f5imalik tutvuda FB lehel <em>Aja lugu matkates<\/em>.<\/p>\n<p>Keeled: eesti<\/p>\n<p><strong>Telefon:<\/strong> +372 512 7426<br \/>\n<strong>E-mail:<\/strong> kersti.lepik@eesti.ee<br \/>\n<strong>Koduleht: <a href=\"http:\/\/elamus.onepagefree.com\/?id=13092&amp;\">Elamused ja matkad &#8211; Kersti Lepik<\/a><\/strong><\/p>\n<p>&nbsp;<\/p>\n<div><\/div>\n","protected":false},"excerpt":{"rendered":"<p>J\u00f5el\u00e4htme vallas pakuvad giidiga ekskursioone neli\u00a0Harjumaa giidi atesteeringuga giidi: Kadri Prants, Tiia V\u00e4lk, Liis Truubon, Kersti Lepik. KADRIGA KOOS O\u00dc Matkajuhi ja atesteeritud Harjumaa giidi teenused peamiselt Ihasalu poolsaarel, aga&hellip;<a href=\"https:\/\/sport.joelahtme.ee\/?page_id=198\" class=\"more-link\"><span class=\"more-button\">Vaata&#8230;<span class=\"screen-reader-text\">Matkad ja ekskursioonid<\/span><\/span><\/a><\/p>\n","protected":false},"author":1,"featured_media":443,"parent":11,"menu_order":0,"comment_status":"closed","ping_status":"closed","template":"","meta":{"footnotes":""},"class_list":["post-198","page","type-page","status-publish","has-post-thumbnail","hentry"],"_links":{"self":[{"href":"https:\/\/sport.joelahtme.ee\/index.php?rest_route=\/wp\/v2\/pages\/198","targetHints":{"allow":["GET"]}}],"collection":[{"href":"https:\/\/sport.joelahtme.ee\/index.php?rest_route=\/wp\/v2\/pages"}],"about":[{"href":"https:\/\/sport.joelahtme.ee\/index.php?rest_route=\/wp\/v2\/types\/page"}],"author":[{"embeddable":true,"href":"https:\/\/sport.joelahtme.ee\/index.php?rest_route=\/wp\/v2\/users\/1"}],"replies":[{"embeddable":true,"href":"https:\/\/sport.joelahtme.ee\/index.php?rest_route=%2Fwp%2Fv2%2Fcomments&post=198"}],"version-history":[{"count":24,"href":"https:\/\/sport.joelahtme.ee\/index.php?rest_route=\/wp\/v2\/pages\/198\/revisions"}],"predecessor-version":[{"id":974,"href":"https:\/\/sport.joelahtme.ee\/index.php?rest_route=\/wp\/v2\/pages\/198\/revisions\/974"}],"up":[{"embeddable":true,"href":"https:\/\/sport.joelahtme.ee\/index.php?rest_route=\/wp\/v2\/pages\/11"}],"wp:featuredmedia":[{"embeddable":true,"href":"https:\/\/sport.joelahtme.ee\/index.php?rest_route=\/wp\/v2\/media\/443"}],"wp:attachment":[{"href":"https:\/\/sport.joelahtme.ee\/index.php?rest_route=%2Fwp%2Fv2%2Fmedia&parent=198"}],"curies":[{"name":"wp","href":"https:\/\/api.w.org\/{rel}","templated":true}]}}