{"id":194,"date":"2021-04-08T16:40:03","date_gmt":"2021-04-08T16:40:03","guid":{"rendered":"http:\/\/sport.joelahtme.ee\/?page_id=194"},"modified":"2021-06-08T16:40:23","modified_gmt":"2021-06-08T13:40:23","slug":"rebala-tallid","status":"publish","type":"page","link":"https:\/\/sport.joelahtme.ee\/?page_id=194","title":{"rendered":"Rebala tallid"},"content":{"rendered":"<p>Rebala tallid pakub kvaliteetset ratsutamisteenust. K\u00f5ik teenused ette broneerimisega!<\/p>\n<p><strong>Aadress:<\/strong> Rebala k\u00fcla, J\u00f5el\u00e4htme k\u00fcla, Harjumaa, 74222<br \/>\n<strong>Telefon:<\/strong> 529 7760 Julia Katok<br \/>\n<strong>E-mail:<\/strong> <a href=\"mailto:info@rebalatallid.com\">info@rebalatallid.com<\/a><br \/>\n<strong>Koduleht:<\/strong> <a href=\"https:\/\/rebalatallid.com\/et\/\" target=\"_blank\" rel=\"noopener\">https:\/\/rebalatallid.com\/et\/<\/a><\/p>\n","protected":false},"excerpt":{"rendered":"<p>Rebala tallid pakub kvaliteetset ratsutamisteenust. K\u00f5ik teenused ette broneerimisega! Aadress: Rebala k\u00fcla, J\u00f5el\u00e4htme k\u00fcla, Harjumaa, 74222 Telefon: 529 7760 Julia Katok E-mail: info@rebalatallid.com Koduleht: https:\/\/rebalatallid.com\/et\/<\/p>\n","protected":false},"author":1,"featured_media":441,"parent":11,"menu_order":0,"comment_status":"closed","ping_status":"closed","template":"","meta":{"footnotes":""},"class_list":["post-194","page","type-page","status-publish","has-post-thumbnail","hentry"],"_links":{"self":[{"href":"https:\/\/sport.joelahtme.ee\/index.php?rest_route=\/wp\/v2\/pages\/194","targetHints":{"allow":["GET"]}}],"collection":[{"href":"https:\/\/sport.joelahtme.ee\/index.php?rest_route=\/wp\/v2\/pages"}],"about":[{"href":"https:\/\/sport.joelahtme.ee\/index.php?rest_route=\/wp\/v2\/types\/page"}],"author":[{"embeddable":true,"href":"https:\/\/sport.joelahtme.ee\/index.php?rest_route=\/wp\/v2\/users\/1"}],"replies":[{"embeddable":true,"href":"https:\/\/sport.joelahtme.ee\/index.php?rest_route=%2Fwp%2Fv2%2Fcomments&post=194"}],"version-history":[{"count":4,"href":"https:\/\/sport.joelahtme.ee\/index.php?rest_route=\/wp\/v2\/pages\/194\/revisions"}],"predecessor-version":[{"id":822,"href":"https:\/\/sport.joelahtme.ee\/index.php?rest_route=\/wp\/v2\/pages\/194\/revisions\/822"}],"up":[{"embeddable":true,"href":"https:\/\/sport.joelahtme.ee\/index.php?rest_route=\/wp\/v2\/pages\/11"}],"wp:featuredmedia":[{"embeddable":true,"href":"https:\/\/sport.joelahtme.ee\/index.php?rest_route=\/wp\/v2\/media\/441"}],"wp:attachment":[{"href":"https:\/\/sport.joelahtme.ee\/index.php?rest_route=%2Fwp%2Fv2%2Fmedia&parent=194"}],"curies":[{"name":"wp","href":"https:\/\/api.w.org\/{rel}","templated":true}]}}