{"id":192,"date":"2021-04-08T16:39:26","date_gmt":"2021-04-08T16:39:26","guid":{"rendered":"http:\/\/sport.joelahtme.ee\/?page_id=192"},"modified":"2021-06-09T09:06:11","modified_gmt":"2021-06-09T06:06:11","slug":"joelahtme-tehnikaspordiklubi","status":"publish","type":"page","link":"https:\/\/sport.joelahtme.ee\/?page_id=192","title":{"rendered":"J\u00f5el\u00e4htme tehnikaspordiklubi"},"content":{"rendered":"<p>Sihtgrupp on J\u00f5el\u00e4htme valla tehnikahuvilised noored. Loodame neile abiks olla tehniliste kirgede v\u00e4ljaelamisel. Spordiklubi tehniline baas\u00a0 v\u00f5imaldab huvilistel osaleda\u00a0 tehnikaringis. Rendime\u00a0 erinevat tehnikat, millega\u00a0 s\u00f5idame klubi vahetus l\u00e4heduses paikneval rajal. Talvisel ajal hoolitseme erinevate suusaradade eest Lool, Kostiveres ja mujal valla territooriumil.<\/p>\n<p><strong>Aadress:<\/strong> Saha tee 7b, Loo alevik, J\u00f5el\u00e4htme vald, Harjumaa, 74201<br \/>\n<strong>Telefon:<\/strong> 511 0968<br \/>\n<strong>E-mail:<\/strong> <a href=\"mailto:tsikjoelahtme@hot.ee\">tsikjoelahtme@hot.ee<\/a><br \/>\n<strong>Koduleht:<\/strong> <a href=\"http:\/\/tskjoelahtme.onepagefree.com\/?id=4363&amp;\" target=\"_blank\" rel=\"noopener\">http:\/\/tskjoelahtme.onepagefree.com\/?id=4363&amp;<\/a><\/p>\n","protected":false},"excerpt":{"rendered":"<p>Sihtgrupp on J\u00f5el\u00e4htme valla tehnikahuvilised noored. Loodame neile abiks olla tehniliste kirgede v\u00e4ljaelamisel. Spordiklubi tehniline baas\u00a0 v\u00f5imaldab huvilistel osaleda\u00a0 tehnikaringis. Rendime\u00a0 erinevat tehnikat, millega\u00a0 s\u00f5idame klubi vahetus l\u00e4heduses paikneval rajal.&hellip;<a href=\"https:\/\/sport.joelahtme.ee\/?page_id=192\" class=\"more-link\"><span class=\"more-button\">Vaata&#8230;<span class=\"screen-reader-text\">J\u00f5el\u00e4htme tehnikaspordiklubi<\/span><\/span><\/a><\/p>\n","protected":false},"author":1,"featured_media":440,"parent":11,"menu_order":0,"comment_status":"closed","ping_status":"closed","template":"","meta":{"footnotes":""},"class_list":["post-192","page","type-page","status-publish","has-post-thumbnail","hentry"],"_links":{"self":[{"href":"https:\/\/sport.joelahtme.ee\/index.php?rest_route=\/wp\/v2\/pages\/192","targetHints":{"allow":["GET"]}}],"collection":[{"href":"https:\/\/sport.joelahtme.ee\/index.php?rest_route=\/wp\/v2\/pages"}],"about":[{"href":"https:\/\/sport.joelahtme.ee\/index.php?rest_route=\/wp\/v2\/types\/page"}],"author":[{"embeddable":true,"href":"https:\/\/sport.joelahtme.ee\/index.php?rest_route=\/wp\/v2\/users\/1"}],"replies":[{"embeddable":true,"href":"https:\/\/sport.joelahtme.ee\/index.php?rest_route=%2Fwp%2Fv2%2Fcomments&post=192"}],"version-history":[{"count":4,"href":"https:\/\/sport.joelahtme.ee\/index.php?rest_route=\/wp\/v2\/pages\/192\/revisions"}],"predecessor-version":[{"id":836,"href":"https:\/\/sport.joelahtme.ee\/index.php?rest_route=\/wp\/v2\/pages\/192\/revisions\/836"}],"up":[{"embeddable":true,"href":"https:\/\/sport.joelahtme.ee\/index.php?rest_route=\/wp\/v2\/pages\/11"}],"wp:featuredmedia":[{"embeddable":true,"href":"https:\/\/sport.joelahtme.ee\/index.php?rest_route=\/wp\/v2\/media\/440"}],"wp:attachment":[{"href":"https:\/\/sport.joelahtme.ee\/index.php?rest_route=%2Fwp%2Fv2%2Fmedia&parent=192"}],"curies":[{"name":"wp","href":"https:\/\/api.w.org\/{rel}","templated":true}]}}