{"id":188,"date":"2021-04-08T16:37:05","date_gmt":"2021-04-08T16:37:05","guid":{"rendered":"http:\/\/sport.joelahtme.ee\/?page_id=188"},"modified":"2022-09-29T11:11:07","modified_gmt":"2022-09-29T08:11:07","slug":"kostivere-pesapallivaljak","status":"publish","type":"page","link":"https:\/\/sport.joelahtme.ee\/?page_id=188","title":{"rendered":"Kostivere pesapalliv\u00e4ljak"},"content":{"rendered":"<p>Muruv\u00e4ljakuga plats v\u00f5istkondlikuks sportm\u00e4nguks.<\/p>\n<p><strong>Asukoht: <\/strong>Pumbajaama tee \u00e4\u00e4res<br \/>\n<strong>Aadress: <\/strong>Aruk\u00fcla tee 3, Kostivere alevik, J\u00f5el\u00e4htme vald, Harju maakond<br \/>\n<strong>Telefon: <\/strong>+372 517 4890<br \/>\n<strong>E-mail: <\/strong><a href=\"mailto:tanel.rahukyla@gmail.com\">tanel.rahukyla@gmail.com<\/a><\/p>\n<p><a href=\"http:\/\/sport.joelahtme.ee\/wp-content\/uploads\/2022\/09\/Kostivere-Staadion-7.jpg\"><img loading=\"lazy\" decoding=\"async\" class=\"alignnone size-medium wp-image-1073\" src=\"http:\/\/sport.joelahtme.ee\/wp-content\/uploads\/2022\/09\/Kostivere-Staadion-7-300x225.jpg\" alt=\"\" width=\"300\" height=\"225\" srcset=\"https:\/\/sport.joelahtme.ee\/wp-content\/uploads\/2022\/09\/Kostivere-Staadion-7-300x225.jpg 300w, https:\/\/sport.joelahtme.ee\/wp-content\/uploads\/2022\/09\/Kostivere-Staadion-7-1024x768.jpg 1024w, https:\/\/sport.joelahtme.ee\/wp-content\/uploads\/2022\/09\/Kostivere-Staadion-7-768x576.jpg 768w, https:\/\/sport.joelahtme.ee\/wp-content\/uploads\/2022\/09\/Kostivere-Staadion-7-1536x1152.jpg 1536w, https:\/\/sport.joelahtme.ee\/wp-content\/uploads\/2022\/09\/Kostivere-Staadion-7-825x620.jpg 825w, https:\/\/sport.joelahtme.ee\/wp-content\/uploads\/2022\/09\/Kostivere-Staadion-7-1333x1000.jpg 1333w, https:\/\/sport.joelahtme.ee\/wp-content\/uploads\/2022\/09\/Kostivere-Staadion-7-600x450.jpg 600w, https:\/\/sport.joelahtme.ee\/wp-content\/uploads\/2022\/09\/Kostivere-Staadion-7-400x300.jpg 400w, https:\/\/sport.joelahtme.ee\/wp-content\/uploads\/2022\/09\/Kostivere-Staadion-7.jpg 1600w\" sizes=\"auto, (max-width: 300px) 100vw, 300px\" \/><\/a><\/p>\n","protected":false},"excerpt":{"rendered":"<p>Muruv\u00e4ljakuga plats v\u00f5istkondlikuks sportm\u00e4nguks. Asukoht: Pumbajaama tee \u00e4\u00e4res Aadress: Aruk\u00fcla tee 3, Kostivere alevik, J\u00f5el\u00e4htme vald, Harju maakond Telefon: +372 517 4890 E-mail: tanel.rahukyla@gmail.com<\/p>\n","protected":false},"author":1,"featured_media":0,"parent":11,"menu_order":0,"comment_status":"closed","ping_status":"closed","template":"","meta":{"footnotes":""},"class_list":["post-188","page","type-page","status-publish","hentry"],"_links":{"self":[{"href":"https:\/\/sport.joelahtme.ee\/index.php?rest_route=\/wp\/v2\/pages\/188","targetHints":{"allow":["GET"]}}],"collection":[{"href":"https:\/\/sport.joelahtme.ee\/index.php?rest_route=\/wp\/v2\/pages"}],"about":[{"href":"https:\/\/sport.joelahtme.ee\/index.php?rest_route=\/wp\/v2\/types\/page"}],"author":[{"embeddable":true,"href":"https:\/\/sport.joelahtme.ee\/index.php?rest_route=\/wp\/v2\/users\/1"}],"replies":[{"embeddable":true,"href":"https:\/\/sport.joelahtme.ee\/index.php?rest_route=%2Fwp%2Fv2%2Fcomments&post=188"}],"version-history":[{"count":5,"href":"https:\/\/sport.joelahtme.ee\/index.php?rest_route=\/wp\/v2\/pages\/188\/revisions"}],"predecessor-version":[{"id":1074,"href":"https:\/\/sport.joelahtme.ee\/index.php?rest_route=\/wp\/v2\/pages\/188\/revisions\/1074"}],"up":[{"embeddable":true,"href":"https:\/\/sport.joelahtme.ee\/index.php?rest_route=\/wp\/v2\/pages\/11"}],"wp:attachment":[{"href":"https:\/\/sport.joelahtme.ee\/index.php?rest_route=%2Fwp%2Fv2%2Fmedia&parent=188"}],"curies":[{"name":"wp","href":"https:\/\/api.w.org\/{rel}","templated":true}]}}