{"id":186,"date":"2021-04-08T16:36:38","date_gmt":"2021-04-08T16:36:38","guid":{"rendered":"http:\/\/sport.joelahtme.ee\/?page_id=186"},"modified":"2022-09-26T10:18:24","modified_gmt":"2022-09-26T07:18:24","slug":"iru-tennisevaljak","status":"publish","type":"page","link":"https:\/\/sport.joelahtme.ee\/?page_id=186","title":{"rendered":"Iru tennisev\u00e4ljak"},"content":{"rendered":"<p>Tartaankattega tennise v\u00e4liv\u00e4ljak, haldaja MT\u00dc Iru \u00c4mma Klubi<\/p>\n<p><strong>Aadress:<\/strong> \u00c4mma tee 2, Iru k\u00fcla, J\u00f5el\u00e4htme vald, Harjumaa, 74206<br \/>\n<strong>Telefon:<\/strong> 504 8166<br \/>\n<strong>E-mail:<\/strong> <a href=\"mailto:irukyla@gmail.com\">irukyla@gmail.com<\/a><br \/>\n<strong>Koduleht:<\/strong> <a href=\"http:\/\/iru.ee\/index.php?id=35\" target=\"_blank\" rel=\"noopener\">http:\/\/iru.ee\/index.php?id=35<\/a><\/p>\n<figure id=\"attachment_1035\" aria-describedby=\"caption-attachment-1035\" style=\"width: 300px\" class=\"wp-caption alignnone\"><a href=\"http:\/\/sport.joelahtme.ee\/wp-content\/uploads\/2022\/09\/2021.07.05-Iru-kulaplats-10tennis.jpg\"><img loading=\"lazy\" decoding=\"async\" class=\"size-medium wp-image-1035\" src=\"http:\/\/sport.joelahtme.ee\/wp-content\/uploads\/2022\/09\/2021.07.05-Iru-kulaplats-10tennis-300x225.jpg\" alt=\"\" width=\"300\" height=\"225\" srcset=\"https:\/\/sport.joelahtme.ee\/wp-content\/uploads\/2022\/09\/2021.07.05-Iru-kulaplats-10tennis-300x225.jpg 300w, https:\/\/sport.joelahtme.ee\/wp-content\/uploads\/2022\/09\/2021.07.05-Iru-kulaplats-10tennis-1024x768.jpg 1024w, https:\/\/sport.joelahtme.ee\/wp-content\/uploads\/2022\/09\/2021.07.05-Iru-kulaplats-10tennis-768x576.jpg 768w, https:\/\/sport.joelahtme.ee\/wp-content\/uploads\/2022\/09\/2021.07.05-Iru-kulaplats-10tennis-1536x1152.jpg 1536w, https:\/\/sport.joelahtme.ee\/wp-content\/uploads\/2022\/09\/2021.07.05-Iru-kulaplats-10tennis-825x620.jpg 825w, https:\/\/sport.joelahtme.ee\/wp-content\/uploads\/2022\/09\/2021.07.05-Iru-kulaplats-10tennis-1333x1000.jpg 1333w, https:\/\/sport.joelahtme.ee\/wp-content\/uploads\/2022\/09\/2021.07.05-Iru-kulaplats-10tennis-600x450.jpg 600w, https:\/\/sport.joelahtme.ee\/wp-content\/uploads\/2022\/09\/2021.07.05-Iru-kulaplats-10tennis-400x300.jpg 400w, https:\/\/sport.joelahtme.ee\/wp-content\/uploads\/2022\/09\/2021.07.05-Iru-kulaplats-10tennis.jpg 1600w\" sizes=\"auto, (max-width: 300px) 100vw, 300px\" \/><\/a><figcaption id=\"caption-attachment-1035\" class=\"wp-caption-text\"><em>Foto: T\u00f5nis Tuuder<\/em><\/figcaption><\/figure>\n","protected":false},"excerpt":{"rendered":"<p>Tartaankattega tennise v\u00e4liv\u00e4ljak, haldaja MT\u00dc Iru \u00c4mma Klubi Aadress: \u00c4mma tee 2, Iru k\u00fcla, J\u00f5el\u00e4htme vald, Harjumaa, 74206 Telefon: 504 8166 E-mail: irukyla@gmail.com Koduleht: http:\/\/iru.ee\/index.php?id=35<\/p>\n","protected":false},"author":1,"featured_media":0,"parent":11,"menu_order":0,"comment_status":"closed","ping_status":"closed","template":"","meta":{"footnotes":""},"class_list":["post-186","page","type-page","status-publish","hentry"],"_links":{"self":[{"href":"https:\/\/sport.joelahtme.ee\/index.php?rest_route=\/wp\/v2\/pages\/186","targetHints":{"allow":["GET"]}}],"collection":[{"href":"https:\/\/sport.joelahtme.ee\/index.php?rest_route=\/wp\/v2\/pages"}],"about":[{"href":"https:\/\/sport.joelahtme.ee\/index.php?rest_route=\/wp\/v2\/types\/page"}],"author":[{"embeddable":true,"href":"https:\/\/sport.joelahtme.ee\/index.php?rest_route=\/wp\/v2\/users\/1"}],"replies":[{"embeddable":true,"href":"https:\/\/sport.joelahtme.ee\/index.php?rest_route=%2Fwp%2Fv2%2Fcomments&post=186"}],"version-history":[{"count":6,"href":"https:\/\/sport.joelahtme.ee\/index.php?rest_route=\/wp\/v2\/pages\/186\/revisions"}],"predecessor-version":[{"id":1039,"href":"https:\/\/sport.joelahtme.ee\/index.php?rest_route=\/wp\/v2\/pages\/186\/revisions\/1039"}],"up":[{"embeddable":true,"href":"https:\/\/sport.joelahtme.ee\/index.php?rest_route=\/wp\/v2\/pages\/11"}],"wp:attachment":[{"href":"https:\/\/sport.joelahtme.ee\/index.php?rest_route=%2Fwp%2Fv2%2Fmedia&parent=186"}],"curies":[{"name":"wp","href":"https:\/\/api.w.org\/{rel}","templated":true}]}}