{"id":184,"date":"2021-04-08T16:36:09","date_gmt":"2021-04-08T16:36:09","guid":{"rendered":"http:\/\/sport.joelahtme.ee\/?page_id=184"},"modified":"2021-06-08T16:05:25","modified_gmt":"2021-06-08T13:05:25","slug":"loo-tennisevaljak","status":"publish","type":"page","link":"https:\/\/sport.joelahtme.ee\/?page_id=184","title":{"rendered":"Loo tennisev\u00e4ljak"},"content":{"rendered":"<p>Tennise v\u00e4liv\u00e4ljak kunstmurukattega, haldaja Loo Spordihoone.<\/p>\n<p><strong>Aadress:<\/strong> Spordi tee 5, Loo alevik, J\u00f5el\u00e4htme vald, Harjumaa, 74201 (Loo Spordihoone k\u00f5rval).<br \/>\n<strong>Kontakt ja broneerimine:<\/strong><br \/>\n5646 5761 J\u00fcri (juuni ja august)<br \/>\n507 6655 Helen (juulis)<br \/>\nSeptembris spordihoone administraatori numbril v\u00f5i eeltoodud numbritel.<br \/>\n<strong>Koduleht:<\/strong> <a href=\"https:\/\/spordiklubiloo.wordpress.com\/tennisevaljak\/\" target=\"_blank\" rel=\"noopener\">https:\/\/spordiklubiloo.wordpress.com\/tennisevaljak\/<\/a><\/p>\n<div>\n<p><strong>Tennisev\u00e4ljaku hinnakiri SUVEL 2021:<\/strong><\/p>\n<\/div>\n<div>\n<p>V\u00e4ljaku kasutamine J\u00f5el\u00e4htme valla registris olevatele elanikele \u2013 5 eurot \/ tund<\/p>\n<\/div>\n<div>\n<p>v\u00e4ljaku kasutamine J\u00f5el\u00e4htme valla lastele \u2013 1 euro \/ tund<\/p>\n<\/div>\n<div>\n<p>v\u00e4ljaku kasutamine v\u00e4ljastpoolt valda k\u00fclastajatele \u2013 20 eurot \/ tund.<\/p>\n<\/div>\n<div>\n<p>J\u00f5el\u00e4htme valla kodanikel on v\u00f5imalus astuda p\u00fcsikliendiks ja tasuda hooaja tasu (2021. aasta v\u00e4lihooaja l\u00f5puni):<\/p>\n<\/div>\n<div>\n<p>\u2013 t\u00e4iskasvanud \u2013 50 eurot<\/p>\n<\/div>\n<div>\n<p>\u2013 lapsed (kuni 18a.) \u2013 15 eurot<\/p>\n<\/div>\n<p>&nbsp;<\/p>\n","protected":false},"excerpt":{"rendered":"<p>Tennise v\u00e4liv\u00e4ljak kunstmurukattega, haldaja Loo Spordihoone. Aadress: Spordi tee 5, Loo alevik, J\u00f5el\u00e4htme vald, Harjumaa, 74201 (Loo Spordihoone k\u00f5rval). Kontakt ja broneerimine: 5646 5761 J\u00fcri (juuni ja august) 507 6655&hellip;<a href=\"https:\/\/sport.joelahtme.ee\/?page_id=184\" class=\"more-link\"><span class=\"more-button\">Vaata&#8230;<span class=\"screen-reader-text\">Loo tennisev\u00e4ljak<\/span><\/span><\/a><\/p>\n","protected":false},"author":1,"featured_media":429,"parent":11,"menu_order":0,"comment_status":"closed","ping_status":"closed","template":"","meta":{"footnotes":""},"class_list":["post-184","page","type-page","status-publish","has-post-thumbnail","hentry"],"_links":{"self":[{"href":"https:\/\/sport.joelahtme.ee\/index.php?rest_route=\/wp\/v2\/pages\/184","targetHints":{"allow":["GET"]}}],"collection":[{"href":"https:\/\/sport.joelahtme.ee\/index.php?rest_route=\/wp\/v2\/pages"}],"about":[{"href":"https:\/\/sport.joelahtme.ee\/index.php?rest_route=\/wp\/v2\/types\/page"}],"author":[{"embeddable":true,"href":"https:\/\/sport.joelahtme.ee\/index.php?rest_route=\/wp\/v2\/users\/1"}],"replies":[{"embeddable":true,"href":"https:\/\/sport.joelahtme.ee\/index.php?rest_route=%2Fwp%2Fv2%2Fcomments&post=184"}],"version-history":[{"count":8,"href":"https:\/\/sport.joelahtme.ee\/index.php?rest_route=\/wp\/v2\/pages\/184\/revisions"}],"predecessor-version":[{"id":801,"href":"https:\/\/sport.joelahtme.ee\/index.php?rest_route=\/wp\/v2\/pages\/184\/revisions\/801"}],"up":[{"embeddable":true,"href":"https:\/\/sport.joelahtme.ee\/index.php?rest_route=\/wp\/v2\/pages\/11"}],"wp:featuredmedia":[{"embeddable":true,"href":"https:\/\/sport.joelahtme.ee\/index.php?rest_route=\/wp\/v2\/media\/429"}],"wp:attachment":[{"href":"https:\/\/sport.joelahtme.ee\/index.php?rest_route=%2Fwp%2Fv2%2Fmedia&parent=184"}],"curies":[{"name":"wp","href":"https:\/\/api.w.org\/{rel}","templated":true}]}}