{"id":182,"date":"2021-04-08T16:35:36","date_gmt":"2021-04-08T16:35:36","guid":{"rendered":"http:\/\/sport.joelahtme.ee\/?page_id=182"},"modified":"2022-09-26T10:21:42","modified_gmt":"2022-09-26T07:21:42","slug":"neeme-jalgpallivaljak","status":"publish","type":"page","link":"https:\/\/sport.joelahtme.ee\/?page_id=182","title":{"rendered":"Neeme jalgpalliv\u00e4ljak"},"content":{"rendered":"<p>Murukattega jalgpalliv\u00e4ljak, m\u00f5\u00f5tmed 38x24m. Olemas jalgpalliv\u00e4ravad koos v\u00f5rguga.<\/p>\n<p>Asukoht: Neeme lasteaia taga<\/p>\n<p><strong>Aadress: <\/strong>M\u00e4nnim\u00e4e tee 10, Neeme k\u00fcla, J\u00f5el\u00e4htme vald, Harju maakond<strong><br \/>\nKontakt: <\/strong>Pille Plakk<br \/>\n<strong>Telefon:<\/strong> 5622 2953<br \/>\n<strong>E-mail:<\/strong><a href=\"mailto:pilleplakk@hotmail.com\"> pilleplakk@hotmail.com<\/a><\/p>\n<p><a href=\"http:\/\/sport.joelahtme.ee\/wp-content\/uploads\/2022\/09\/2021.07.11-Neeme-jalgpall-4.jpg\"><img loading=\"lazy\" decoding=\"async\" class=\"alignnone size-medium wp-image-1043\" src=\"http:\/\/sport.joelahtme.ee\/wp-content\/uploads\/2022\/09\/2021.07.11-Neeme-jalgpall-4-300x200.jpg\" alt=\"\" width=\"300\" height=\"200\" srcset=\"https:\/\/sport.joelahtme.ee\/wp-content\/uploads\/2022\/09\/2021.07.11-Neeme-jalgpall-4-300x200.jpg 300w, https:\/\/sport.joelahtme.ee\/wp-content\/uploads\/2022\/09\/2021.07.11-Neeme-jalgpall-4-1024x683.jpg 1024w, https:\/\/sport.joelahtme.ee\/wp-content\/uploads\/2022\/09\/2021.07.11-Neeme-jalgpall-4-768x512.jpg 768w, https:\/\/sport.joelahtme.ee\/wp-content\/uploads\/2022\/09\/2021.07.11-Neeme-jalgpall-4-1536x1024.jpg 1536w, https:\/\/sport.joelahtme.ee\/wp-content\/uploads\/2022\/09\/2021.07.11-Neeme-jalgpall-4-825x550.jpg 825w, https:\/\/sport.joelahtme.ee\/wp-content\/uploads\/2022\/09\/2021.07.11-Neeme-jalgpall-4-1500x1000.jpg 1500w, https:\/\/sport.joelahtme.ee\/wp-content\/uploads\/2022\/09\/2021.07.11-Neeme-jalgpall-4-600x400.jpg 600w, https:\/\/sport.joelahtme.ee\/wp-content\/uploads\/2022\/09\/2021.07.11-Neeme-jalgpall-4-400x267.jpg 400w, https:\/\/sport.joelahtme.ee\/wp-content\/uploads\/2022\/09\/2021.07.11-Neeme-jalgpall-4.jpg 1600w\" sizes=\"auto, (max-width: 300px) 100vw, 300px\" \/><\/a><\/p>\n<p><em>Foto: T\u00f5nis Tuuder<\/em><\/p>\n","protected":false},"excerpt":{"rendered":"<p>Murukattega jalgpalliv\u00e4ljak, m\u00f5\u00f5tmed 38x24m. Olemas jalgpalliv\u00e4ravad koos v\u00f5rguga. Asukoht: Neeme lasteaia taga Aadress: M\u00e4nnim\u00e4e tee 10, Neeme k\u00fcla, J\u00f5el\u00e4htme vald, Harju maakond Kontakt: Pille Plakk Telefon: 5622 2953 E-mail: pilleplakk@hotmail.com&hellip;<a href=\"https:\/\/sport.joelahtme.ee\/?page_id=182\" class=\"more-link\"><span class=\"more-button\">Vaata&#8230;<span class=\"screen-reader-text\">Neeme jalgpalliv\u00e4ljak<\/span><\/span><\/a><\/p>\n","protected":false},"author":1,"featured_media":0,"parent":11,"menu_order":0,"comment_status":"closed","ping_status":"closed","template":"","meta":{"footnotes":""},"class_list":["post-182","page","type-page","status-publish","hentry"],"_links":{"self":[{"href":"https:\/\/sport.joelahtme.ee\/index.php?rest_route=\/wp\/v2\/pages\/182","targetHints":{"allow":["GET"]}}],"collection":[{"href":"https:\/\/sport.joelahtme.ee\/index.php?rest_route=\/wp\/v2\/pages"}],"about":[{"href":"https:\/\/sport.joelahtme.ee\/index.php?rest_route=\/wp\/v2\/types\/page"}],"author":[{"embeddable":true,"href":"https:\/\/sport.joelahtme.ee\/index.php?rest_route=\/wp\/v2\/users\/1"}],"replies":[{"embeddable":true,"href":"https:\/\/sport.joelahtme.ee\/index.php?rest_route=%2Fwp%2Fv2%2Fcomments&post=182"}],"version-history":[{"count":9,"href":"https:\/\/sport.joelahtme.ee\/index.php?rest_route=\/wp\/v2\/pages\/182\/revisions"}],"predecessor-version":[{"id":1047,"href":"https:\/\/sport.joelahtme.ee\/index.php?rest_route=\/wp\/v2\/pages\/182\/revisions\/1047"}],"up":[{"embeddable":true,"href":"https:\/\/sport.joelahtme.ee\/index.php?rest_route=\/wp\/v2\/pages\/11"}],"wp:attachment":[{"href":"https:\/\/sport.joelahtme.ee\/index.php?rest_route=%2Fwp%2Fv2%2Fmedia&parent=182"}],"curies":[{"name":"wp","href":"https:\/\/api.w.org\/{rel}","templated":true}]}}