{"id":180,"date":"2021-04-08T16:34:27","date_gmt":"2021-04-08T16:34:27","guid":{"rendered":"http:\/\/sport.joelahtme.ee\/?page_id=180"},"modified":"2022-09-29T10:51:02","modified_gmt":"2022-09-29T07:51:02","slug":"joelahtme-rahvamaja-spordivaljak","status":"publish","type":"page","link":"https:\/\/sport.joelahtme.ee\/?page_id=180","title":{"rendered":"J\u00f5el\u00e4htme rahvamaja spordiv\u00e4ljak"},"content":{"rendered":"<p>J\u00f5el\u00e4htme rahvamaja rannavolle- ja jalgpalliv\u00e4ljak.<\/p>\n<p><strong>Aadress: <\/strong>Kivisilla tee 2, J\u00f5el\u00e4htme k\u00fcla, J\u00f5el\u00e4htme vald, Harju maakond<\/p>\n<p><strong>Merike Kahu\u00a0<\/strong>J\u00f5el\u00e4htme Rahvamaja kultuurijuht<br \/>\nTel: +372 60 33 053<br \/>\nMob: +372 5210975<br \/>\nE-post: kahumerike@gmail.com<\/p>\n<p>&nbsp;<\/p>\n<p><a href=\"http:\/\/sport.joelahtme.ee\/wp-content\/uploads\/2022\/09\/Joelahtme-spordiplats-scaled.jpg\"><img loading=\"lazy\" decoding=\"async\" class=\"alignnone size-medium wp-image-1070\" src=\"http:\/\/sport.joelahtme.ee\/wp-content\/uploads\/2022\/09\/Joelahtme-spordiplats-225x300.jpg\" alt=\"\" width=\"225\" height=\"300\" srcset=\"https:\/\/sport.joelahtme.ee\/wp-content\/uploads\/2022\/09\/Joelahtme-spordiplats-225x300.jpg 225w, https:\/\/sport.joelahtme.ee\/wp-content\/uploads\/2022\/09\/Joelahtme-spordiplats-768x1024.jpg 768w, https:\/\/sport.joelahtme.ee\/wp-content\/uploads\/2022\/09\/Joelahtme-spordiplats-1152x1536.jpg 1152w, https:\/\/sport.joelahtme.ee\/wp-content\/uploads\/2022\/09\/Joelahtme-spordiplats-1536x2048.jpg 1536w, https:\/\/sport.joelahtme.ee\/wp-content\/uploads\/2022\/09\/Joelahtme-spordiplats-465x620.jpg 465w, https:\/\/sport.joelahtme.ee\/wp-content\/uploads\/2022\/09\/Joelahtme-spordiplats-750x1000.jpg 750w, https:\/\/sport.joelahtme.ee\/wp-content\/uploads\/2022\/09\/Joelahtme-spordiplats-488x650.jpg 488w, https:\/\/sport.joelahtme.ee\/wp-content\/uploads\/2022\/09\/Joelahtme-spordiplats-338x450.jpg 338w, https:\/\/sport.joelahtme.ee\/wp-content\/uploads\/2022\/09\/Joelahtme-spordiplats-scaled.jpg 1920w\" sizes=\"auto, (max-width: 225px) 100vw, 225px\" \/><\/a> <a href=\"http:\/\/sport.joelahtme.ee\/wp-content\/uploads\/2022\/09\/Joelahtme-spordiplats3-scaled.jpg\"><img loading=\"lazy\" decoding=\"async\" class=\"alignnone size-medium wp-image-1071\" src=\"http:\/\/sport.joelahtme.ee\/wp-content\/uploads\/2022\/09\/Joelahtme-spordiplats3-225x300.jpg\" alt=\"\" width=\"225\" height=\"300\" srcset=\"https:\/\/sport.joelahtme.ee\/wp-content\/uploads\/2022\/09\/Joelahtme-spordiplats3-225x300.jpg 225w, https:\/\/sport.joelahtme.ee\/wp-content\/uploads\/2022\/09\/Joelahtme-spordiplats3-768x1024.jpg 768w, https:\/\/sport.joelahtme.ee\/wp-content\/uploads\/2022\/09\/Joelahtme-spordiplats3-1152x1536.jpg 1152w, https:\/\/sport.joelahtme.ee\/wp-content\/uploads\/2022\/09\/Joelahtme-spordiplats3-1536x2048.jpg 1536w, https:\/\/sport.joelahtme.ee\/wp-content\/uploads\/2022\/09\/Joelahtme-spordiplats3-465x620.jpg 465w, https:\/\/sport.joelahtme.ee\/wp-content\/uploads\/2022\/09\/Joelahtme-spordiplats3-750x1000.jpg 750w, https:\/\/sport.joelahtme.ee\/wp-content\/uploads\/2022\/09\/Joelahtme-spordiplats3-488x650.jpg 488w, https:\/\/sport.joelahtme.ee\/wp-content\/uploads\/2022\/09\/Joelahtme-spordiplats3-338x450.jpg 338w, https:\/\/sport.joelahtme.ee\/wp-content\/uploads\/2022\/09\/Joelahtme-spordiplats3-scaled.jpg 1920w\" sizes=\"auto, (max-width: 225px) 100vw, 225px\" \/><\/a><\/p>\n","protected":false},"excerpt":{"rendered":"<p>J\u00f5el\u00e4htme rahvamaja rannavolle- ja jalgpalliv\u00e4ljak. Aadress: Kivisilla tee 2, J\u00f5el\u00e4htme k\u00fcla, J\u00f5el\u00e4htme vald, Harju maakond Merike Kahu\u00a0J\u00f5el\u00e4htme Rahvamaja kultuurijuht Tel: +372 60 33 053 Mob: +372 5210975 E-post: kahumerike@gmail.com &nbsp;<\/p>\n","protected":false},"author":1,"featured_media":0,"parent":11,"menu_order":0,"comment_status":"closed","ping_status":"closed","template":"","meta":{"footnotes":""},"class_list":["post-180","page","type-page","status-publish","hentry"],"_links":{"self":[{"href":"https:\/\/sport.joelahtme.ee\/index.php?rest_route=\/wp\/v2\/pages\/180","targetHints":{"allow":["GET"]}}],"collection":[{"href":"https:\/\/sport.joelahtme.ee\/index.php?rest_route=\/wp\/v2\/pages"}],"about":[{"href":"https:\/\/sport.joelahtme.ee\/index.php?rest_route=\/wp\/v2\/types\/page"}],"author":[{"embeddable":true,"href":"https:\/\/sport.joelahtme.ee\/index.php?rest_route=\/wp\/v2\/users\/1"}],"replies":[{"embeddable":true,"href":"https:\/\/sport.joelahtme.ee\/index.php?rest_route=%2Fwp%2Fv2%2Fcomments&post=180"}],"version-history":[{"count":9,"href":"https:\/\/sport.joelahtme.ee\/index.php?rest_route=\/wp\/v2\/pages\/180\/revisions"}],"predecessor-version":[{"id":1072,"href":"https:\/\/sport.joelahtme.ee\/index.php?rest_route=\/wp\/v2\/pages\/180\/revisions\/1072"}],"up":[{"embeddable":true,"href":"https:\/\/sport.joelahtme.ee\/index.php?rest_route=\/wp\/v2\/pages\/11"}],"wp:attachment":[{"href":"https:\/\/sport.joelahtme.ee\/index.php?rest_route=%2Fwp%2Fv2%2Fmedia&parent=180"}],"curies":[{"name":"wp","href":"https:\/\/api.w.org\/{rel}","templated":true}]}}