{"id":178,"date":"2021-04-08T16:33:39","date_gmt":"2021-04-08T16:33:39","guid":{"rendered":"http:\/\/sport.joelahtme.ee\/?page_id=178"},"modified":"2022-09-26T10:20:04","modified_gmt":"2022-09-26T07:20:04","slug":"iru-kula-spordivaljak","status":"publish","type":"page","link":"https:\/\/sport.joelahtme.ee\/?page_id=178","title":{"rendered":"Iru k\u00fcla spordiv\u00e4ljak"},"content":{"rendered":"<p>Multifunktsionaalne tartaankattega v\u00e4ljak, kus saab m\u00e4ngida tennist, korv- ja v\u00f5rkpalli. Spordiv\u00e4ljaku k\u00f5rval asub laste liikluslinnak.<\/p>\n<p><strong>Aadress:<\/strong> \u00c4mma tee 2, Iru k\u00fcla, J\u00f5el\u00e4htme vald, Harjumaa, 74206<br \/>\n<strong>E-mail:<\/strong> <a href=\"mailto:irukyla@gmail.com\">irukyla@gmail.com<\/a>, <a href=\"mailto:info@iru.ee\">info@iru.ee<\/a><br \/>\n<strong>Koduleht: <\/strong><a href=\"http:\/\/www.iru.ee\/\" target=\"_blank\" rel=\"noopener\">http:\/\/www.iru.ee\/<\/a><\/p>\n<p>&nbsp;<\/p>\n<p><a href=\"http:\/\/sport.joelahtme.ee\/wp-content\/uploads\/2022\/09\/2021.07.05-Iru-kulaplats-18Tennis-ja-vork.jpg\"><img loading=\"lazy\" decoding=\"async\" class=\"alignnone wp-image-1037 size-medium\" src=\"http:\/\/sport.joelahtme.ee\/wp-content\/uploads\/2022\/09\/2021.07.05-Iru-kulaplats-18Tennis-ja-vork-300x225.jpg\" alt=\"\" width=\"300\" height=\"225\" srcset=\"https:\/\/sport.joelahtme.ee\/wp-content\/uploads\/2022\/09\/2021.07.05-Iru-kulaplats-18Tennis-ja-vork-300x225.jpg 300w, https:\/\/sport.joelahtme.ee\/wp-content\/uploads\/2022\/09\/2021.07.05-Iru-kulaplats-18Tennis-ja-vork-1024x768.jpg 1024w, https:\/\/sport.joelahtme.ee\/wp-content\/uploads\/2022\/09\/2021.07.05-Iru-kulaplats-18Tennis-ja-vork-768x576.jpg 768w, https:\/\/sport.joelahtme.ee\/wp-content\/uploads\/2022\/09\/2021.07.05-Iru-kulaplats-18Tennis-ja-vork-1536x1152.jpg 1536w, https:\/\/sport.joelahtme.ee\/wp-content\/uploads\/2022\/09\/2021.07.05-Iru-kulaplats-18Tennis-ja-vork-825x620.jpg 825w, https:\/\/sport.joelahtme.ee\/wp-content\/uploads\/2022\/09\/2021.07.05-Iru-kulaplats-18Tennis-ja-vork-1333x1000.jpg 1333w, https:\/\/sport.joelahtme.ee\/wp-content\/uploads\/2022\/09\/2021.07.05-Iru-kulaplats-18Tennis-ja-vork-600x450.jpg 600w, https:\/\/sport.joelahtme.ee\/wp-content\/uploads\/2022\/09\/2021.07.05-Iru-kulaplats-18Tennis-ja-vork-400x300.jpg 400w, https:\/\/sport.joelahtme.ee\/wp-content\/uploads\/2022\/09\/2021.07.05-Iru-kulaplats-18Tennis-ja-vork.jpg 1600w\" sizes=\"auto, (max-width: 300px) 100vw, 300px\" \/><\/a><a href=\"http:\/\/sport.joelahtme.ee\/wp-content\/uploads\/2022\/09\/2021.07.05-Iru-kulaplats-12valijoukas.jpg\"><img loading=\"lazy\" decoding=\"async\" class=\"alignnone size-medium wp-image-1036\" src=\"http:\/\/sport.joelahtme.ee\/wp-content\/uploads\/2022\/09\/2021.07.05-Iru-kulaplats-12valijoukas-300x225.jpg\" alt=\"\" width=\"300\" height=\"225\" srcset=\"https:\/\/sport.joelahtme.ee\/wp-content\/uploads\/2022\/09\/2021.07.05-Iru-kulaplats-12valijoukas-300x225.jpg 300w, https:\/\/sport.joelahtme.ee\/wp-content\/uploads\/2022\/09\/2021.07.05-Iru-kulaplats-12valijoukas-1024x768.jpg 1024w, https:\/\/sport.joelahtme.ee\/wp-content\/uploads\/2022\/09\/2021.07.05-Iru-kulaplats-12valijoukas-768x576.jpg 768w, https:\/\/sport.joelahtme.ee\/wp-content\/uploads\/2022\/09\/2021.07.05-Iru-kulaplats-12valijoukas-1536x1152.jpg 1536w, https:\/\/sport.joelahtme.ee\/wp-content\/uploads\/2022\/09\/2021.07.05-Iru-kulaplats-12valijoukas-825x620.jpg 825w, https:\/\/sport.joelahtme.ee\/wp-content\/uploads\/2022\/09\/2021.07.05-Iru-kulaplats-12valijoukas-1333x1000.jpg 1333w, https:\/\/sport.joelahtme.ee\/wp-content\/uploads\/2022\/09\/2021.07.05-Iru-kulaplats-12valijoukas-600x450.jpg 600w, https:\/\/sport.joelahtme.ee\/wp-content\/uploads\/2022\/09\/2021.07.05-Iru-kulaplats-12valijoukas-400x300.jpg 400w, https:\/\/sport.joelahtme.ee\/wp-content\/uploads\/2022\/09\/2021.07.05-Iru-kulaplats-12valijoukas.jpg 1600w\" sizes=\"auto, (max-width: 300px) 100vw, 300px\" \/><\/a><\/p>\n<p><em>Fotod: T\u00f5nis Tuuder<\/em><\/p>\n<p>&nbsp;<\/p>\n","protected":false},"excerpt":{"rendered":"<p>Multifunktsionaalne tartaankattega v\u00e4ljak, kus saab m\u00e4ngida tennist, korv- ja v\u00f5rkpalli. Spordiv\u00e4ljaku k\u00f5rval asub laste liikluslinnak. Aadress: \u00c4mma tee 2, Iru k\u00fcla, J\u00f5el\u00e4htme vald, Harjumaa, 74206 E-mail: irukyla@gmail.com, info@iru.ee Koduleht: http:\/\/www.iru.ee\/&hellip;<a href=\"https:\/\/sport.joelahtme.ee\/?page_id=178\" class=\"more-link\"><span class=\"more-button\">Vaata&#8230;<span class=\"screen-reader-text\">Iru k\u00fcla spordiv\u00e4ljak<\/span><\/span><\/a><\/p>\n","protected":false},"author":1,"featured_media":0,"parent":11,"menu_order":0,"comment_status":"closed","ping_status":"closed","template":"","meta":{"footnotes":""},"class_list":["post-178","page","type-page","status-publish","hentry"],"_links":{"self":[{"href":"https:\/\/sport.joelahtme.ee\/index.php?rest_route=\/wp\/v2\/pages\/178","targetHints":{"allow":["GET"]}}],"collection":[{"href":"https:\/\/sport.joelahtme.ee\/index.php?rest_route=\/wp\/v2\/pages"}],"about":[{"href":"https:\/\/sport.joelahtme.ee\/index.php?rest_route=\/wp\/v2\/types\/page"}],"author":[{"embeddable":true,"href":"https:\/\/sport.joelahtme.ee\/index.php?rest_route=\/wp\/v2\/users\/1"}],"replies":[{"embeddable":true,"href":"https:\/\/sport.joelahtme.ee\/index.php?rest_route=%2Fwp%2Fv2%2Fcomments&post=178"}],"version-history":[{"count":5,"href":"https:\/\/sport.joelahtme.ee\/index.php?rest_route=\/wp\/v2\/pages\/178\/revisions"}],"predecessor-version":[{"id":1041,"href":"https:\/\/sport.joelahtme.ee\/index.php?rest_route=\/wp\/v2\/pages\/178\/revisions\/1041"}],"up":[{"embeddable":true,"href":"https:\/\/sport.joelahtme.ee\/index.php?rest_route=\/wp\/v2\/pages\/11"}],"wp:attachment":[{"href":"https:\/\/sport.joelahtme.ee\/index.php?rest_route=%2Fwp%2Fv2%2Fmedia&parent=178"}],"curies":[{"name":"wp","href":"https:\/\/api.w.org\/{rel}","templated":true}]}}