{"id":172,"date":"2021-04-08T16:31:10","date_gmt":"2021-04-08T16:31:10","guid":{"rendered":"http:\/\/sport.joelahtme.ee\/?page_id=172"},"modified":"2022-09-26T10:17:04","modified_gmt":"2022-09-26T07:17:04","slug":"loo-staadion","status":"publish","type":"page","link":"https:\/\/sport.joelahtme.ee\/?page_id=172","title":{"rendered":"Loo staadion"},"content":{"rendered":"<p>Loo staadionil on v\u00f5imalik m\u00e4ngida jalgpalli, korvpalli, kasutada jooksuradasid, rentida staadionit \u00fchistreeningute v\u00f5i v\u00f5istluste korraldamiseks.<\/p>\n<p><strong>Aadress:<\/strong> Saha tee 7, Loo alevik, J\u00f5el\u00e4htme vald, Harjumaa, 74201<br \/>\n<strong>Koduleht:<\/strong> <a href=\"https:\/\/spordiklubiloo.wordpress.com\/staadion\/\" target=\"_blank\" rel=\"noopener\">https:\/\/spordiklubiloo.wordpress.com\/staadion\/<\/a><br \/>\n<strong>Telefon:<\/strong><br \/>\n5646 5761 (J\u00fcri Paavel)<\/p>\n<div class=\"r34ics-ajax-container loading\" id=\"r69fc756cce4a412\" data-view=\"week\" data-view-is-list-style=\"0\" data-view-is-list-long=\"0\" data-args=\"fda1cf082f92aa38c73e337727f7aa9863ee119d\" data-js-args=\"{&quot;debug&quot;:null}\">&nbsp;<\/div>\n<p><a href=\"http:\/\/sport.joelahtme.ee\/wp-content\/uploads\/2022\/09\/2021.05.30-Loo-Staadion-1skatepark.jpg\"><img loading=\"lazy\" decoding=\"async\" class=\"alignnone wp-image-1026 size-medium\" src=\"http:\/\/sport.joelahtme.ee\/wp-content\/uploads\/2022\/09\/2021.05.30-Loo-Staadion-1skatepark-300x200.jpg\" alt=\"\" width=\"300\" height=\"200\" srcset=\"https:\/\/sport.joelahtme.ee\/wp-content\/uploads\/2022\/09\/2021.05.30-Loo-Staadion-1skatepark-300x200.jpg 300w, https:\/\/sport.joelahtme.ee\/wp-content\/uploads\/2022\/09\/2021.05.30-Loo-Staadion-1skatepark-1024x683.jpg 1024w, https:\/\/sport.joelahtme.ee\/wp-content\/uploads\/2022\/09\/2021.05.30-Loo-Staadion-1skatepark-768x512.jpg 768w, https:\/\/sport.joelahtme.ee\/wp-content\/uploads\/2022\/09\/2021.05.30-Loo-Staadion-1skatepark-1536x1024.jpg 1536w, https:\/\/sport.joelahtme.ee\/wp-content\/uploads\/2022\/09\/2021.05.30-Loo-Staadion-1skatepark-825x550.jpg 825w, https:\/\/sport.joelahtme.ee\/wp-content\/uploads\/2022\/09\/2021.05.30-Loo-Staadion-1skatepark-1500x1000.jpg 1500w, https:\/\/sport.joelahtme.ee\/wp-content\/uploads\/2022\/09\/2021.05.30-Loo-Staadion-1skatepark-600x400.jpg 600w, https:\/\/sport.joelahtme.ee\/wp-content\/uploads\/2022\/09\/2021.05.30-Loo-Staadion-1skatepark-400x267.jpg 400w, https:\/\/sport.joelahtme.ee\/wp-content\/uploads\/2022\/09\/2021.05.30-Loo-Staadion-1skatepark.jpg 1600w\" sizes=\"auto, (max-width: 300px) 100vw, 300px\" \/><\/a> \u00a0<a href=\"http:\/\/sport.joelahtme.ee\/wp-content\/uploads\/2022\/09\/2021.05.30-Loo-Staadion-35jalgpall.jpg\"><img loading=\"lazy\" decoding=\"async\" class=\"alignnone wp-image-1028 size-medium\" src=\"http:\/\/sport.joelahtme.ee\/wp-content\/uploads\/2022\/09\/2021.05.30-Loo-Staadion-35jalgpall-300x200.jpg\" alt=\"\" width=\"300\" height=\"200\" srcset=\"https:\/\/sport.joelahtme.ee\/wp-content\/uploads\/2022\/09\/2021.05.30-Loo-Staadion-35jalgpall-300x200.jpg 300w, https:\/\/sport.joelahtme.ee\/wp-content\/uploads\/2022\/09\/2021.05.30-Loo-Staadion-35jalgpall-1024x683.jpg 1024w, https:\/\/sport.joelahtme.ee\/wp-content\/uploads\/2022\/09\/2021.05.30-Loo-Staadion-35jalgpall-768x512.jpg 768w, https:\/\/sport.joelahtme.ee\/wp-content\/uploads\/2022\/09\/2021.05.30-Loo-Staadion-35jalgpall-1536x1024.jpg 1536w, https:\/\/sport.joelahtme.ee\/wp-content\/uploads\/2022\/09\/2021.05.30-Loo-Staadion-35jalgpall-825x550.jpg 825w, https:\/\/sport.joelahtme.ee\/wp-content\/uploads\/2022\/09\/2021.05.30-Loo-Staadion-35jalgpall-1500x1000.jpg 1500w, https:\/\/sport.joelahtme.ee\/wp-content\/uploads\/2022\/09\/2021.05.30-Loo-Staadion-35jalgpall-600x400.jpg 600w, https:\/\/sport.joelahtme.ee\/wp-content\/uploads\/2022\/09\/2021.05.30-Loo-Staadion-35jalgpall-400x267.jpg 400w, https:\/\/sport.joelahtme.ee\/wp-content\/uploads\/2022\/09\/2021.05.30-Loo-Staadion-35jalgpall.jpg 1600w\" sizes=\"auto, (max-width: 300px) 100vw, 300px\" \/><\/a><\/p>\n<p><a href=\"http:\/\/sport.joelahtme.ee\/wp-content\/uploads\/2022\/09\/2021.05.30-Loo-Staadion-38pinks.jpg\"><img loading=\"lazy\" decoding=\"async\" class=\"alignnone wp-image-1030 size-medium\" src=\"http:\/\/sport.joelahtme.ee\/wp-content\/uploads\/2022\/09\/2021.05.30-Loo-Staadion-38pinks-300x200.jpg\" alt=\"\" width=\"300\" height=\"200\" srcset=\"https:\/\/sport.joelahtme.ee\/wp-content\/uploads\/2022\/09\/2021.05.30-Loo-Staadion-38pinks-300x200.jpg 300w, https:\/\/sport.joelahtme.ee\/wp-content\/uploads\/2022\/09\/2021.05.30-Loo-Staadion-38pinks-1024x683.jpg 1024w, https:\/\/sport.joelahtme.ee\/wp-content\/uploads\/2022\/09\/2021.05.30-Loo-Staadion-38pinks-768x512.jpg 768w, https:\/\/sport.joelahtme.ee\/wp-content\/uploads\/2022\/09\/2021.05.30-Loo-Staadion-38pinks-1536x1024.jpg 1536w, https:\/\/sport.joelahtme.ee\/wp-content\/uploads\/2022\/09\/2021.05.30-Loo-Staadion-38pinks-825x550.jpg 825w, https:\/\/sport.joelahtme.ee\/wp-content\/uploads\/2022\/09\/2021.05.30-Loo-Staadion-38pinks-1500x1000.jpg 1500w, https:\/\/sport.joelahtme.ee\/wp-content\/uploads\/2022\/09\/2021.05.30-Loo-Staadion-38pinks-600x400.jpg 600w, https:\/\/sport.joelahtme.ee\/wp-content\/uploads\/2022\/09\/2021.05.30-Loo-Staadion-38pinks-400x267.jpg 400w, https:\/\/sport.joelahtme.ee\/wp-content\/uploads\/2022\/09\/2021.05.30-Loo-Staadion-38pinks.jpg 1600w\" sizes=\"auto, (max-width: 300px) 100vw, 300px\" \/><\/a><a href=\"http:\/\/sport.joelahtme.ee\/wp-content\/uploads\/2022\/09\/2021.05.30-Loo-Staadion-34korvpall.jpg\"><img loading=\"lazy\" decoding=\"async\" class=\"alignnone wp-image-1027 size-medium\" src=\"http:\/\/sport.joelahtme.ee\/wp-content\/uploads\/2022\/09\/2021.05.30-Loo-Staadion-34korvpall-200x300.jpg\" alt=\"\" width=\"200\" height=\"300\" srcset=\"https:\/\/sport.joelahtme.ee\/wp-content\/uploads\/2022\/09\/2021.05.30-Loo-Staadion-34korvpall-200x300.jpg 200w, https:\/\/sport.joelahtme.ee\/wp-content\/uploads\/2022\/09\/2021.05.30-Loo-Staadion-34korvpall-683x1024.jpg 683w, https:\/\/sport.joelahtme.ee\/wp-content\/uploads\/2022\/09\/2021.05.30-Loo-Staadion-34korvpall-768x1152.jpg 768w, https:\/\/sport.joelahtme.ee\/wp-content\/uploads\/2022\/09\/2021.05.30-Loo-Staadion-34korvpall-1024x1536.jpg 1024w, https:\/\/sport.joelahtme.ee\/wp-content\/uploads\/2022\/09\/2021.05.30-Loo-Staadion-34korvpall-413x620.jpg 413w, https:\/\/sport.joelahtme.ee\/wp-content\/uploads\/2022\/09\/2021.05.30-Loo-Staadion-34korvpall-667x1000.jpg 667w, https:\/\/sport.joelahtme.ee\/wp-content\/uploads\/2022\/09\/2021.05.30-Loo-Staadion-34korvpall-433x650.jpg 433w, https:\/\/sport.joelahtme.ee\/wp-content\/uploads\/2022\/09\/2021.05.30-Loo-Staadion-34korvpall-300x450.jpg 300w, https:\/\/sport.joelahtme.ee\/wp-content\/uploads\/2022\/09\/2021.05.30-Loo-Staadion-34korvpall.jpg 1067w\" sizes=\"auto, (max-width: 200px) 100vw, 200px\" \/><\/a><\/p>\n<p><em>Fotod: T\u00f5nis Tuuder<\/em><\/p>\n","protected":false},"excerpt":{"rendered":"<p>Loo staadionil on v\u00f5imalik m\u00e4ngida jalgpalli, korvpalli, kasutada jooksuradasid, rentida staadionit \u00fchistreeningute v\u00f5i v\u00f5istluste korraldamiseks. Aadress: Saha tee 7, Loo alevik, J\u00f5el\u00e4htme vald, Harjumaa, 74201 Koduleht: https:\/\/spordiklubiloo.wordpress.com\/staadion\/ Telefon: 5646 5761&hellip;<a href=\"https:\/\/sport.joelahtme.ee\/?page_id=172\" class=\"more-link\"><span class=\"more-button\">Vaata&#8230;<span class=\"screen-reader-text\">Loo staadion<\/span><\/span><\/a><\/p>\n","protected":false},"author":1,"featured_media":0,"parent":11,"menu_order":0,"comment_status":"closed","ping_status":"closed","template":"templates\/right-sidebar.php","meta":{"footnotes":""},"class_list":["post-172","page","type-page","status-publish","hentry"],"_links":{"self":[{"href":"https:\/\/sport.joelahtme.ee\/index.php?rest_route=\/wp\/v2\/pages\/172","targetHints":{"allow":["GET"]}}],"collection":[{"href":"https:\/\/sport.joelahtme.ee\/index.php?rest_route=\/wp\/v2\/pages"}],"about":[{"href":"https:\/\/sport.joelahtme.ee\/index.php?rest_route=\/wp\/v2\/types\/page"}],"author":[{"embeddable":true,"href":"https:\/\/sport.joelahtme.ee\/index.php?rest_route=\/wp\/v2\/users\/1"}],"replies":[{"embeddable":true,"href":"https:\/\/sport.joelahtme.ee\/index.php?rest_route=%2Fwp%2Fv2%2Fcomments&post=172"}],"version-history":[{"count":14,"href":"https:\/\/sport.joelahtme.ee\/index.php?rest_route=\/wp\/v2\/pages\/172\/revisions"}],"predecessor-version":[{"id":1034,"href":"https:\/\/sport.joelahtme.ee\/index.php?rest_route=\/wp\/v2\/pages\/172\/revisions\/1034"}],"up":[{"embeddable":true,"href":"https:\/\/sport.joelahtme.ee\/index.php?rest_route=\/wp\/v2\/pages\/11"}],"wp:attachment":[{"href":"https:\/\/sport.joelahtme.ee\/index.php?rest_route=%2Fwp%2Fv2%2Fmedia&parent=172"}],"curies":[{"name":"wp","href":"https:\/\/api.w.org\/{rel}","templated":true}]}}