{"id":168,"date":"2021-04-08T16:30:04","date_gmt":"2021-04-08T16:30:04","guid":{"rendered":"http:\/\/sport.joelahtme.ee\/?page_id=168"},"modified":"2022-09-29T11:11:34","modified_gmt":"2022-09-29T08:11:34","slug":"kostivere-valijousaal","status":"publish","type":"page","link":"https:\/\/sport.joelahtme.ee\/?page_id=168","title":{"rendered":"Kostivere v\u00e4lij\u00f5usaal"},"content":{"rendered":"<p><strong>Asukoht:<\/strong> Kostivere staadionil<br \/>\n<strong>Aadress:<\/strong> Aruk\u00fcla tee 3, Kostivere alevik, J\u00f5el\u00e4htme vald, Harju maakond, 74204<br \/>\n<strong>Telefon:<\/strong> 52 250 94 (kell 16.00-20.00)<br \/>\n<strong>E-mail:<\/strong> <a href=\"mailto:administrator@kostivere.edu.ee\">administrator@kostivere.edu.ee<\/a><\/p>\n<p><a href=\"http:\/\/sport.joelahtme.ee\/wp-content\/uploads\/2022\/09\/Kostivere-Staadion-2.jpg\"><img loading=\"lazy\" decoding=\"async\" class=\"alignnone size-medium wp-image-1062\" src=\"http:\/\/sport.joelahtme.ee\/wp-content\/uploads\/2022\/09\/Kostivere-Staadion-2-300x142.jpg\" alt=\"\" width=\"300\" height=\"142\" srcset=\"https:\/\/sport.joelahtme.ee\/wp-content\/uploads\/2022\/09\/Kostivere-Staadion-2-300x142.jpg 300w, https:\/\/sport.joelahtme.ee\/wp-content\/uploads\/2022\/09\/Kostivere-Staadion-2-1024x485.jpg 1024w, https:\/\/sport.joelahtme.ee\/wp-content\/uploads\/2022\/09\/Kostivere-Staadion-2-768x364.jpg 768w, https:\/\/sport.joelahtme.ee\/wp-content\/uploads\/2022\/09\/Kostivere-Staadion-2-1536x728.jpg 1536w, https:\/\/sport.joelahtme.ee\/wp-content\/uploads\/2022\/09\/Kostivere-Staadion-2-825x391.jpg 825w, https:\/\/sport.joelahtme.ee\/wp-content\/uploads\/2022\/09\/Kostivere-Staadion-2-600x284.jpg 600w, https:\/\/sport.joelahtme.ee\/wp-content\/uploads\/2022\/09\/Kostivere-Staadion-2-400x190.jpg 400w, https:\/\/sport.joelahtme.ee\/wp-content\/uploads\/2022\/09\/Kostivere-Staadion-2.jpg 1600w\" sizes=\"auto, (max-width: 300px) 100vw, 300px\" \/><\/a><\/p>\n","protected":false},"excerpt":{"rendered":"<p>Asukoht: Kostivere staadionil Aadress: Aruk\u00fcla tee 3, Kostivere alevik, J\u00f5el\u00e4htme vald, Harju maakond, 74204 Telefon: 52 250 94 (kell 16.00-20.00) E-mail: administrator@kostivere.edu.ee<\/p>\n","protected":false},"author":1,"featured_media":0,"parent":11,"menu_order":0,"comment_status":"closed","ping_status":"closed","template":"","meta":{"footnotes":""},"class_list":["post-168","page","type-page","status-publish","hentry"],"_links":{"self":[{"href":"https:\/\/sport.joelahtme.ee\/index.php?rest_route=\/wp\/v2\/pages\/168","targetHints":{"allow":["GET"]}}],"collection":[{"href":"https:\/\/sport.joelahtme.ee\/index.php?rest_route=\/wp\/v2\/pages"}],"about":[{"href":"https:\/\/sport.joelahtme.ee\/index.php?rest_route=\/wp\/v2\/types\/page"}],"author":[{"embeddable":true,"href":"https:\/\/sport.joelahtme.ee\/index.php?rest_route=\/wp\/v2\/users\/1"}],"replies":[{"embeddable":true,"href":"https:\/\/sport.joelahtme.ee\/index.php?rest_route=%2Fwp%2Fv2%2Fcomments&post=168"}],"version-history":[{"count":3,"href":"https:\/\/sport.joelahtme.ee\/index.php?rest_route=\/wp\/v2\/pages\/168\/revisions"}],"predecessor-version":[{"id":1075,"href":"https:\/\/sport.joelahtme.ee\/index.php?rest_route=\/wp\/v2\/pages\/168\/revisions\/1075"}],"up":[{"embeddable":true,"href":"https:\/\/sport.joelahtme.ee\/index.php?rest_route=\/wp\/v2\/pages\/11"}],"wp:attachment":[{"href":"https:\/\/sport.joelahtme.ee\/index.php?rest_route=%2Fwp%2Fv2%2Fmedia&parent=168"}],"curies":[{"name":"wp","href":"https:\/\/api.w.org\/{rel}","templated":true}]}}