{"id":166,"date":"2021-04-08T16:28:56","date_gmt":"2021-04-08T16:28:56","guid":{"rendered":"http:\/\/sport.joelahtme.ee\/?page_id=166"},"modified":"2021-06-08T16:11:55","modified_gmt":"2021-06-08T13:11:55","slug":"kostivere-kooli-jousaal","status":"publish","type":"page","link":"https:\/\/sport.joelahtme.ee\/?page_id=166","title":{"rendered":"Kostivere kooli j\u00f5usaal"},"content":{"rendered":"<p><strong>Aadress:<\/strong> Aruk\u00fcla tee 3, Kostivere alevik, J\u00f5el\u00e4htme vald, Harju maakond, 74204<br \/>\n<strong>Telefon:<\/strong> 522 5094 (kell 16.00\u201320.00)<br \/>\n<strong>E-mail:<\/strong> <a href=\"mailto:administrator@kostivere.edu.ee\">administraator@kostivere.edu.ee<\/a><br \/>\n<strong>Koduleht:<\/strong> <a href=\"http:\/\/kostivere.edu.ee\/et\/?s=j%C3%B5usaal\" target=\"_blank\" rel=\"noopener\">http:\/\/kostivere.edu.ee\/et\/?s=j%C3%B5usaal<\/a><\/p>\n<p>Avatud:<\/p>\n<p>E, K 18.00\u201320.00<\/p>\n<p>N 17.00\u201321.00<\/p>\n<p>P 15.00\u201319.00<\/p>\n<p>J\u00f5usaali pilet on 3 eurot, 10x korra pilet on 25 eurot<\/p>\n","protected":false},"excerpt":{"rendered":"<p>Aadress: Aruk\u00fcla tee 3, Kostivere alevik, J\u00f5el\u00e4htme vald, Harju maakond, 74204 Telefon: 522 5094 (kell 16.00\u201320.00) E-mail: administraator@kostivere.edu.ee Koduleht: http:\/\/kostivere.edu.ee\/et\/?s=j%C3%B5usaal Avatud: E, K 18.00\u201320.00 N 17.00\u201321.00 P 15.00\u201319.00 J\u00f5usaali pilet&hellip;<a href=\"https:\/\/sport.joelahtme.ee\/?page_id=166\" class=\"more-link\"><span class=\"more-button\">Vaata&#8230;<span class=\"screen-reader-text\">Kostivere kooli j\u00f5usaal<\/span><\/span><\/a><\/p>\n","protected":false},"author":1,"featured_media":0,"parent":11,"menu_order":0,"comment_status":"closed","ping_status":"closed","template":"","meta":{"footnotes":""},"class_list":["post-166","page","type-page","status-publish","hentry"],"_links":{"self":[{"href":"https:\/\/sport.joelahtme.ee\/index.php?rest_route=\/wp\/v2\/pages\/166","targetHints":{"allow":["GET"]}}],"collection":[{"href":"https:\/\/sport.joelahtme.ee\/index.php?rest_route=\/wp\/v2\/pages"}],"about":[{"href":"https:\/\/sport.joelahtme.ee\/index.php?rest_route=\/wp\/v2\/types\/page"}],"author":[{"embeddable":true,"href":"https:\/\/sport.joelahtme.ee\/index.php?rest_route=\/wp\/v2\/users\/1"}],"replies":[{"embeddable":true,"href":"https:\/\/sport.joelahtme.ee\/index.php?rest_route=%2Fwp%2Fv2%2Fcomments&post=166"}],"version-history":[{"count":6,"href":"https:\/\/sport.joelahtme.ee\/index.php?rest_route=\/wp\/v2\/pages\/166\/revisions"}],"predecessor-version":[{"id":806,"href":"https:\/\/sport.joelahtme.ee\/index.php?rest_route=\/wp\/v2\/pages\/166\/revisions\/806"}],"up":[{"embeddable":true,"href":"https:\/\/sport.joelahtme.ee\/index.php?rest_route=\/wp\/v2\/pages\/11"}],"wp:attachment":[{"href":"https:\/\/sport.joelahtme.ee\/index.php?rest_route=%2Fwp%2Fv2%2Fmedia&parent=166"}],"curies":[{"name":"wp","href":"https:\/\/api.w.org\/{rel}","templated":true}]}}