{"id":1168,"date":"2023-08-08T11:08:28","date_gmt":"2023-08-08T08:08:28","guid":{"rendered":"https:\/\/sport.joelahtme.ee\/?page_id=1168"},"modified":"2023-08-08T11:09:33","modified_gmt":"2023-08-08T08:09:33","slug":"maardu-discgolfirada","status":"publish","type":"page","link":"https:\/\/sport.joelahtme.ee\/?page_id=1168","title":{"rendered":"Maardu discgolfirada"},"content":{"rendered":"<p>Maardu discgolfipark paikneb osaliselt J\u00f5el\u00e4htme vallas ning rajal on 23 korvi kogupikkusega 1867m.<\/p>\n<p><strong>Aadress: <\/strong>K\u00f6\u00f6ba park, Maardu, Harjumaa<\/p>\n<p><strong>Lisainfo: <\/strong><a href=\"https:\/\/www.discgolfirajad.ee\/park\/maardu-discgolfipark\/\">https:\/\/www.discgolfirajad.ee\/park\/maardu-discgolfipark\/<\/a><\/p>\n","protected":false},"excerpt":{"rendered":"<p>Maardu discgolfipark paikneb osaliselt J\u00f5el\u00e4htme vallas ning rajal on 23 korvi kogupikkusega 1867m. Aadress: K\u00f6\u00f6ba park, Maardu, Harjumaa Lisainfo: https:\/\/www.discgolfirajad.ee\/park\/maardu-discgolfipark\/<\/p>\n","protected":false},"author":5,"featured_media":0,"parent":0,"menu_order":0,"comment_status":"closed","ping_status":"closed","template":"","meta":{"footnotes":""},"class_list":["post-1168","page","type-page","status-publish","hentry"],"_links":{"self":[{"href":"https:\/\/sport.joelahtme.ee\/index.php?rest_route=\/wp\/v2\/pages\/1168","targetHints":{"allow":["GET"]}}],"collection":[{"href":"https:\/\/sport.joelahtme.ee\/index.php?rest_route=\/wp\/v2\/pages"}],"about":[{"href":"https:\/\/sport.joelahtme.ee\/index.php?rest_route=\/wp\/v2\/types\/page"}],"author":[{"embeddable":true,"href":"https:\/\/sport.joelahtme.ee\/index.php?rest_route=\/wp\/v2\/users\/5"}],"replies":[{"embeddable":true,"href":"https:\/\/sport.joelahtme.ee\/index.php?rest_route=%2Fwp%2Fv2%2Fcomments&post=1168"}],"version-history":[{"count":2,"href":"https:\/\/sport.joelahtme.ee\/index.php?rest_route=\/wp\/v2\/pages\/1168\/revisions"}],"predecessor-version":[{"id":1170,"href":"https:\/\/sport.joelahtme.ee\/index.php?rest_route=\/wp\/v2\/pages\/1168\/revisions\/1170"}],"wp:attachment":[{"href":"https:\/\/sport.joelahtme.ee\/index.php?rest_route=%2Fwp%2Fv2%2Fmedia&parent=1168"}],"curies":[{"name":"wp","href":"https:\/\/api.w.org\/{rel}","templated":true}]}}