{"id":1156,"date":"2023-08-08T10:37:04","date_gmt":"2023-08-08T07:37:04","guid":{"rendered":"https:\/\/sport.joelahtme.ee\/?page_id=1156"},"modified":"2023-08-08T10:44:27","modified_gmt":"2023-08-08T07:44:27","slug":"kostivere-madalseiklusrada","status":"publish","type":"page","link":"https:\/\/sport.joelahtme.ee\/?page_id=1156","title":{"rendered":"Kostivere madalseiklusrada"},"content":{"rendered":"<p><strong>Aadress:<\/strong> Aruk\u00fcla tee 3, Kostivere alevik, J\u00f5el\u00e4htme vald<\/p>\n<p><img loading=\"lazy\" decoding=\"async\" class=\"alignnone wp-image-1164 size-large\" src=\"http:\/\/sport.joelahtme.ee\/wp-content\/uploads\/2023\/08\/Kostiver-768x1024.jpg\" alt=\"\" width=\"768\" height=\"1024\" srcset=\"https:\/\/sport.joelahtme.ee\/wp-content\/uploads\/2023\/08\/Kostiver-768x1024.jpg 768w, https:\/\/sport.joelahtme.ee\/wp-content\/uploads\/2023\/08\/Kostiver-225x300.jpg 225w, https:\/\/sport.joelahtme.ee\/wp-content\/uploads\/2023\/08\/Kostiver-1152x1536.jpg 1152w, https:\/\/sport.joelahtme.ee\/wp-content\/uploads\/2023\/08\/Kostiver-465x620.jpg 465w, https:\/\/sport.joelahtme.ee\/wp-content\/uploads\/2023\/08\/Kostiver-750x1000.jpg 750w, https:\/\/sport.joelahtme.ee\/wp-content\/uploads\/2023\/08\/Kostiver-488x650.jpg 488w, https:\/\/sport.joelahtme.ee\/wp-content\/uploads\/2023\/08\/Kostiver-338x450.jpg 338w, https:\/\/sport.joelahtme.ee\/wp-content\/uploads\/2023\/08\/Kostiver.jpg 1536w\" sizes=\"auto, (max-width: 768px) 100vw, 768px\" \/><\/p>\n","protected":false},"excerpt":{"rendered":"<p>Aadress: Aruk\u00fcla tee 3, Kostivere alevik, J\u00f5el\u00e4htme vald<\/p>\n","protected":false},"author":5,"featured_media":0,"parent":0,"menu_order":0,"comment_status":"closed","ping_status":"closed","template":"","meta":{"footnotes":""},"class_list":["post-1156","page","type-page","status-publish","hentry"],"_links":{"self":[{"href":"https:\/\/sport.joelahtme.ee\/index.php?rest_route=\/wp\/v2\/pages\/1156","targetHints":{"allow":["GET"]}}],"collection":[{"href":"https:\/\/sport.joelahtme.ee\/index.php?rest_route=\/wp\/v2\/pages"}],"about":[{"href":"https:\/\/sport.joelahtme.ee\/index.php?rest_route=\/wp\/v2\/types\/page"}],"author":[{"embeddable":true,"href":"https:\/\/sport.joelahtme.ee\/index.php?rest_route=\/wp\/v2\/users\/5"}],"replies":[{"embeddable":true,"href":"https:\/\/sport.joelahtme.ee\/index.php?rest_route=%2Fwp%2Fv2%2Fcomments&post=1156"}],"version-history":[{"count":2,"href":"https:\/\/sport.joelahtme.ee\/index.php?rest_route=\/wp\/v2\/pages\/1156\/revisions"}],"predecessor-version":[{"id":1165,"href":"https:\/\/sport.joelahtme.ee\/index.php?rest_route=\/wp\/v2\/pages\/1156\/revisions\/1165"}],"wp:attachment":[{"href":"https:\/\/sport.joelahtme.ee\/index.php?rest_route=%2Fwp%2Fv2%2Fmedia&parent=1156"}],"curies":[{"name":"wp","href":"https:\/\/api.w.org\/{rel}","templated":true}]}}