{"id":1150,"date":"2023-08-08T10:30:32","date_gmt":"2023-08-08T07:30:32","guid":{"rendered":"https:\/\/sport.joelahtme.ee\/?page_id=1150"},"modified":"2023-08-08T10:30:57","modified_gmt":"2023-08-08T07:30:57","slug":"loo-aleviku-madalseiklusrada","status":"publish","type":"page","link":"https:\/\/sport.joelahtme.ee\/?page_id=1150","title":{"rendered":"Loo aleviku madalseiklusrada"},"content":{"rendered":"<p><strong>Aadress:<\/strong> Saha tee 7, Loo alevik, J\u00f5el\u00e4htme vald, Harjumaa<br \/>\n<img loading=\"lazy\" decoding=\"async\" class=\"alignnone wp-image-1151 size-large\" src=\"http:\/\/sport.joelahtme.ee\/wp-content\/uploads\/2023\/08\/Loo-2-1024x683.jpg\" alt=\"\" width=\"1024\" height=\"683\" srcset=\"https:\/\/sport.joelahtme.ee\/wp-content\/uploads\/2023\/08\/Loo-2-1024x683.jpg 1024w, https:\/\/sport.joelahtme.ee\/wp-content\/uploads\/2023\/08\/Loo-2-300x200.jpg 300w, https:\/\/sport.joelahtme.ee\/wp-content\/uploads\/2023\/08\/Loo-2-768x512.jpg 768w, https:\/\/sport.joelahtme.ee\/wp-content\/uploads\/2023\/08\/Loo-2-1536x1024.jpg 1536w, https:\/\/sport.joelahtme.ee\/wp-content\/uploads\/2023\/08\/Loo-2-825x550.jpg 825w, https:\/\/sport.joelahtme.ee\/wp-content\/uploads\/2023\/08\/Loo-2-1500x1000.jpg 1500w, https:\/\/sport.joelahtme.ee\/wp-content\/uploads\/2023\/08\/Loo-2-600x400.jpg 600w, https:\/\/sport.joelahtme.ee\/wp-content\/uploads\/2023\/08\/Loo-2-400x267.jpg 400w, https:\/\/sport.joelahtme.ee\/wp-content\/uploads\/2023\/08\/Loo-2.jpg 2048w\" sizes=\"auto, (max-width: 1024px) 100vw, 1024px\" \/><img loading=\"lazy\" decoding=\"async\" class=\"alignnone wp-image-1152 size-large\" src=\"http:\/\/sport.joelahtme.ee\/wp-content\/uploads\/2023\/08\/Loo-1-1024x683.jpg\" alt=\"\" width=\"1024\" height=\"683\" srcset=\"https:\/\/sport.joelahtme.ee\/wp-content\/uploads\/2023\/08\/Loo-1-1024x683.jpg 1024w, https:\/\/sport.joelahtme.ee\/wp-content\/uploads\/2023\/08\/Loo-1-300x200.jpg 300w, https:\/\/sport.joelahtme.ee\/wp-content\/uploads\/2023\/08\/Loo-1-768x512.jpg 768w, https:\/\/sport.joelahtme.ee\/wp-content\/uploads\/2023\/08\/Loo-1-1536x1024.jpg 1536w, https:\/\/sport.joelahtme.ee\/wp-content\/uploads\/2023\/08\/Loo-1-825x550.jpg 825w, https:\/\/sport.joelahtme.ee\/wp-content\/uploads\/2023\/08\/Loo-1-1500x1000.jpg 1500w, https:\/\/sport.joelahtme.ee\/wp-content\/uploads\/2023\/08\/Loo-1-600x400.jpg 600w, https:\/\/sport.joelahtme.ee\/wp-content\/uploads\/2023\/08\/Loo-1-400x267.jpg 400w, https:\/\/sport.joelahtme.ee\/wp-content\/uploads\/2023\/08\/Loo-1.jpg 2048w\" sizes=\"auto, (max-width: 1024px) 100vw, 1024px\" \/><\/p>\n<p>Piltide autor: Hilda M\u00e4nnik<\/p>\n","protected":false},"excerpt":{"rendered":"<p>Aadress: Saha tee 7, Loo alevik, J\u00f5el\u00e4htme vald, Harjumaa Piltide autor: Hilda M\u00e4nnik<\/p>\n","protected":false},"author":5,"featured_media":0,"parent":0,"menu_order":0,"comment_status":"closed","ping_status":"closed","template":"","meta":{"footnotes":""},"class_list":["post-1150","page","type-page","status-publish","hentry"],"_links":{"self":[{"href":"https:\/\/sport.joelahtme.ee\/index.php?rest_route=\/wp\/v2\/pages\/1150","targetHints":{"allow":["GET"]}}],"collection":[{"href":"https:\/\/sport.joelahtme.ee\/index.php?rest_route=\/wp\/v2\/pages"}],"about":[{"href":"https:\/\/sport.joelahtme.ee\/index.php?rest_route=\/wp\/v2\/types\/page"}],"author":[{"embeddable":true,"href":"https:\/\/sport.joelahtme.ee\/index.php?rest_route=\/wp\/v2\/users\/5"}],"replies":[{"embeddable":true,"href":"https:\/\/sport.joelahtme.ee\/index.php?rest_route=%2Fwp%2Fv2%2Fcomments&post=1150"}],"version-history":[{"count":2,"href":"https:\/\/sport.joelahtme.ee\/index.php?rest_route=\/wp\/v2\/pages\/1150\/revisions"}],"predecessor-version":[{"id":1154,"href":"https:\/\/sport.joelahtme.ee\/index.php?rest_route=\/wp\/v2\/pages\/1150\/revisions\/1154"}],"wp:attachment":[{"href":"https:\/\/sport.joelahtme.ee\/index.php?rest_route=%2Fwp%2Fv2%2Fmedia&parent=1150"}],"curies":[{"name":"wp","href":"https:\/\/api.w.org\/{rel}","templated":true}]}}