{"id":1125,"date":"2023-03-06T11:01:09","date_gmt":"2023-03-06T09:01:09","guid":{"rendered":"https:\/\/sport.joelahtme.ee\/?page_id=1125"},"modified":"2023-03-06T13:30:21","modified_gmt":"2023-03-06T11:30:21","slug":"vandjala-kulaplats","status":"publish","type":"page","link":"https:\/\/sport.joelahtme.ee\/?page_id=1125","title":{"rendered":"Vandjala k\u00fclaplats"},"content":{"rendered":"<p>Vandjala k\u00fclaplatsil asub laste karusell, kahekohaline kiige, fittlapp 3D v\u00e4litrenaz\u00f6\u00f6r, mis t\u00f6\u00f6tab oma keharaskusega ning v\u00e4lipinksilaud\/v\u00e4lilauatennise laud.<\/p>\n<p>&nbsp;<\/p>\n<p>Vandjala k\u00fclaplatsi haldab MT\u00dc Rebala Kultuuriruum<\/p>\n<p><strong>Aadress:<\/strong> Vandjala k\u00fcla k\u00fclaplats, Vandjala, J\u00f5el\u00e4htme vald<br \/>\n<strong>Kontakt:<\/strong> Tiia V\u00e4lk, 56698710, tnorbek@gmail.com<\/p>\n<p><img loading=\"lazy\" decoding=\"async\" class=\"alignnone size-medium wp-image-1129\" src=\"http:\/\/sport.joelahtme.ee\/wp-content\/uploads\/2023\/03\/valipinksilaud-Vandjala-300x260.jpg\" alt=\"\" width=\"300\" height=\"260\" srcset=\"https:\/\/sport.joelahtme.ee\/wp-content\/uploads\/2023\/03\/valipinksilaud-Vandjala-300x260.jpg 300w, https:\/\/sport.joelahtme.ee\/wp-content\/uploads\/2023\/03\/valipinksilaud-Vandjala-1024x887.jpg 1024w, https:\/\/sport.joelahtme.ee\/wp-content\/uploads\/2023\/03\/valipinksilaud-Vandjala-768x665.jpg 768w, https:\/\/sport.joelahtme.ee\/wp-content\/uploads\/2023\/03\/valipinksilaud-Vandjala-1536x1330.jpg 1536w, https:\/\/sport.joelahtme.ee\/wp-content\/uploads\/2023\/03\/valipinksilaud-Vandjala-2048x1773.jpg 2048w, https:\/\/sport.joelahtme.ee\/wp-content\/uploads\/2023\/03\/valipinksilaud-Vandjala-716x620.jpg 716w, https:\/\/sport.joelahtme.ee\/wp-content\/uploads\/2023\/03\/valipinksilaud-Vandjala-1155x1000.jpg 1155w, https:\/\/sport.joelahtme.ee\/wp-content\/uploads\/2023\/03\/valipinksilaud-Vandjala-600x520.jpg 600w, https:\/\/sport.joelahtme.ee\/wp-content\/uploads\/2023\/03\/valipinksilaud-Vandjala-400x346.jpg 400w\" sizes=\"auto, (max-width: 300px) 100vw, 300px\" \/><img loading=\"lazy\" decoding=\"async\" class=\"alignnone size-medium wp-image-1128\" src=\"http:\/\/sport.joelahtme.ee\/wp-content\/uploads\/2023\/03\/Vandjala-kulaplats-valitrenazor-300x250.jpg\" alt=\"\" width=\"300\" height=\"250\" srcset=\"https:\/\/sport.joelahtme.ee\/wp-content\/uploads\/2023\/03\/Vandjala-kulaplats-valitrenazor-300x250.jpg 300w, https:\/\/sport.joelahtme.ee\/wp-content\/uploads\/2023\/03\/Vandjala-kulaplats-valitrenazor-1024x853.jpg 1024w, https:\/\/sport.joelahtme.ee\/wp-content\/uploads\/2023\/03\/Vandjala-kulaplats-valitrenazor-768x640.jpg 768w, https:\/\/sport.joelahtme.ee\/wp-content\/uploads\/2023\/03\/Vandjala-kulaplats-valitrenazor-1536x1280.jpg 1536w, https:\/\/sport.joelahtme.ee\/wp-content\/uploads\/2023\/03\/Vandjala-kulaplats-valitrenazor-2048x1706.jpg 2048w, https:\/\/sport.joelahtme.ee\/wp-content\/uploads\/2023\/03\/Vandjala-kulaplats-valitrenazor-744x620.jpg 744w, https:\/\/sport.joelahtme.ee\/wp-content\/uploads\/2023\/03\/Vandjala-kulaplats-valitrenazor-1200x1000.jpg 1200w, https:\/\/sport.joelahtme.ee\/wp-content\/uploads\/2023\/03\/Vandjala-kulaplats-valitrenazor-600x500.jpg 600w, https:\/\/sport.joelahtme.ee\/wp-content\/uploads\/2023\/03\/Vandjala-kulaplats-valitrenazor-400x333.jpg 400w\" sizes=\"auto, (max-width: 300px) 100vw, 300px\" \/><img loading=\"lazy\" decoding=\"async\" class=\"alignnone size-medium wp-image-1127\" src=\"http:\/\/sport.joelahtme.ee\/wp-content\/uploads\/2023\/03\/kiige-suvi-2022-300x274.jpg\" alt=\"\" width=\"300\" height=\"274\" srcset=\"https:\/\/sport.joelahtme.ee\/wp-content\/uploads\/2023\/03\/kiige-suvi-2022-300x274.jpg 300w, https:\/\/sport.joelahtme.ee\/wp-content\/uploads\/2023\/03\/kiige-suvi-2022-1024x935.jpg 1024w, https:\/\/sport.joelahtme.ee\/wp-content\/uploads\/2023\/03\/kiige-suvi-2022-768x701.jpg 768w, https:\/\/sport.joelahtme.ee\/wp-content\/uploads\/2023\/03\/kiige-suvi-2022-1536x1402.jpg 1536w, https:\/\/sport.joelahtme.ee\/wp-content\/uploads\/2023\/03\/kiige-suvi-2022-679x620.jpg 679w, https:\/\/sport.joelahtme.ee\/wp-content\/uploads\/2023\/03\/kiige-suvi-2022-1095x1000.jpg 1095w, https:\/\/sport.joelahtme.ee\/wp-content\/uploads\/2023\/03\/kiige-suvi-2022-600x548.jpg 600w, https:\/\/sport.joelahtme.ee\/wp-content\/uploads\/2023\/03\/kiige-suvi-2022-400x365.jpg 400w, https:\/\/sport.joelahtme.ee\/wp-content\/uploads\/2023\/03\/kiige-suvi-2022.jpg 1633w\" sizes=\"auto, (max-width: 300px) 100vw, 300px\" \/><img loading=\"lazy\" decoding=\"async\" class=\"alignnone size-medium wp-image-1126\" src=\"http:\/\/sport.joelahtme.ee\/wp-content\/uploads\/2023\/03\/karusell-300x211.jpg\" alt=\"\" width=\"300\" height=\"211\" srcset=\"https:\/\/sport.joelahtme.ee\/wp-content\/uploads\/2023\/03\/karusell-300x211.jpg 300w, https:\/\/sport.joelahtme.ee\/wp-content\/uploads\/2023\/03\/karusell-1024x719.jpg 1024w, https:\/\/sport.joelahtme.ee\/wp-content\/uploads\/2023\/03\/karusell-768x539.jpg 768w, https:\/\/sport.joelahtme.ee\/wp-content\/uploads\/2023\/03\/karusell-1536x1079.jpg 1536w, https:\/\/sport.joelahtme.ee\/wp-content\/uploads\/2023\/03\/karusell-2048x1438.jpg 2048w, https:\/\/sport.joelahtme.ee\/wp-content\/uploads\/2023\/03\/karusell-825x579.jpg 825w, https:\/\/sport.joelahtme.ee\/wp-content\/uploads\/2023\/03\/karusell-1424x1000.jpg 1424w, https:\/\/sport.joelahtme.ee\/wp-content\/uploads\/2023\/03\/karusell-600x421.jpg 600w, https:\/\/sport.joelahtme.ee\/wp-content\/uploads\/2023\/03\/karusell-400x281.jpg 400w\" sizes=\"auto, (max-width: 300px) 100vw, 300px\" \/><\/p>\n","protected":false},"excerpt":{"rendered":"<p>Vandjala k\u00fclaplatsil asub laste karusell, kahekohaline kiige, fittlapp 3D v\u00e4litrenaz\u00f6\u00f6r, mis t\u00f6\u00f6tab oma keharaskusega ning v\u00e4lipinksilaud\/v\u00e4lilauatennise laud. &nbsp; Vandjala k\u00fclaplatsi haldab MT\u00dc Rebala Kultuuriruum Aadress: Vandjala k\u00fcla k\u00fclaplats, Vandjala, J\u00f5el\u00e4htme&hellip;<a href=\"https:\/\/sport.joelahtme.ee\/?page_id=1125\" class=\"more-link\"><span class=\"more-button\">Vaata&#8230;<span class=\"screen-reader-text\">Vandjala k\u00fclaplats<\/span><\/span><\/a><\/p>\n","protected":false},"author":5,"featured_media":0,"parent":0,"menu_order":0,"comment_status":"closed","ping_status":"closed","template":"","meta":{"footnotes":""},"class_list":["post-1125","page","type-page","status-publish","hentry"],"_links":{"self":[{"href":"https:\/\/sport.joelahtme.ee\/index.php?rest_route=\/wp\/v2\/pages\/1125","targetHints":{"allow":["GET"]}}],"collection":[{"href":"https:\/\/sport.joelahtme.ee\/index.php?rest_route=\/wp\/v2\/pages"}],"about":[{"href":"https:\/\/sport.joelahtme.ee\/index.php?rest_route=\/wp\/v2\/types\/page"}],"author":[{"embeddable":true,"href":"https:\/\/sport.joelahtme.ee\/index.php?rest_route=\/wp\/v2\/users\/5"}],"replies":[{"embeddable":true,"href":"https:\/\/sport.joelahtme.ee\/index.php?rest_route=%2Fwp%2Fv2%2Fcomments&post=1125"}],"version-history":[{"count":2,"href":"https:\/\/sport.joelahtme.ee\/index.php?rest_route=\/wp\/v2\/pages\/1125\/revisions"}],"predecessor-version":[{"id":1136,"href":"https:\/\/sport.joelahtme.ee\/index.php?rest_route=\/wp\/v2\/pages\/1125\/revisions\/1136"}],"wp:attachment":[{"href":"https:\/\/sport.joelahtme.ee\/index.php?rest_route=%2Fwp%2Fv2%2Fmedia&parent=1125"}],"curies":[{"name":"wp","href":"https:\/\/api.w.org\/{rel}","templated":true}]}}