{"id":1103,"date":"2023-01-16T13:30:56","date_gmt":"2023-01-16T11:30:56","guid":{"rendered":"https:\/\/sport.joelahtme.ee\/?page_id=1103"},"modified":"2023-01-17T10:06:50","modified_gmt":"2023-01-17T08:06:50","slug":"manniva-kula-vorkpalliplats","status":"publish","type":"page","link":"https:\/\/sport.joelahtme.ee\/?page_id=1103","title":{"rendered":"Manniva k\u00fcla v\u00f5rkpalliplats"},"content":{"rendered":"<p>Muru kattega v\u00f5rkpalliplats.<\/p>\n<p>Asub Manniva k\u00fclaplatsil<\/p>\n<p>Manniva k\u00fclaplats, Manniva k\u00fcla, J\u00f5el\u00e4htme vald, Harju maakond<\/p>\n<p>Kontakt: Kairi Peterson (Manniva k\u00fclavanem)<\/p>\n<p>Telefon: 53 422 632<\/p>\n<p>E-mail: kairipeterson@hot.ee<\/p>\n<p><img loading=\"lazy\" decoding=\"async\" class=\"alignnone size-medium wp-image-1104\" src=\"http:\/\/sport.joelahtme.ee\/wp-content\/uploads\/2023\/01\/Manniva-300x225.jpg\" alt=\"\" width=\"300\" height=\"225\" srcset=\"https:\/\/sport.joelahtme.ee\/wp-content\/uploads\/2023\/01\/Manniva-300x225.jpg 300w, https:\/\/sport.joelahtme.ee\/wp-content\/uploads\/2023\/01\/Manniva-1024x768.jpg 1024w, https:\/\/sport.joelahtme.ee\/wp-content\/uploads\/2023\/01\/Manniva-768x576.jpg 768w, https:\/\/sport.joelahtme.ee\/wp-content\/uploads\/2023\/01\/Manniva-1536x1152.jpg 1536w, https:\/\/sport.joelahtme.ee\/wp-content\/uploads\/2023\/01\/Manniva-2048x1536.jpg 2048w, https:\/\/sport.joelahtme.ee\/wp-content\/uploads\/2023\/01\/Manniva-825x620.jpg 825w, https:\/\/sport.joelahtme.ee\/wp-content\/uploads\/2023\/01\/Manniva-1333x1000.jpg 1333w, https:\/\/sport.joelahtme.ee\/wp-content\/uploads\/2023\/01\/Manniva-600x450.jpg 600w, https:\/\/sport.joelahtme.ee\/wp-content\/uploads\/2023\/01\/Manniva-400x300.jpg 400w\" sizes=\"auto, (max-width: 300px) 100vw, 300px\" \/><\/p>\n","protected":false},"excerpt":{"rendered":"<p>Muru kattega v\u00f5rkpalliplats. Asub Manniva k\u00fclaplatsil Manniva k\u00fclaplats, Manniva k\u00fcla, J\u00f5el\u00e4htme vald, Harju maakond Kontakt: Kairi Peterson (Manniva k\u00fclavanem) Telefon: 53 422 632 E-mail: kairipeterson@hot.ee<\/p>\n","protected":false},"author":5,"featured_media":0,"parent":0,"menu_order":0,"comment_status":"closed","ping_status":"closed","template":"","meta":{"footnotes":""},"class_list":["post-1103","page","type-page","status-publish","hentry"],"_links":{"self":[{"href":"https:\/\/sport.joelahtme.ee\/index.php?rest_route=\/wp\/v2\/pages\/1103","targetHints":{"allow":["GET"]}}],"collection":[{"href":"https:\/\/sport.joelahtme.ee\/index.php?rest_route=\/wp\/v2\/pages"}],"about":[{"href":"https:\/\/sport.joelahtme.ee\/index.php?rest_route=\/wp\/v2\/types\/page"}],"author":[{"embeddable":true,"href":"https:\/\/sport.joelahtme.ee\/index.php?rest_route=\/wp\/v2\/users\/5"}],"replies":[{"embeddable":true,"href":"https:\/\/sport.joelahtme.ee\/index.php?rest_route=%2Fwp%2Fv2%2Fcomments&post=1103"}],"version-history":[{"count":2,"href":"https:\/\/sport.joelahtme.ee\/index.php?rest_route=\/wp\/v2\/pages\/1103\/revisions"}],"predecessor-version":[{"id":1110,"href":"https:\/\/sport.joelahtme.ee\/index.php?rest_route=\/wp\/v2\/pages\/1103\/revisions\/1110"}],"wp:attachment":[{"href":"https:\/\/sport.joelahtme.ee\/index.php?rest_route=%2Fwp%2Fv2%2Fmedia&parent=1103"}],"curies":[{"name":"wp","href":"https:\/\/api.w.org\/{rel}","templated":true}]}}