{"id":11,"date":"2021-04-08T10:35:10","date_gmt":"2021-04-08T10:35:10","guid":{"rendered":"http:\/\/sport.joelahtme.ee\/?page_id=11"},"modified":"2021-06-08T13:43:12","modified_gmt":"2021-06-08T10:43:12","slug":"spordihooned","status":"publish","type":"page","link":"https:\/\/sport.joelahtme.ee\/?page_id=11","title":{"rendered":"Treeningpaigad"},"content":{"rendered":"<ul id=\"menu-treeningupaigad\" class=\"menu\"><li id=\"menu-item-458\" class=\"menu-item menu-item-type-post_type menu-item-object-page menu-item-458\"><a href=\"https:\/\/sport.joelahtme.ee\/?page_id=80\">Loo spordikeskus<\/a><\/li>\n<li id=\"menu-item-461\" class=\"menu-item menu-item-type-post_type menu-item-object-page menu-item-461\"><a href=\"https:\/\/sport.joelahtme.ee\/?page_id=84\">Loo ujula<\/a><\/li>\n<li id=\"menu-item-459\" class=\"menu-item menu-item-type-post_type menu-item-object-page menu-item-459\"><a href=\"https:\/\/sport.joelahtme.ee\/?page_id=172\">Loo staadion<\/a><\/li>\n<li id=\"menu-item-456\" class=\"menu-item menu-item-type-post_type menu-item-object-page menu-item-456\"><a href=\"https:\/\/sport.joelahtme.ee\/?page_id=164\">Loo kultuurikeskuse j\u00f5usaal<\/a><\/li>\n<li id=\"menu-item-460\" class=\"menu-item menu-item-type-post_type menu-item-object-page menu-item-460\"><a href=\"https:\/\/sport.joelahtme.ee\/?page_id=184\">Loo tennisev\u00e4ljak<\/a><\/li>\n<li id=\"menu-item-457\" class=\"menu-item menu-item-type-post_type menu-item-object-page menu-item-457\"><a href=\"https:\/\/sport.joelahtme.ee\/?page_id=176\">Loo skatepark<\/a><\/li>\n<li id=\"menu-item-462\" class=\"menu-item menu-item-type-post_type menu-item-object-page menu-item-462\"><a href=\"https:\/\/sport.joelahtme.ee\/?page_id=170\">Loo v\u00e4lij\u00f5usaal<\/a><\/li>\n<li id=\"menu-item-452\" class=\"menu-item menu-item-type-post_type menu-item-object-page menu-item-452\"><a href=\"https:\/\/sport.joelahtme.ee\/?page_id=82\">Kostivere kooli spordisaal<\/a><\/li>\n<li id=\"menu-item-454\" class=\"menu-item menu-item-type-post_type menu-item-object-page menu-item-454\"><a href=\"https:\/\/sport.joelahtme.ee\/?page_id=174\">Kostivere staadion<\/a><\/li>\n<li id=\"menu-item-451\" class=\"menu-item menu-item-type-post_type menu-item-object-page menu-item-451\"><a href=\"https:\/\/sport.joelahtme.ee\/?page_id=166\">Kostivere kooli j\u00f5usaal<\/a><\/li>\n<li id=\"menu-item-453\" class=\"menu-item menu-item-type-post_type menu-item-object-page menu-item-453\"><a href=\"https:\/\/sport.joelahtme.ee\/?page_id=188\">Kostivere pesapalliv\u00e4ljak<\/a><\/li>\n<li id=\"menu-item-455\" class=\"menu-item menu-item-type-post_type menu-item-object-page menu-item-455\"><a href=\"https:\/\/sport.joelahtme.ee\/?page_id=168\">Kostivere v\u00e4lij\u00f5usaal<\/a><\/li>\n<li id=\"menu-item-446\" class=\"menu-item menu-item-type-post_type menu-item-object-page menu-item-446\"><a href=\"https:\/\/sport.joelahtme.ee\/?page_id=178\">Iru k\u00fcla spordiv\u00e4ljak<\/a><\/li>\n<li id=\"menu-item-447\" class=\"menu-item menu-item-type-post_type menu-item-object-page menu-item-447\"><a href=\"https:\/\/sport.joelahtme.ee\/?page_id=186\">Iru tennisev\u00e4ljak<\/a><\/li>\n<li id=\"menu-item-449\" class=\"menu-item menu-item-type-post_type menu-item-object-page menu-item-449\"><a href=\"https:\/\/sport.joelahtme.ee\/?page_id=180\">J\u00f5el\u00e4htme rahvamaja spordiv\u00e4ljak<\/a><\/li>\n<li id=\"menu-item-448\" class=\"menu-item menu-item-type-post_type menu-item-object-page menu-item-448\"><a href=\"https:\/\/sport.joelahtme.ee\/?page_id=190\">J\u00f5el\u00e4htme golfiklubi \u2013 EGCC<\/a><\/li>\n<li id=\"menu-item-450\" class=\"menu-item menu-item-type-post_type menu-item-object-page menu-item-450\"><a href=\"https:\/\/sport.joelahtme.ee\/?page_id=192\">J\u00f5el\u00e4htme tehnikaspordiklubi<\/a><\/li>\n<li id=\"menu-item-550\" class=\"menu-item menu-item-type-post_type menu-item-object-page menu-item-550\"><a href=\"https:\/\/sport.joelahtme.ee\/?page_id=538\">Neeme rahvamaja saal<\/a><\/li>\n<li id=\"menu-item-464\" class=\"menu-item menu-item-type-post_type menu-item-object-page menu-item-464\"><a href=\"https:\/\/sport.joelahtme.ee\/?page_id=182\">Neeme jalgpalliv\u00e4ljak<\/a><\/li>\n<li id=\"menu-item-820\" class=\"menu-item menu-item-type-post_type menu-item-object-page menu-item-820\"><a href=\"https:\/\/sport.joelahtme.ee\/?page_id=817\">Uusk\u00fcla jalgpalliv\u00e4ljak<\/a><\/li>\n<li id=\"menu-item-821\" class=\"menu-item menu-item-type-post_type menu-item-object-page menu-item-821\"><a href=\"https:\/\/sport.joelahtme.ee\/?page_id=815\">Uusk\u00fcla k\u00fclaplats<\/a><\/li>\n<li id=\"menu-item-467\" class=\"menu-item menu-item-type-post_type menu-item-object-page menu-item-467\"><a href=\"https:\/\/sport.joelahtme.ee\/?page_id=194\">Rebala tallid<\/a><\/li>\n<li id=\"menu-item-465\" class=\"menu-item menu-item-type-post_type menu-item-object-page menu-item-465\"><a href=\"https:\/\/sport.joelahtme.ee\/?page_id=196\">Obi tall<\/a><\/li>\n<li id=\"menu-item-573\" class=\"menu-item menu-item-type-post_type menu-item-object-page menu-item-573\"><a href=\"https:\/\/sport.joelahtme.ee\/?page_id=570\">Discgolf<\/a><\/li>\n<li id=\"menu-item-578\" class=\"menu-item menu-item-type-post_type menu-item-object-page menu-item-578\"><a href=\"https:\/\/sport.joelahtme.ee\/?page_id=575\">Lauatennis<\/a><\/li>\n<li id=\"menu-item-463\" class=\"menu-item menu-item-type-post_type menu-item-object-page menu-item-463\"><a href=\"https:\/\/sport.joelahtme.ee\/?page_id=198\">Matkad ja ekskursioonid<\/a><\/li>\n<li id=\"menu-item-466\" class=\"menu-item menu-item-type-post_type menu-item-object-page menu-item-466\"><a href=\"https:\/\/sport.joelahtme.ee\/?page_id=200\">Puhkealad<\/a><\/li>\n<\/ul>\n","protected":false},"excerpt":{"rendered":"","protected":false},"author":1,"featured_media":429,"parent":0,"menu_order":0,"comment_status":"closed","ping_status":"closed","template":"","meta":{"footnotes":""},"class_list":["post-11","page","type-page","status-publish","has-post-thumbnail","hentry"],"_links":{"self":[{"href":"https:\/\/sport.joelahtme.ee\/index.php?rest_route=\/wp\/v2\/pages\/11","targetHints":{"allow":["GET"]}}],"collection":[{"href":"https:\/\/sport.joelahtme.ee\/index.php?rest_route=\/wp\/v2\/pages"}],"about":[{"href":"https:\/\/sport.joelahtme.ee\/index.php?rest_route=\/wp\/v2\/types\/page"}],"author":[{"embeddable":true,"href":"https:\/\/sport.joelahtme.ee\/index.php?rest_route=\/wp\/v2\/users\/1"}],"replies":[{"embeddable":true,"href":"https:\/\/sport.joelahtme.ee\/index.php?rest_route=%2Fwp%2Fv2%2Fcomments&post=11"}],"version-history":[{"count":5,"href":"https:\/\/sport.joelahtme.ee\/index.php?rest_route=\/wp\/v2\/pages\/11\/revisions"}],"predecessor-version":[{"id":770,"href":"https:\/\/sport.joelahtme.ee\/index.php?rest_route=\/wp\/v2\/pages\/11\/revisions\/770"}],"wp:featuredmedia":[{"embeddable":true,"href":"https:\/\/sport.joelahtme.ee\/index.php?rest_route=\/wp\/v2\/media\/429"}],"wp:attachment":[{"href":"https:\/\/sport.joelahtme.ee\/index.php?rest_route=%2Fwp%2Fv2%2Fmedia&parent=11"}],"curies":[{"name":"wp","href":"https:\/\/api.w.org\/{rel}","templated":true}]}}