{"id":1094,"date":"2023-01-11T15:22:20","date_gmt":"2023-01-11T13:22:20","guid":{"rendered":"https:\/\/sport.joelahtme.ee\/?page_id=1094"},"modified":"2023-01-11T15:42:34","modified_gmt":"2023-01-11T13:42:34","slug":"uuskula-korvpalliplats","status":"publish","type":"page","link":"https:\/\/sport.joelahtme.ee\/?page_id=1094","title":{"rendered":"Uusk\u00fcla korvpalliplats"},"content":{"rendered":"<p>M\u00f5\u00f5dud: 17x13m &#8211; jooned 3&#215;3 v\u00e4ljaku m\u00f5\u00f5tudes<\/p>\n<p>Uusk\u00fcla k\u00fclaplats<\/p>\n<p>Aadress: Maardu tee 102, Uusk\u00fcla<\/p>\n<p>Kontakt: T\u00f5nis Tuuder (Uusk\u00fcla k\u00fclavanem)<\/p>\n<p>Telefon: 516 1357<\/p>\n<p>E-mail: tonis.tuuder@estanc.ee<\/p>\n<p><img loading=\"lazy\" decoding=\"async\" class=\"alignnone size-medium wp-image-1095\" src=\"http:\/\/sport.joelahtme.ee\/wp-content\/uploads\/2023\/01\/Uuskula-korvpall-300x225.jpg\" alt=\"\" width=\"300\" height=\"225\" srcset=\"https:\/\/sport.joelahtme.ee\/wp-content\/uploads\/2023\/01\/Uuskula-korvpall-300x225.jpg 300w, https:\/\/sport.joelahtme.ee\/wp-content\/uploads\/2023\/01\/Uuskula-korvpall-1024x768.jpg 1024w, https:\/\/sport.joelahtme.ee\/wp-content\/uploads\/2023\/01\/Uuskula-korvpall-768x576.jpg 768w, https:\/\/sport.joelahtme.ee\/wp-content\/uploads\/2023\/01\/Uuskula-korvpall-1536x1152.jpg 1536w, https:\/\/sport.joelahtme.ee\/wp-content\/uploads\/2023\/01\/Uuskula-korvpall-2048x1536.jpg 2048w, https:\/\/sport.joelahtme.ee\/wp-content\/uploads\/2023\/01\/Uuskula-korvpall-825x620.jpg 825w, https:\/\/sport.joelahtme.ee\/wp-content\/uploads\/2023\/01\/Uuskula-korvpall-1333x1000.jpg 1333w, https:\/\/sport.joelahtme.ee\/wp-content\/uploads\/2023\/01\/Uuskula-korvpall-600x450.jpg 600w, https:\/\/sport.joelahtme.ee\/wp-content\/uploads\/2023\/01\/Uuskula-korvpall-400x300.jpg 400w\" sizes=\"auto, (max-width: 300px) 100vw, 300px\" \/><\/p>\n","protected":false},"excerpt":{"rendered":"<p>M\u00f5\u00f5dud: 17x13m &#8211; jooned 3&#215;3 v\u00e4ljaku m\u00f5\u00f5tudes Uusk\u00fcla k\u00fclaplats Aadress: Maardu tee 102, Uusk\u00fcla Kontakt: T\u00f5nis Tuuder (Uusk\u00fcla k\u00fclavanem) Telefon: 516 1357 E-mail: tonis.tuuder@estanc.ee<\/p>\n","protected":false},"author":5,"featured_media":0,"parent":0,"menu_order":0,"comment_status":"closed","ping_status":"closed","template":"","meta":{"footnotes":""},"class_list":["post-1094","page","type-page","status-publish","hentry"],"_links":{"self":[{"href":"https:\/\/sport.joelahtme.ee\/index.php?rest_route=\/wp\/v2\/pages\/1094","targetHints":{"allow":["GET"]}}],"collection":[{"href":"https:\/\/sport.joelahtme.ee\/index.php?rest_route=\/wp\/v2\/pages"}],"about":[{"href":"https:\/\/sport.joelahtme.ee\/index.php?rest_route=\/wp\/v2\/types\/page"}],"author":[{"embeddable":true,"href":"https:\/\/sport.joelahtme.ee\/index.php?rest_route=\/wp\/v2\/users\/5"}],"replies":[{"embeddable":true,"href":"https:\/\/sport.joelahtme.ee\/index.php?rest_route=%2Fwp%2Fv2%2Fcomments&post=1094"}],"version-history":[{"count":3,"href":"https:\/\/sport.joelahtme.ee\/index.php?rest_route=\/wp\/v2\/pages\/1094\/revisions"}],"predecessor-version":[{"id":1101,"href":"https:\/\/sport.joelahtme.ee\/index.php?rest_route=\/wp\/v2\/pages\/1094\/revisions\/1101"}],"wp:attachment":[{"href":"https:\/\/sport.joelahtme.ee\/index.php?rest_route=%2Fwp%2Fv2%2Fmedia&parent=1094"}],"curies":[{"name":"wp","href":"https:\/\/api.w.org\/{rel}","templated":true}]}}