{"id":1049,"date":"2022-09-26T10:25:18","date_gmt":"2022-09-26T07:25:18","guid":{"rendered":"http:\/\/sport.joelahtme.ee\/?page_id=1049"},"modified":"2022-09-26T10:25:18","modified_gmt":"2022-09-26T07:25:18","slug":"neeme-spordivaljak","status":"publish","type":"page","link":"https:\/\/sport.joelahtme.ee\/?page_id=1049","title":{"rendered":"Neeme spordiv\u00e4ljak"},"content":{"rendered":"<p><strong>Aadress:<\/strong> Neeme tee 4, Neeme k\u00fcla, J\u00f5el\u00e4htme vald, Harjumaa 74226<\/p>\n<p>&nbsp;<\/p>\n<p><a href=\"http:\/\/sport.joelahtme.ee\/wp-content\/uploads\/2022\/09\/2021.07.11-Neeme-pinks-9.jpg\"><img loading=\"lazy\" decoding=\"async\" class=\"alignnone size-medium wp-image-1045\" src=\"http:\/\/sport.joelahtme.ee\/wp-content\/uploads\/2022\/09\/2021.07.11-Neeme-pinks-9-300x200.jpg\" alt=\"\" width=\"300\" height=\"200\" srcset=\"https:\/\/sport.joelahtme.ee\/wp-content\/uploads\/2022\/09\/2021.07.11-Neeme-pinks-9-300x200.jpg 300w, https:\/\/sport.joelahtme.ee\/wp-content\/uploads\/2022\/09\/2021.07.11-Neeme-pinks-9-1024x683.jpg 1024w, https:\/\/sport.joelahtme.ee\/wp-content\/uploads\/2022\/09\/2021.07.11-Neeme-pinks-9-768x512.jpg 768w, https:\/\/sport.joelahtme.ee\/wp-content\/uploads\/2022\/09\/2021.07.11-Neeme-pinks-9-1536x1024.jpg 1536w, https:\/\/sport.joelahtme.ee\/wp-content\/uploads\/2022\/09\/2021.07.11-Neeme-pinks-9-825x550.jpg 825w, https:\/\/sport.joelahtme.ee\/wp-content\/uploads\/2022\/09\/2021.07.11-Neeme-pinks-9-1500x1000.jpg 1500w, https:\/\/sport.joelahtme.ee\/wp-content\/uploads\/2022\/09\/2021.07.11-Neeme-pinks-9-600x400.jpg 600w, https:\/\/sport.joelahtme.ee\/wp-content\/uploads\/2022\/09\/2021.07.11-Neeme-pinks-9-400x267.jpg 400w, https:\/\/sport.joelahtme.ee\/wp-content\/uploads\/2022\/09\/2021.07.11-Neeme-pinks-9.jpg 1600w\" sizes=\"auto, (max-width: 300px) 100vw, 300px\" \/><\/a> <a href=\"http:\/\/sport.joelahtme.ee\/wp-content\/uploads\/2022\/09\/2021.07.11-Neeme-korvpall11.jpg\"><img loading=\"lazy\" decoding=\"async\" class=\"alignnone size-medium wp-image-1044\" src=\"http:\/\/sport.joelahtme.ee\/wp-content\/uploads\/2022\/09\/2021.07.11-Neeme-korvpall11-300x200.jpg\" alt=\"\" width=\"300\" height=\"200\" srcset=\"https:\/\/sport.joelahtme.ee\/wp-content\/uploads\/2022\/09\/2021.07.11-Neeme-korvpall11-300x200.jpg 300w, https:\/\/sport.joelahtme.ee\/wp-content\/uploads\/2022\/09\/2021.07.11-Neeme-korvpall11-1024x683.jpg 1024w, https:\/\/sport.joelahtme.ee\/wp-content\/uploads\/2022\/09\/2021.07.11-Neeme-korvpall11-768x512.jpg 768w, https:\/\/sport.joelahtme.ee\/wp-content\/uploads\/2022\/09\/2021.07.11-Neeme-korvpall11-1536x1024.jpg 1536w, https:\/\/sport.joelahtme.ee\/wp-content\/uploads\/2022\/09\/2021.07.11-Neeme-korvpall11-825x550.jpg 825w, https:\/\/sport.joelahtme.ee\/wp-content\/uploads\/2022\/09\/2021.07.11-Neeme-korvpall11-1500x1000.jpg 1500w, https:\/\/sport.joelahtme.ee\/wp-content\/uploads\/2022\/09\/2021.07.11-Neeme-korvpall11-600x400.jpg 600w, https:\/\/sport.joelahtme.ee\/wp-content\/uploads\/2022\/09\/2021.07.11-Neeme-korvpall11-400x267.jpg 400w, https:\/\/sport.joelahtme.ee\/wp-content\/uploads\/2022\/09\/2021.07.11-Neeme-korvpall11.jpg 1600w\" sizes=\"auto, (max-width: 300px) 100vw, 300px\" \/><\/a> <a href=\"http:\/\/sport.joelahtme.ee\/wp-content\/uploads\/2022\/09\/2021.07.11-Neeme-vorkpall-7.jpg\"><img loading=\"lazy\" decoding=\"async\" class=\"alignnone size-medium wp-image-1042\" src=\"http:\/\/sport.joelahtme.ee\/wp-content\/uploads\/2022\/09\/2021.07.11-Neeme-vorkpall-7-300x200.jpg\" alt=\"\" width=\"300\" height=\"200\" srcset=\"https:\/\/sport.joelahtme.ee\/wp-content\/uploads\/2022\/09\/2021.07.11-Neeme-vorkpall-7-300x200.jpg 300w, https:\/\/sport.joelahtme.ee\/wp-content\/uploads\/2022\/09\/2021.07.11-Neeme-vorkpall-7-1024x683.jpg 1024w, https:\/\/sport.joelahtme.ee\/wp-content\/uploads\/2022\/09\/2021.07.11-Neeme-vorkpall-7-768x512.jpg 768w, https:\/\/sport.joelahtme.ee\/wp-content\/uploads\/2022\/09\/2021.07.11-Neeme-vorkpall-7-1536x1024.jpg 1536w, https:\/\/sport.joelahtme.ee\/wp-content\/uploads\/2022\/09\/2021.07.11-Neeme-vorkpall-7-825x550.jpg 825w, https:\/\/sport.joelahtme.ee\/wp-content\/uploads\/2022\/09\/2021.07.11-Neeme-vorkpall-7-1500x1000.jpg 1500w, https:\/\/sport.joelahtme.ee\/wp-content\/uploads\/2022\/09\/2021.07.11-Neeme-vorkpall-7-600x400.jpg 600w, https:\/\/sport.joelahtme.ee\/wp-content\/uploads\/2022\/09\/2021.07.11-Neeme-vorkpall-7-400x267.jpg 400w, https:\/\/sport.joelahtme.ee\/wp-content\/uploads\/2022\/09\/2021.07.11-Neeme-vorkpall-7.jpg 1600w\" sizes=\"auto, (max-width: 300px) 100vw, 300px\" \/><\/a><\/p>\n<p><em>Fotod: T\u00f5nis Tuuder<\/em><\/p>\n","protected":false},"excerpt":{"rendered":"<p>Aadress: Neeme tee 4, Neeme k\u00fcla, J\u00f5el\u00e4htme vald, Harjumaa 74226 &nbsp; Fotod: T\u00f5nis Tuuder<\/p>\n","protected":false},"author":1,"featured_media":0,"parent":0,"menu_order":0,"comment_status":"closed","ping_status":"closed","template":"","meta":{"footnotes":""},"class_list":["post-1049","page","type-page","status-publish","hentry"],"_links":{"self":[{"href":"https:\/\/sport.joelahtme.ee\/index.php?rest_route=\/wp\/v2\/pages\/1049","targetHints":{"allow":["GET"]}}],"collection":[{"href":"https:\/\/sport.joelahtme.ee\/index.php?rest_route=\/wp\/v2\/pages"}],"about":[{"href":"https:\/\/sport.joelahtme.ee\/index.php?rest_route=\/wp\/v2\/types\/page"}],"author":[{"embeddable":true,"href":"https:\/\/sport.joelahtme.ee\/index.php?rest_route=\/wp\/v2\/users\/1"}],"replies":[{"embeddable":true,"href":"https:\/\/sport.joelahtme.ee\/index.php?rest_route=%2Fwp%2Fv2%2Fcomments&post=1049"}],"version-history":[{"count":1,"href":"https:\/\/sport.joelahtme.ee\/index.php?rest_route=\/wp\/v2\/pages\/1049\/revisions"}],"predecessor-version":[{"id":1050,"href":"https:\/\/sport.joelahtme.ee\/index.php?rest_route=\/wp\/v2\/pages\/1049\/revisions\/1050"}],"wp:attachment":[{"href":"https:\/\/sport.joelahtme.ee\/index.php?rest_route=%2Fwp%2Fv2%2Fmedia&parent=1049"}],"curies":[{"name":"wp","href":"https:\/\/api.w.org\/{rel}","templated":true}]}}